{"id":4819,"date":"2024-05-09T16:11:59","date_gmt":"2024-05-09T22:11:59","guid":{"rendered":"https:\/\/libreriahistoriasdebolsillo.com\/?post_type=product&#038;p=4819"},"modified":"2024-06-11T16:24:07","modified_gmt":"2024-06-11T22:24:07","slug":"will-grayson-will-grayson","status":"publish","type":"product","link":"https:\/\/libreriahistoriasdebolsillo.com\/index.php\/producto\/will-grayson-will-grayson\/","title":{"rendered":"Will Grayson, Will Grayson"},"content":{"rendered":"<p><b>Dos chicos, dos vidas, un nombre. Dos autores, dos personajes, un gran libro.<\/b><\/p>\n<p><b><i>The New York Times<\/i>\u00a0bestseller. Novela ganadora del Premio Stonewall para Literatura Infantil y Juvenil.<\/b><\/p>\n<p><b>Divertid\u00edsima, conmovedora y profundamente perspicaz, la novela de John Green, autor de\u00a0<i>Bajo la misma estrella<\/i>, y David Levithan reflexiona sobre la amistad y la identidad con todo el humor y la emoci\u00f3n propios de dos maestros del g\u00e9nero.<\/b><\/p>\n<p><b>Dos adolescentes con el mismo nombre, en c\u00edrculos sociales distintos, encontrar\u00e1n la culminaci\u00f3n de sus vidas entrelazadas en el m\u00e1s fabuloso musical a punto de estrenarse en el escenario de su escuela&#8230;<\/b><\/p>\n<p><b>Will Grayson\u00a0<\/b>solo tiene un objetivo en la vida: vivir tranquilo, sin que nadie se fije en \u00e9l. El problema es su mejor amigo:\u00a0<b>Tiny Cooper<\/b>, al que se puede describir como \u00abla persona m\u00e1s enorme del mundo y muy, muy gay\u00bb, o bien \u00abla persona m\u00e1s gay del mundo y muy, muy enorme\u00bb. Tiny no es alguien que pase desapercibido, y cuando decide crear un musical autobiogr\u00e1fico y la gente del instituto empieza a prestarle atenci\u00f3n a \u00e9l y a los que est\u00e1n alrededor, las cosas se ponen muy complicadas para Will&#8230;<\/p>\n<p><b>Will grayson<\/b>, en cambio, es un chico sin nada bueno a lo que agarrarse. La \u00fanica excepci\u00f3n, lo que realmente hace que la vida merezca la pena, es su relaci\u00f3n online con Isaac. Pero cuando will grayson consigue por fin conocer a Isaac, descubre que en realidad Isaac no es un chico sino\u00a0<b>Maura<\/b>, una compa\u00f1era de clase&#8230;<\/p>\n<p>Una fr\u00eda noche de invierno, Will Grayson y Will grayson se cruzar\u00e1n en una esquina cualquiera de Chicago. Y lo que pasar\u00e1 cuando se encuentren los llevar\u00e1 en direcciones que nunca hubieran imaginado, pero sobre todo hacia la amistad, el amor y, por supuesto, hacia el musical autobiogr\u00e1fico m\u00e1s fabuloso jam\u00e1s representado en un instituto.<\/p>\n","protected":false},"excerpt":{"rendered":"<p>John Green y David Levithan<\/p>\n","protected":false},"featured_media":4820,"template":"","meta":{"_joinchat":[]},"product_brand":[],"product_cat":[52,38,51],"product_tag":[34],"class_list":{"0":"post-4819","1":"product","2":"type-product","3":"status-publish","4":"has-post-thumbnail","6":"product_cat-juvenil","7":"product_cat-lgbtq","8":"product_cat-oferta","9":"product_tag-penguin-random-house","11":"first","12":"outofstock","13":"sale","14":"shipping-taxable","15":"purchasable","16":"product-type-simple"},"_links":{"self":[{"href":"https:\/\/libreriahistoriasdebolsillo.com\/index.php\/wp-json\/wp\/v2\/product\/4819","targetHints":{"allow":["GET"]}}],"collection":[{"href":"https:\/\/libreriahistoriasdebolsillo.com\/index.php\/wp-json\/wp\/v2\/product"}],"about":[{"href":"https:\/\/libreriahistoriasdebolsillo.com\/index.php\/wp-json\/wp\/v2\/types\/product"}],"wp:featuredmedia":[{"embeddable":true,"href":"https:\/\/libreriahistoriasdebolsillo.com\/index.php\/wp-json\/wp\/v2\/media\/4820"}],"wp:attachment":[{"href":"https:\/\/libreriahistoriasdebolsillo.com\/index.php\/wp-json\/wp\/v2\/media?parent=4819"}],"wp:term":[{"taxonomy":"product_brand","embeddable":true,"href":"https:\/\/libreriahistoriasdebolsillo.com\/index.php\/wp-json\/wp\/v2\/product_brand?post=4819"},{"taxonomy":"product_cat","embeddable":true,"href":"https:\/\/libreriahistoriasdebolsillo.com\/index.php\/wp-json\/wp\/v2\/product_cat?post=4819"},{"taxonomy":"product_tag","embeddable":true,"href":"https:\/\/libreriahistoriasdebolsillo.com\/index.php\/wp-json\/wp\/v2\/product_tag?post=4819"}],"curies":[{"name":"wp","href":"https:\/\/api.w.org\/{rel}","templated":true}]}}