{"id":4825,"date":"2024-05-09T16:21:56","date_gmt":"2024-05-09T22:21:56","guid":{"rendered":"https:\/\/libreriahistoriasdebolsillo.com\/?post_type=product&#038;p=4825"},"modified":"2026-03-10T15:34:00","modified_gmt":"2026-03-10T21:34:00","slug":"no-te-enamores-1-no-te-enamores-de-nika","status":"publish","type":"product","link":"https:\/\/libreriahistoriasdebolsillo.com\/index.php\/producto\/no-te-enamores-1-no-te-enamores-de-nika\/","title":{"rendered":"No te enamores 1. No te enamores de Nika"},"content":{"rendered":"<p><b>El primer libro de la bilog\u00eda de amor y drama m\u00e1s popular de Wattpad:<\/b><i><b>\u00a0No te enamores de Nika<\/b><\/i><b>,<\/b>\u00a0<b>de Meera Kean. Prep\u00e1rate para conocer a Nika Bakker.<\/b><\/p>\n<p><i>Un<\/i>\u00a0<i>enemies<\/i>\u00a0<i>to<\/i>\u00a0<i>lovers lleno de misterio y romance que no podr\u00e1s dejar de leer.<\/i><\/p>\n<p><b>No te f\u00edes de Nika.<\/b><\/p>\n<p><b>No le mires a los ojos.<\/b><\/p>\n<p><b>Y, sobre todo, no te enamores de \u00e9l.<\/b><\/p>\n<p>Mia sue\u00f1a con dejar atr\u00e1s el pueblo de Soleil y, en el \u00faltimo a\u00f1o de instituto, decide tomar las riendas de su futuro. Pero justo entonces la familia Bakker se muda a la mansi\u00f3n vecina y el enigm\u00e1tico Nika irrumpe en su vida. Mia cree que puede planificar su destino, calcular cada uno de los pasos que da e incluso escoger de qui\u00e9n se enamora, pero Nika est\u00e1 decidido a demostrarle que se equivoca y a convertirse en el idiota que poco a poco le robar\u00e1 el coraz\u00f3n.<\/p>\n<p>Sin embargo, enamorarse de \u00e9l acarrea consecuencias que Mia nunca habr\u00eda sido capaz de prever. Nika vive en un halo de misterio y esconde secretos que pueden cambiarlo todo en un abrir y cerrar de ojos.<\/p>\n","protected":false},"excerpt":{"rendered":"<p>Meera Kean<\/p>\n","protected":false},"featured_media":4826,"template":"","meta":{"_joinchat":[]},"product_brand":[],"product_cat":[52,51],"product_tag":[34,57],"class_list":{"0":"post-4825","1":"product","2":"type-product","3":"status-publish","4":"has-post-thumbnail","6":"product_cat-juvenil","7":"product_cat-oferta","8":"product_tag-penguin-random-house","9":"product_tag-wattpad","11":"first","12":"outofstock","13":"sale","14":"shipping-taxable","15":"purchasable","16":"product-type-simple"},"_links":{"self":[{"href":"https:\/\/libreriahistoriasdebolsillo.com\/index.php\/wp-json\/wp\/v2\/product\/4825","targetHints":{"allow":["GET"]}}],"collection":[{"href":"https:\/\/libreriahistoriasdebolsillo.com\/index.php\/wp-json\/wp\/v2\/product"}],"about":[{"href":"https:\/\/libreriahistoriasdebolsillo.com\/index.php\/wp-json\/wp\/v2\/types\/product"}],"wp:featuredmedia":[{"embeddable":true,"href":"https:\/\/libreriahistoriasdebolsillo.com\/index.php\/wp-json\/wp\/v2\/media\/4826"}],"wp:attachment":[{"href":"https:\/\/libreriahistoriasdebolsillo.com\/index.php\/wp-json\/wp\/v2\/media?parent=4825"}],"wp:term":[{"taxonomy":"product_brand","embeddable":true,"href":"https:\/\/libreriahistoriasdebolsillo.com\/index.php\/wp-json\/wp\/v2\/product_brand?post=4825"},{"taxonomy":"product_cat","embeddable":true,"href":"https:\/\/libreriahistoriasdebolsillo.com\/index.php\/wp-json\/wp\/v2\/product_cat?post=4825"},{"taxonomy":"product_tag","embeddable":true,"href":"https:\/\/libreriahistoriasdebolsillo.com\/index.php\/wp-json\/wp\/v2\/product_tag?post=4825"}],"curies":[{"name":"wp","href":"https:\/\/api.w.org\/{rel}","templated":true}]}}