{"id":4827,"date":"2024-05-09T16:24:08","date_gmt":"2024-05-09T22:24:08","guid":{"rendered":"https:\/\/libreriahistoriasdebolsillo.com\/?post_type=product&#038;p=4827"},"modified":"2026-03-10T15:31:21","modified_gmt":"2026-03-10T21:31:21","slug":"no-te-enamores-2-no-te-enamores-de-mia","status":"publish","type":"product","link":"https:\/\/libreriahistoriasdebolsillo.com\/index.php\/producto\/no-te-enamores-2-no-te-enamores-de-mia\/","title":{"rendered":"No te enamores 2. No te enamores de Mia"},"content":{"rendered":"<p><b>Toda historia tiene dos versiones.<\/b>\u00a0<b>Ya conoces la de Mia. \u00bfTe atreves a conocer la de Nika?<\/b><\/p>\n<p><b>La conclusi\u00f3n de la bilog\u00eda de amor y drama m\u00e1s popular de Wattpad:<\/b>\u00a0<i><b>No te enamores,<\/b><\/i>\u00a0<b>de Meera Kean.<\/b><\/p>\n<p><b>Siempre lo supo.<\/b><\/p>\n<p><b>Desde el primer d\u00eda.<\/b><\/p>\n<p><b>Y aunque no deb\u00eda, se enamor\u00f3 de Mia.<\/b><\/p>\n<p>La vida de Nika ha sido un infierno desde que tiene uso de raz\u00f3n. Cuando llega a Soleil huyendo de sus demonios, no espera nada de aquel pueblucho en medio de la nada. Y, sin embargo, all\u00ed conoce a la persona que le cambiar\u00e1 la vida.<\/p>\n<p>Dividido entre el amor, la lujuria y el terror a sucumbir a su lado m\u00e1s oscuro, Nika debe decidir si puede llegar a ser lo bastante bueno para Mia, para amarla y cuidarla, o si debe alejarse de ella para siempre antes de hacerle da\u00f1o.<\/p>\n<p>Y es que, cuando el pasado vuelva a llamar a su puerta, todo cambiar\u00e1 para siempre.<\/p>\n<p><i>Toda historia tiene dos caras.<\/i><\/p>\n<p><i>Ya conoces la de Mia.<\/i><\/p>\n<p><i>\u00bfTe atreves a conocer la Nika?<\/i><\/p>\n","protected":false},"excerpt":{"rendered":"<p>Meera Kean<\/p>\n","protected":false},"featured_media":4828,"template":"","meta":{"_joinchat":[]},"product_brand":[],"product_cat":[52,51],"product_tag":[34,57],"class_list":{"0":"post-4827","1":"product","2":"type-product","3":"status-publish","4":"has-post-thumbnail","6":"product_cat-juvenil","7":"product_cat-oferta","8":"product_tag-penguin-random-house","9":"product_tag-wattpad","11":"first","12":"outofstock","13":"sale","14":"shipping-taxable","15":"purchasable","16":"product-type-simple"},"_links":{"self":[{"href":"https:\/\/libreriahistoriasdebolsillo.com\/index.php\/wp-json\/wp\/v2\/product\/4827","targetHints":{"allow":["GET"]}}],"collection":[{"href":"https:\/\/libreriahistoriasdebolsillo.com\/index.php\/wp-json\/wp\/v2\/product"}],"about":[{"href":"https:\/\/libreriahistoriasdebolsillo.com\/index.php\/wp-json\/wp\/v2\/types\/product"}],"wp:featuredmedia":[{"embeddable":true,"href":"https:\/\/libreriahistoriasdebolsillo.com\/index.php\/wp-json\/wp\/v2\/media\/4828"}],"wp:attachment":[{"href":"https:\/\/libreriahistoriasdebolsillo.com\/index.php\/wp-json\/wp\/v2\/media?parent=4827"}],"wp:term":[{"taxonomy":"product_brand","embeddable":true,"href":"https:\/\/libreriahistoriasdebolsillo.com\/index.php\/wp-json\/wp\/v2\/product_brand?post=4827"},{"taxonomy":"product_cat","embeddable":true,"href":"https:\/\/libreriahistoriasdebolsillo.com\/index.php\/wp-json\/wp\/v2\/product_cat?post=4827"},{"taxonomy":"product_tag","embeddable":true,"href":"https:\/\/libreriahistoriasdebolsillo.com\/index.php\/wp-json\/wp\/v2\/product_tag?post=4827"}],"curies":[{"name":"wp","href":"https:\/\/api.w.org\/{rel}","templated":true}]}}