{"id":4829,"date":"2024-05-09T16:26:22","date_gmt":"2024-05-09T22:26:22","guid":{"rendered":"https:\/\/libreriahistoriasdebolsillo.com\/?post_type=product&#038;p=4829"},"modified":"2024-06-11T16:21:26","modified_gmt":"2024-06-11T22:21:26","slug":"lo-que-no-sabe-medea","status":"publish","type":"product","link":"https:\/\/libreriahistoriasdebolsillo.com\/index.php\/producto\/lo-que-no-sabe-medea\/","title":{"rendered":"Lo que no sabe medea"},"content":{"rendered":"<p><b>Ignacio Padilla trabaj\u00f3 por m\u00e1s de veinte a\u00f1os en la realizaci\u00f3n de esta novela. Finalmente, llega al encuentro de sus lectores de manera p\u00f3stuma, como una prueba m\u00e1s y definitiva del talento minucioso y total de su autor.<\/b><\/p>\n<p>El primero de\u00a0<b>mayo de 1945<\/b>,\u00a0<b>Joseph Goebbels<\/b>, ministro de propaganda del\u00a0<b>Tercer Reich<\/b>, y su esposa,\u00a0<b>Magda Goebbels<\/b>, se suicidan en un b\u00fanker subterr\u00e1neo en el coraz\u00f3n de Berl\u00edn. Antes de quitarse la vida, Magda mata a sus seis hijos \u2014cinco ni\u00f1as y un ni\u00f1o de entre cinco y trece a\u00f1os\u2014 haci\u00e9ndoles ingerir c\u00e1psulas de cianuro para as\u00ed salvarlos, piensa, del\u00a0<b>horror de la posguerra<\/b>.<\/p>\n<p>Con el tiempo, surgen teor\u00edas que se\u00f1alan que alguno o varios de los\u00a0<b>ni\u00f1os Goebbels<\/b>\u00a0pudieron haber escapado del b\u00fanker. El teniente\u00a0<b>Harald<\/b>\u00a0<b>Quandt,<\/b>\u00a0hijo del primer esposo de\u00a0<b>Magda Goebbels<\/b>, se entrega a perseguir estos rumores fantasmales alentado por una esperanza turbulenta. Para \u00e9l, la supervivencia de alguno de esos ni\u00f1os, ahora adultos, representa una m\u00ednima posibilidad de redenci\u00f3n para una humanidad arrasada por la verg\u00fcenza y la barbarie. As\u00ed, se consagra a rastrear o reconstruir las vidas de cuatro hijos perdidos del Reich.<\/p>\n","protected":false},"excerpt":{"rendered":"<p>Ignacio Padilla<\/p>\n","protected":false},"featured_media":4830,"template":"","meta":{"_joinchat":[]},"product_brand":[],"product_cat":[33,51],"product_tag":[34],"class_list":{"0":"post-4829","1":"product","2":"type-product","3":"status-publish","4":"has-post-thumbnail","6":"product_cat-ficcion-general","7":"product_cat-oferta","8":"product_tag-penguin-random-house","10":"first","11":"outofstock","12":"sale","13":"shipping-taxable","14":"purchasable","15":"product-type-simple"},"_links":{"self":[{"href":"https:\/\/libreriahistoriasdebolsillo.com\/index.php\/wp-json\/wp\/v2\/product\/4829","targetHints":{"allow":["GET"]}}],"collection":[{"href":"https:\/\/libreriahistoriasdebolsillo.com\/index.php\/wp-json\/wp\/v2\/product"}],"about":[{"href":"https:\/\/libreriahistoriasdebolsillo.com\/index.php\/wp-json\/wp\/v2\/types\/product"}],"wp:featuredmedia":[{"embeddable":true,"href":"https:\/\/libreriahistoriasdebolsillo.com\/index.php\/wp-json\/wp\/v2\/media\/4830"}],"wp:attachment":[{"href":"https:\/\/libreriahistoriasdebolsillo.com\/index.php\/wp-json\/wp\/v2\/media?parent=4829"}],"wp:term":[{"taxonomy":"product_brand","embeddable":true,"href":"https:\/\/libreriahistoriasdebolsillo.com\/index.php\/wp-json\/wp\/v2\/product_brand?post=4829"},{"taxonomy":"product_cat","embeddable":true,"href":"https:\/\/libreriahistoriasdebolsillo.com\/index.php\/wp-json\/wp\/v2\/product_cat?post=4829"},{"taxonomy":"product_tag","embeddable":true,"href":"https:\/\/libreriahistoriasdebolsillo.com\/index.php\/wp-json\/wp\/v2\/product_tag?post=4829"}],"curies":[{"name":"wp","href":"https:\/\/api.w.org\/{rel}","templated":true}]}}