{"id":4831,"date":"2024-05-09T16:28:47","date_gmt":"2024-05-09T22:28:47","guid":{"rendered":"https:\/\/libreriahistoriasdebolsillo.com\/?post_type=product&#038;p=4831"},"modified":"2024-06-11T16:21:09","modified_gmt":"2024-06-11T22:21:09","slug":"tu-no-mataras","status":"publish","type":"product","link":"https:\/\/libreriahistoriasdebolsillo.com\/index.php\/producto\/tu-no-mataras\/","title":{"rendered":"T\u00fa no matar\u00e1s"},"content":{"rendered":"<p><b>\u00abNo matar\u00e1s, hijo, t\u00fa no matar\u00e1s. Porque ning\u00fan hombre vuelve a ser el mismo despu\u00e9s de haber quitado la vida a otro hombre.\u00bb<\/b><\/p>\n<p><b>Todos huimos de nuestro pasado.<\/b><\/p>\n<p><b>Algunos encuentran su futuro.<\/b><\/p>\n<p>Fernando, joven\u00a0<b>editor\u00a0<\/b>hijo de un republicano represaliado, decide huir de una Espa\u00f1a abatida por la\u00a0<b>Guerra Civil<\/b>\u00a0junto a sus amigos Catalina y Eulogio. Los tres son\u00a0<b>esclavos de sus silencios<\/b>, de los secretos que los acompa\u00f1an y que los empujan sin remedio a vivir en tierra extra\u00f1a, lejos de los suyos.<\/p>\n<p>Una historia absorbente que nos habla sobre la culpa, la venganza, el peso de la conciencia y los\u00a0<b>fantasmas\u00a0<\/b>que nos persiguen y condicionan nuestras decisiones.<\/p>\n","protected":false},"excerpt":{"rendered":"<p>Julia Navarro<\/p>\n","protected":false},"featured_media":4832,"template":"","meta":{"_joinchat":[]},"product_brand":[],"product_cat":[33,56,51],"product_tag":[34],"class_list":{"0":"post-4831","1":"product","2":"type-product","3":"status-publish","4":"has-post-thumbnail","6":"product_cat-ficcion-general","7":"product_cat-historica","8":"product_cat-oferta","9":"product_tag-penguin-random-house","11":"first","12":"outofstock","13":"sale","14":"shipping-taxable","15":"purchasable","16":"product-type-simple"},"_links":{"self":[{"href":"https:\/\/libreriahistoriasdebolsillo.com\/index.php\/wp-json\/wp\/v2\/product\/4831","targetHints":{"allow":["GET"]}}],"collection":[{"href":"https:\/\/libreriahistoriasdebolsillo.com\/index.php\/wp-json\/wp\/v2\/product"}],"about":[{"href":"https:\/\/libreriahistoriasdebolsillo.com\/index.php\/wp-json\/wp\/v2\/types\/product"}],"wp:featuredmedia":[{"embeddable":true,"href":"https:\/\/libreriahistoriasdebolsillo.com\/index.php\/wp-json\/wp\/v2\/media\/4832"}],"wp:attachment":[{"href":"https:\/\/libreriahistoriasdebolsillo.com\/index.php\/wp-json\/wp\/v2\/media?parent=4831"}],"wp:term":[{"taxonomy":"product_brand","embeddable":true,"href":"https:\/\/libreriahistoriasdebolsillo.com\/index.php\/wp-json\/wp\/v2\/product_brand?post=4831"},{"taxonomy":"product_cat","embeddable":true,"href":"https:\/\/libreriahistoriasdebolsillo.com\/index.php\/wp-json\/wp\/v2\/product_cat?post=4831"},{"taxonomy":"product_tag","embeddable":true,"href":"https:\/\/libreriahistoriasdebolsillo.com\/index.php\/wp-json\/wp\/v2\/product_tag?post=4831"}],"curies":[{"name":"wp","href":"https:\/\/api.w.org\/{rel}","templated":true}]}}