{"id":4833,"date":"2024-05-09T16:31:48","date_gmt":"2024-05-09T22:31:48","guid":{"rendered":"https:\/\/libreriahistoriasdebolsillo.com\/?post_type=product&#038;p=4833"},"modified":"2024-05-31T12:46:37","modified_gmt":"2024-05-31T18:46:37","slug":"la-felicidad-en-el-trabajo-organiza-tu-vida-profesional","status":"publish","type":"product","link":"https:\/\/libreriahistoriasdebolsillo.com\/index.php\/producto\/la-felicidad-en-el-trabajo-organiza-tu-vida-profesional\/","title":{"rendered":"La felicidad en el trabajo. Organiza tu vida profesional"},"content":{"rendered":"<p><b>TU LUGAR DE TRABAJO ES M\u00c1S IMPORTANTE QUE NUNCA.<\/b><\/p>\n<p><b>APRENDE CON MARIE KONDO A SACARLE EL M\u00c1XIMO PARTIDO Y MEJORAR TU VIDA.<\/b><\/p>\n<p>El puesto de trabajo es un im\u00e1n para el desorden y el caos. \u00bfQui\u00e9n no se ha sentido agotado por reuniones improductivas, papeles revueltos, interminables correos electr\u00f3nicos y tareas innecesarias? Todo esto consume tu motivaci\u00f3n, limita tus posibilidades de progreso y socava tubienestar.<\/p>\n<p><i>La felicidad en el trabajo<\/i>\u00a0aplica el famoso m\u00e9todo KonMari al espacio donde ejerces tu actividad laboral. Ofrece historias, consejos pr\u00e1cticos y estrategias para eliminar el desorden en el lugar donde trabajas y disfrutar de la productividad, el \u00e9xito y la felicidad que conllevan un entorno laboral y una mente ordenados. Los autores<\/p>\n<p>te gu\u00edan mientras organizas tu vida laboral, ayud\u00e1ndote a desarrollar la confianza, a aumentar el \u00e9xito profesional y, por supuesto, a generar alegr\u00eda.<\/p>\n","protected":false},"excerpt":{"rendered":"<p>Marie Kondo y Scott Sonenshein<\/p>\n","protected":false},"featured_media":4834,"template":"","meta":{"_joinchat":[]},"product_brand":[],"product_cat":[58,51],"product_tag":[34],"class_list":{"0":"post-4833","1":"product","2":"type-product","3":"status-publish","4":"has-post-thumbnail","6":"product_cat-desarrollo-humano-y-superacion","7":"product_cat-oferta","8":"product_tag-penguin-random-house","10":"first","11":"outofstock","12":"shipping-taxable","13":"purchasable","14":"product-type-simple"},"_links":{"self":[{"href":"https:\/\/libreriahistoriasdebolsillo.com\/index.php\/wp-json\/wp\/v2\/product\/4833","targetHints":{"allow":["GET"]}}],"collection":[{"href":"https:\/\/libreriahistoriasdebolsillo.com\/index.php\/wp-json\/wp\/v2\/product"}],"about":[{"href":"https:\/\/libreriahistoriasdebolsillo.com\/index.php\/wp-json\/wp\/v2\/types\/product"}],"wp:featuredmedia":[{"embeddable":true,"href":"https:\/\/libreriahistoriasdebolsillo.com\/index.php\/wp-json\/wp\/v2\/media\/4834"}],"wp:attachment":[{"href":"https:\/\/libreriahistoriasdebolsillo.com\/index.php\/wp-json\/wp\/v2\/media?parent=4833"}],"wp:term":[{"taxonomy":"product_brand","embeddable":true,"href":"https:\/\/libreriahistoriasdebolsillo.com\/index.php\/wp-json\/wp\/v2\/product_brand?post=4833"},{"taxonomy":"product_cat","embeddable":true,"href":"https:\/\/libreriahistoriasdebolsillo.com\/index.php\/wp-json\/wp\/v2\/product_cat?post=4833"},{"taxonomy":"product_tag","embeddable":true,"href":"https:\/\/libreriahistoriasdebolsillo.com\/index.php\/wp-json\/wp\/v2\/product_tag?post=4833"}],"curies":[{"name":"wp","href":"https:\/\/api.w.org\/{rel}","templated":true}]}}