{"id":4842,"date":"2024-05-10T14:22:25","date_gmt":"2024-05-10T20:22:25","guid":{"rendered":"https:\/\/libreriahistoriasdebolsillo.com\/?post_type=product&#038;p=4842"},"modified":"2025-01-28T17:53:58","modified_gmt":"2025-01-28T23:53:58","slug":"ana-de-las-tejas-verdes-1-pasta-dura","status":"publish","type":"product","link":"https:\/\/libreriahistoriasdebolsillo.com\/index.php\/producto\/ana-de-las-tejas-verdes-1-pasta-dura\/","title":{"rendered":"Ana de las tejas verdes 1 (Pasta dura)"},"content":{"rendered":"<p>Ana Shirley es una huerfana de once a\u00f1os que se ha aferrado con determinaci\u00f3n a su esp\u00edritu optimista<br \/>\ny su inmensa imaginaci\u00f3n para sortear las dificultades. La peque\u00f1a irrumpe en la vida de los hermanos Cuthbert, cuando reciben una ni\u00f1a en lugar del ni\u00f1o que hab\u00edan decidido adoptar para que los ayudara con las labores en la granja de Tejas Verdes. As\u00ed comienza una historia de transformaci\u00f3n para los tres; de hecho, toda la comunidad rural de Avonlea estar\u00e1 bajo la influencia de Ana de una manera u otra.<\/p>\n<p>La veremos crecer de una ni\u00f1a a una joven de diecis\u00e9is a\u00f1os, cometiendo errores y no siempre aprendiendo de ellos.<br \/>\nInteligente, impulsiva como su propia cabellera pelirroja, reacia a aceptar una verdad dicha hasta que la descubra por s\u00ed misma, tambi\u00e9n debe enfrentar el dolor y la p\u00e9rdida y el aprender el verdadero significado del amor. Parte Tom Saywer, parte Jane Eyre, Ana se ha convertido en la hero\u00edna de su propia historia y en un personaje literario entra\u00f1able que ha inspitado numerosas pel\u00edculas y recientemente la exitosa serie de streaming Annie With an E.<\/p>\n","protected":false},"excerpt":{"rendered":"<p>Lucy Maud Montgomery<\/p>\n","protected":false},"featured_media":4843,"template":"","meta":{"_joinchat":[]},"product_brand":[],"product_cat":[42,51],"product_tag":[47],"class_list":{"0":"post-4842","1":"product","2":"type-product","3":"status-publish","4":"has-post-thumbnail","6":"product_cat-literatura-clasica","7":"product_cat-oferta","8":"product_tag-editories-mexicanos-unidos","10":"first","11":"outofstock","12":"sale","13":"shipping-taxable","14":"purchasable","15":"product-type-simple"},"_links":{"self":[{"href":"https:\/\/libreriahistoriasdebolsillo.com\/index.php\/wp-json\/wp\/v2\/product\/4842","targetHints":{"allow":["GET"]}}],"collection":[{"href":"https:\/\/libreriahistoriasdebolsillo.com\/index.php\/wp-json\/wp\/v2\/product"}],"about":[{"href":"https:\/\/libreriahistoriasdebolsillo.com\/index.php\/wp-json\/wp\/v2\/types\/product"}],"wp:featuredmedia":[{"embeddable":true,"href":"https:\/\/libreriahistoriasdebolsillo.com\/index.php\/wp-json\/wp\/v2\/media\/4843"}],"wp:attachment":[{"href":"https:\/\/libreriahistoriasdebolsillo.com\/index.php\/wp-json\/wp\/v2\/media?parent=4842"}],"wp:term":[{"taxonomy":"product_brand","embeddable":true,"href":"https:\/\/libreriahistoriasdebolsillo.com\/index.php\/wp-json\/wp\/v2\/product_brand?post=4842"},{"taxonomy":"product_cat","embeddable":true,"href":"https:\/\/libreriahistoriasdebolsillo.com\/index.php\/wp-json\/wp\/v2\/product_cat?post=4842"},{"taxonomy":"product_tag","embeddable":true,"href":"https:\/\/libreriahistoriasdebolsillo.com\/index.php\/wp-json\/wp\/v2\/product_tag?post=4842"}],"curies":[{"name":"wp","href":"https:\/\/api.w.org\/{rel}","templated":true}]}}