{"id":4844,"date":"2024-05-10T14:25:31","date_gmt":"2024-05-10T20:25:31","guid":{"rendered":"https:\/\/libreriahistoriasdebolsillo.com\/?post_type=product&#038;p=4844"},"modified":"2024-08-14T17:35:32","modified_gmt":"2024-08-14T23:35:32","slug":"orgullo-y-prejuicio-pasta-dura","status":"publish","type":"product","link":"https:\/\/libreriahistoriasdebolsillo.com\/index.php\/producto\/orgullo-y-prejuicio-pasta-dura\/","title":{"rendered":"Orgullo y Prejuicio (Pasta dura)"},"content":{"rendered":"<p>Jane Austen, una de las autoras m\u00e1s reconocidas a nivel internacional, sin lugar a duda, fue una figura clave en el desarrollo de la novela rom\u00e1ntica inglesa, al dejar como legado piezas \u00fanicas que por siglos han cautivado a todos los lectores que se adentran en las intrincadas y bellas tramas de cada una de sus obras.<\/p>\n<p>De hecho, esta talentosa joven inglesa recibi\u00f3 una educaci\u00f3n privilegiada y superior a la que recib\u00edan las mujeres del g\u00e9nero femenino para lograr su posicionamiento. As\u00ed pues, en esta occasion se presenta al lector una bella edici\u00f3n \u00fanica e \u00edntegra de su m\u00e1s grande \u00e9xito;\u00a0<em>Orgullo y prejuicio<\/em>, que no s\u00f3lo ha sido traducida a muchos idiomas si no tambi\u00e9n ha sido adaptada a varios formatos como televisi\u00f3n, cine o teatro; con la finalidad de que el lector se sumerja en una lectura placentera y al mismo tiempo acompa\u00f1e este hermoso viaje con el trabajo de dos grandes ilustradores que crearon piezas \u00fanicas para este gran cl\u00e1sico literario:<\/p>\n<p>Hugh Thomson y C. E. Brook.<\/p>\n","protected":false},"excerpt":{"rendered":"<p>Jane Austen<\/p>\n","protected":false},"featured_media":4845,"template":"","meta":{"_joinchat":[]},"product_brand":[],"product_cat":[42,51],"product_tag":[47],"class_list":{"0":"post-4844","1":"product","2":"type-product","3":"status-publish","4":"has-post-thumbnail","6":"product_cat-literatura-clasica","7":"product_cat-oferta","8":"product_tag-editories-mexicanos-unidos","10":"first","11":"outofstock","12":"sale","13":"shipping-taxable","14":"purchasable","15":"product-type-simple"},"_links":{"self":[{"href":"https:\/\/libreriahistoriasdebolsillo.com\/index.php\/wp-json\/wp\/v2\/product\/4844","targetHints":{"allow":["GET"]}}],"collection":[{"href":"https:\/\/libreriahistoriasdebolsillo.com\/index.php\/wp-json\/wp\/v2\/product"}],"about":[{"href":"https:\/\/libreriahistoriasdebolsillo.com\/index.php\/wp-json\/wp\/v2\/types\/product"}],"wp:featuredmedia":[{"embeddable":true,"href":"https:\/\/libreriahistoriasdebolsillo.com\/index.php\/wp-json\/wp\/v2\/media\/4845"}],"wp:attachment":[{"href":"https:\/\/libreriahistoriasdebolsillo.com\/index.php\/wp-json\/wp\/v2\/media?parent=4844"}],"wp:term":[{"taxonomy":"product_brand","embeddable":true,"href":"https:\/\/libreriahistoriasdebolsillo.com\/index.php\/wp-json\/wp\/v2\/product_brand?post=4844"},{"taxonomy":"product_cat","embeddable":true,"href":"https:\/\/libreriahistoriasdebolsillo.com\/index.php\/wp-json\/wp\/v2\/product_cat?post=4844"},{"taxonomy":"product_tag","embeddable":true,"href":"https:\/\/libreriahistoriasdebolsillo.com\/index.php\/wp-json\/wp\/v2\/product_tag?post=4844"}],"curies":[{"name":"wp","href":"https:\/\/api.w.org\/{rel}","templated":true}]}}