{"id":4848,"date":"2024-05-10T14:31:46","date_gmt":"2024-05-10T20:31:46","guid":{"rendered":"https:\/\/libreriahistoriasdebolsillo.com\/?post_type=product&#038;p=4848"},"modified":"2024-11-11T17:57:06","modified_gmt":"2024-11-11T23:57:06","slug":"1984-pasta-dura","status":"publish","type":"product","link":"https:\/\/libreriahistoriasdebolsillo.com\/index.php\/producto\/1984-pasta-dura\/","title":{"rendered":"1984 (Pasta dura)"},"content":{"rendered":"<p>1984, de George Orwell, se ha convertido en un cl\u00e1sico porque en ella se advierten todos los males de nuestra sociedad actual, sobre todo en lo que respecta a la manipulaci\u00f3n de la informaci\u00f3n, la masiva, y la represi\u00f3n pol\u00edtica y social, propia de los reg\u00edmenes totalitarios. Considerada una novela pol\u00edtica de ficci\u00f3n dist\u00f3pica, en ella Orwell introdujo un t\u00e9rmino que hoy en d\u00eda ha servido para definir la actuaci\u00f3n del Estado en la sociedad: el \u0093Gran Hermano\u0094, el omnipresente guardi\u00e1n de una sociedad que debe permanecer debilitada y controlada en todo aspecto de su vida. Winston Smith, protagonista de esta obra imprescindible, es un pe\u00f3n al servicio de este engranaje perverso, su cometido es reescribir la historia para adaptarla a lo que el partido considera la versi\u00f3n oficial de los hechos hasta el d\u00eda en que despierta y decide replantearse la verdad del sistema que los gobierna y somete.<\/p>\n","protected":false},"excerpt":{"rendered":"<p>George Orwell<\/p>\n","protected":false},"featured_media":4849,"template":"","meta":{"_joinchat":[]},"product_brand":[],"product_cat":[42,51],"product_tag":[47],"class_list":{"0":"post-4848","1":"product","2":"type-product","3":"status-publish","4":"has-post-thumbnail","6":"product_cat-literatura-clasica","7":"product_cat-oferta","8":"product_tag-editories-mexicanos-unidos","10":"first","11":"outofstock","12":"shipping-taxable","13":"purchasable","14":"product-type-simple"},"_links":{"self":[{"href":"https:\/\/libreriahistoriasdebolsillo.com\/index.php\/wp-json\/wp\/v2\/product\/4848","targetHints":{"allow":["GET"]}}],"collection":[{"href":"https:\/\/libreriahistoriasdebolsillo.com\/index.php\/wp-json\/wp\/v2\/product"}],"about":[{"href":"https:\/\/libreriahistoriasdebolsillo.com\/index.php\/wp-json\/wp\/v2\/types\/product"}],"wp:featuredmedia":[{"embeddable":true,"href":"https:\/\/libreriahistoriasdebolsillo.com\/index.php\/wp-json\/wp\/v2\/media\/4849"}],"wp:attachment":[{"href":"https:\/\/libreriahistoriasdebolsillo.com\/index.php\/wp-json\/wp\/v2\/media?parent=4848"}],"wp:term":[{"taxonomy":"product_brand","embeddable":true,"href":"https:\/\/libreriahistoriasdebolsillo.com\/index.php\/wp-json\/wp\/v2\/product_brand?post=4848"},{"taxonomy":"product_cat","embeddable":true,"href":"https:\/\/libreriahistoriasdebolsillo.com\/index.php\/wp-json\/wp\/v2\/product_cat?post=4848"},{"taxonomy":"product_tag","embeddable":true,"href":"https:\/\/libreriahistoriasdebolsillo.com\/index.php\/wp-json\/wp\/v2\/product_tag?post=4848"}],"curies":[{"name":"wp","href":"https:\/\/api.w.org\/{rel}","templated":true}]}}