{"id":4850,"date":"2024-05-10T14:34:03","date_gmt":"2024-05-10T20:34:03","guid":{"rendered":"https:\/\/libreriahistoriasdebolsillo.com\/?post_type=product&#038;p=4850"},"modified":"2024-08-31T09:38:01","modified_gmt":"2024-08-31T15:38:01","slug":"el-arte-de-la-guerra-pasta-dura","status":"publish","type":"product","link":"https:\/\/libreriahistoriasdebolsillo.com\/index.php\/producto\/el-arte-de-la-guerra-pasta-dura\/","title":{"rendered":"El arte de la guerra (Pasta dura)"},"content":{"rendered":"<p>La obra del general Sun Tzu es un tratado que ense\u00f1a c\u00f3mo aplicar con sabidur\u00eda el conocimiento de la naturaleza humana en los momentos de confrontaci\u00f3n, as\u00ed como a emplear las condiciones del terreno y del clima cuando es necesario entrar en batalla. Pero, a\u00fan m\u00e1s importante, representa una obra que ayuda a comprender las ra\u00edces de un conflicto para buscar una soluci\u00f3n sin tener que recurrir a armas.<\/p>\n","protected":false},"excerpt":{"rendered":"<p>Sun Tzu<\/p>\n","protected":false},"featured_media":4851,"template":"","meta":{"_joinchat":[]},"product_brand":[],"product_cat":[42,51],"product_tag":[47],"class_list":{"0":"post-4850","1":"product","2":"type-product","3":"status-publish","4":"has-post-thumbnail","6":"product_cat-literatura-clasica","7":"product_cat-oferta","8":"product_tag-editories-mexicanos-unidos","10":"first","11":"outofstock","12":"shipping-taxable","13":"purchasable","14":"product-type-simple"},"_links":{"self":[{"href":"https:\/\/libreriahistoriasdebolsillo.com\/index.php\/wp-json\/wp\/v2\/product\/4850","targetHints":{"allow":["GET"]}}],"collection":[{"href":"https:\/\/libreriahistoriasdebolsillo.com\/index.php\/wp-json\/wp\/v2\/product"}],"about":[{"href":"https:\/\/libreriahistoriasdebolsillo.com\/index.php\/wp-json\/wp\/v2\/types\/product"}],"wp:featuredmedia":[{"embeddable":true,"href":"https:\/\/libreriahistoriasdebolsillo.com\/index.php\/wp-json\/wp\/v2\/media\/4851"}],"wp:attachment":[{"href":"https:\/\/libreriahistoriasdebolsillo.com\/index.php\/wp-json\/wp\/v2\/media?parent=4850"}],"wp:term":[{"taxonomy":"product_brand","embeddable":true,"href":"https:\/\/libreriahistoriasdebolsillo.com\/index.php\/wp-json\/wp\/v2\/product_brand?post=4850"},{"taxonomy":"product_cat","embeddable":true,"href":"https:\/\/libreriahistoriasdebolsillo.com\/index.php\/wp-json\/wp\/v2\/product_cat?post=4850"},{"taxonomy":"product_tag","embeddable":true,"href":"https:\/\/libreriahistoriasdebolsillo.com\/index.php\/wp-json\/wp\/v2\/product_tag?post=4850"}],"curies":[{"name":"wp","href":"https:\/\/api.w.org\/{rel}","templated":true}]}}