{"id":4889,"date":"2024-05-20T11:32:55","date_gmt":"2024-05-20T17:32:55","guid":{"rendered":"https:\/\/libreriahistoriasdebolsillo.com\/?post_type=product&#038;p=4889"},"modified":"2024-05-20T11:32:55","modified_gmt":"2024-05-20T17:32:55","slug":"las-cronicas-de-los-kane-1-la-piramide-roja-novela-grafica","status":"publish","type":"product","link":"https:\/\/libreriahistoriasdebolsillo.com\/index.php\/producto\/las-cronicas-de-los-kane-1-la-piramide-roja-novela-grafica\/","title":{"rendered":"Las cr\u00f3nicas de los Kane 1. La pir\u00e1mide roja (novela gr\u00e1fica)"},"content":{"rendered":"<p><b>La novela gr\u00e1fica del libro m\u00e1s vendido de Rick Riordan.<\/b><\/p>\n<p><b>Estamos en peligro.<\/b>\u00a0Desde que nuestro padre hizo explotar el Museo Brit\u00e1nico con un extra\u00f1o conjuro, todo cambi\u00f3. Fue entonces cuando mi hermana Sadie y yo descubrimos que, adem\u00e1s de un reconocido arque\u00f3logo, era una especie de<b>\u00a0mago del Antiguo Egipto<\/b>.<\/p>\n<p>Pero aquella noche algo sali\u00f3 mal.<b>\u00a0Set, el dios del caos,\u00a0<\/b>apareci\u00f3 envuelto en llamas&#8230; y nuestro padre\u00a0<b>desapareci\u00f3\u00a0<\/b>sin dejar rastro.<\/p>\n","protected":false},"excerpt":{"rendered":"<p>Rick Riordan<\/p>\n","protected":false},"featured_media":4890,"template":"","meta":{"_joinchat":[]},"product_brand":[],"product_cat":[39,52,75,51],"product_tag":[34],"class_list":{"0":"post-4889","1":"product","2":"type-product","3":"status-publish","4":"has-post-thumbnail","6":"product_cat-fantasia","7":"product_cat-juvenil","8":"product_cat-mitologia","9":"product_cat-oferta","10":"product_tag-penguin-random-house","12":"first","13":"outofstock","14":"sale","15":"shipping-taxable","16":"purchasable","17":"product-type-simple"},"_links":{"self":[{"href":"https:\/\/libreriahistoriasdebolsillo.com\/index.php\/wp-json\/wp\/v2\/product\/4889","targetHints":{"allow":["GET"]}}],"collection":[{"href":"https:\/\/libreriahistoriasdebolsillo.com\/index.php\/wp-json\/wp\/v2\/product"}],"about":[{"href":"https:\/\/libreriahistoriasdebolsillo.com\/index.php\/wp-json\/wp\/v2\/types\/product"}],"wp:featuredmedia":[{"embeddable":true,"href":"https:\/\/libreriahistoriasdebolsillo.com\/index.php\/wp-json\/wp\/v2\/media\/4890"}],"wp:attachment":[{"href":"https:\/\/libreriahistoriasdebolsillo.com\/index.php\/wp-json\/wp\/v2\/media?parent=4889"}],"wp:term":[{"taxonomy":"product_brand","embeddable":true,"href":"https:\/\/libreriahistoriasdebolsillo.com\/index.php\/wp-json\/wp\/v2\/product_brand?post=4889"},{"taxonomy":"product_cat","embeddable":true,"href":"https:\/\/libreriahistoriasdebolsillo.com\/index.php\/wp-json\/wp\/v2\/product_cat?post=4889"},{"taxonomy":"product_tag","embeddable":true,"href":"https:\/\/libreriahistoriasdebolsillo.com\/index.php\/wp-json\/wp\/v2\/product_tag?post=4889"}],"curies":[{"name":"wp","href":"https:\/\/api.w.org\/{rel}","templated":true}]}}