{"id":4891,"date":"2024-05-20T11:35:34","date_gmt":"2024-05-20T17:35:34","guid":{"rendered":"https:\/\/libreriahistoriasdebolsillo.com\/?post_type=product&#038;p=4891"},"modified":"2024-05-20T11:35:34","modified_gmt":"2024-05-20T17:35:34","slug":"el-misterio-del-planeta-de-los-gusanos","status":"publish","type":"product","link":"https:\/\/libreriahistoriasdebolsillo.com\/index.php\/producto\/el-misterio-del-planeta-de-los-gusanos\/","title":{"rendered":"El misterio del planeta de los gusanos"},"content":{"rendered":"<p><b>Una aventura de misterio con tintes de ciencia ficci\u00f3n de la mano de Ken Follett.<\/b><\/p>\n<p><b>Crespo y Helen esperan pasar unas tranquilas vacaciones en la granja de su t\u00edo Grigorian junto a su primo Panza. Pero acabar\u00e1n a \u00a1diecisiete a\u00f1os luz en el espacio!<\/b><\/p>\n<p>Los chicos han sido elegidos para resolver una disputa entre poderosas facciones que rivalizan por controlar el misterioso Planeta de los Gusanos. Todos est\u00e1n seguros de que esos tres terr\u00edcolas ser\u00e1n imparciales como para dar una soluci\u00f3n justa al conflicto; y para ello su t\u00edo les da unos poderes intuitivos especiales.<\/p>\n<p>Mientras el destino del Sistema Solar pende de un hilo, deber\u00e1n descubrir cu\u00e1l es el secreto de los siniestros extraterrestres y hacer todo lo que est\u00e9 en sus manos para lograr la victoria y la paz interestelar.<\/p>\n","protected":false},"excerpt":{"rendered":"<p>Ken Follet<\/p>\n","protected":false},"featured_media":4892,"template":"","meta":{"_joinchat":[]},"product_brand":[],"product_cat":[54,52,51],"product_tag":[34],"class_list":{"0":"post-4891","1":"product","2":"type-product","3":"status-publish","4":"has-post-thumbnail","6":"product_cat-infantil","7":"product_cat-juvenil","8":"product_cat-oferta","9":"product_tag-penguin-random-house","11":"first","12":"outofstock","13":"shipping-taxable","14":"purchasable","15":"product-type-simple"},"_links":{"self":[{"href":"https:\/\/libreriahistoriasdebolsillo.com\/index.php\/wp-json\/wp\/v2\/product\/4891","targetHints":{"allow":["GET"]}}],"collection":[{"href":"https:\/\/libreriahistoriasdebolsillo.com\/index.php\/wp-json\/wp\/v2\/product"}],"about":[{"href":"https:\/\/libreriahistoriasdebolsillo.com\/index.php\/wp-json\/wp\/v2\/types\/product"}],"wp:featuredmedia":[{"embeddable":true,"href":"https:\/\/libreriahistoriasdebolsillo.com\/index.php\/wp-json\/wp\/v2\/media\/4892"}],"wp:attachment":[{"href":"https:\/\/libreriahistoriasdebolsillo.com\/index.php\/wp-json\/wp\/v2\/media?parent=4891"}],"wp:term":[{"taxonomy":"product_brand","embeddable":true,"href":"https:\/\/libreriahistoriasdebolsillo.com\/index.php\/wp-json\/wp\/v2\/product_brand?post=4891"},{"taxonomy":"product_cat","embeddable":true,"href":"https:\/\/libreriahistoriasdebolsillo.com\/index.php\/wp-json\/wp\/v2\/product_cat?post=4891"},{"taxonomy":"product_tag","embeddable":true,"href":"https:\/\/libreriahistoriasdebolsillo.com\/index.php\/wp-json\/wp\/v2\/product_tag?post=4891"}],"curies":[{"name":"wp","href":"https:\/\/api.w.org\/{rel}","templated":true}]}}