{"id":4893,"date":"2024-05-20T11:39:18","date_gmt":"2024-05-20T17:39:18","guid":{"rendered":"https:\/\/libreriahistoriasdebolsillo.com\/?post_type=product&#038;p=4893"},"modified":"2025-11-13T17:06:14","modified_gmt":"2025-11-13T23:06:14","slug":"dimelo-3-dimelo-con-besos","status":"publish","type":"product","link":"https:\/\/libreriahistoriasdebolsillo.com\/index.php\/producto\/dimelo-3-dimelo-con-besos\/","title":{"rendered":"D\u00edmelo 3. D\u00edmelo con besos"},"content":{"rendered":"<p><b>ENAM\u00d3RATE DE LOS HERMANOS DI BIANCO. TUS MEJORES AMIGOS. TU MAYOR PERDICI\u00d3N.<\/b><\/p>\n<p>Kamila Hamilton debe decidir entre los dos hermanos Di Bianco: Thiago o Taylor&#8230; Taylor o Thiago. Escoger a uno significa renunciar al otro, pero \u00bfc\u00f3mo puede dejar atr\u00e1s una parte de s\u00ed misma? Thiago hace que toque el cielo con los dedos. Taylor jam\u00e1s va a soltar su mano. Pero cuando Kami cree que por fin su coraz\u00f3n ha decidido, una pesadilla est\u00e1 a punto de comenzar.<\/p>\n<p><b>\u00bfESTAR\u00c1N TAYLOR Y THIAGO A LA ALTURA? \u00bfPODR\u00c1 EVITAR KAMI QUE EL AMOR ARRASE CON TODO? \u00bfQU\u00c9 SUCEDER\u00c1 CUANDO LA VIDA DECIDA POR ELLOS UNA VEZ M\u00c1S?<\/b><\/p>\n","protected":false},"excerpt":{"rendered":"<p>Mercedes Ron<\/p>\n","protected":false},"featured_media":4894,"template":"","meta":{"_joinchat":[]},"product_brand":[],"product_cat":[52,51],"product_tag":[34],"class_list":{"0":"post-4893","1":"product","2":"type-product","3":"status-publish","4":"has-post-thumbnail","6":"product_cat-juvenil","7":"product_cat-oferta","8":"product_tag-penguin-random-house","10":"first","11":"outofstock","12":"sale","13":"shipping-taxable","14":"purchasable","15":"product-type-simple"},"_links":{"self":[{"href":"https:\/\/libreriahistoriasdebolsillo.com\/index.php\/wp-json\/wp\/v2\/product\/4893","targetHints":{"allow":["GET"]}}],"collection":[{"href":"https:\/\/libreriahistoriasdebolsillo.com\/index.php\/wp-json\/wp\/v2\/product"}],"about":[{"href":"https:\/\/libreriahistoriasdebolsillo.com\/index.php\/wp-json\/wp\/v2\/types\/product"}],"wp:featuredmedia":[{"embeddable":true,"href":"https:\/\/libreriahistoriasdebolsillo.com\/index.php\/wp-json\/wp\/v2\/media\/4894"}],"wp:attachment":[{"href":"https:\/\/libreriahistoriasdebolsillo.com\/index.php\/wp-json\/wp\/v2\/media?parent=4893"}],"wp:term":[{"taxonomy":"product_brand","embeddable":true,"href":"https:\/\/libreriahistoriasdebolsillo.com\/index.php\/wp-json\/wp\/v2\/product_brand?post=4893"},{"taxonomy":"product_cat","embeddable":true,"href":"https:\/\/libreriahistoriasdebolsillo.com\/index.php\/wp-json\/wp\/v2\/product_cat?post=4893"},{"taxonomy":"product_tag","embeddable":true,"href":"https:\/\/libreriahistoriasdebolsillo.com\/index.php\/wp-json\/wp\/v2\/product_tag?post=4893"}],"curies":[{"name":"wp","href":"https:\/\/api.w.org\/{rel}","templated":true}]}}