{"id":4895,"date":"2024-05-20T11:42:13","date_gmt":"2024-05-20T17:42:13","guid":{"rendered":"https:\/\/libreriahistoriasdebolsillo.com\/?post_type=product&#038;p=4895"},"modified":"2024-05-20T11:42:13","modified_gmt":"2024-05-20T17:42:13","slug":"enfrentados-1-marfil","status":"publish","type":"product","link":"https:\/\/libreriahistoriasdebolsillo.com\/index.php\/producto\/enfrentados-1-marfil\/","title":{"rendered":"Enfrentados 1. Marfil"},"content":{"rendered":"<p><b>Amar nunca fue tan peligroso como en \u00abEnfrentados\u00bb, la nueva saga de Mercedes Ron.<\/b><\/p>\n<p>Marfil tiene 20 a\u00f1os y vive en Nueva York, pero no todo es tan id\u00edlico como parece: hace unos d\u00edas fue\u00a0<b>secuestrada\u00a0<\/b>mientras paseaba por Central Park. Su padre tiene muy claro que la raz\u00f3n del secuestro ha sido para mandarle un mensaje: podemos llegar a ella.<\/p>\n<p>A pesar de ser liberada, todo ha cambiado para Marfil: su vida no es la misma, y ella tampoco. Sobre todo porque ahora nunca est\u00e1 sola: siempre la acompa\u00f1a\u00a0<b>Sebastian Moore, su guardaespaldas.<\/b><\/p>\n<p>Sebastian demostrar\u00e1 ser el encargado perfecto para protegerla, sobre todo cuando comienzan a llegar las<b>\u00a0amenazas de muerte,\u00a0<\/b>aunque nunca hubiese pensado que la tarea m\u00e1s complicada no ser\u00eda esa, sino mantener a Marfil Cort\u00e9s alejada de \u00e9l.<\/p>\n<p>\u00bfEst\u00e1 Marfil preparada para descubrir la verdad de su pasado? \u00bfLo pondr\u00e1 todo en riesgo la atracci\u00f3n que ha surgido entre ambos?<\/p>\n","protected":false},"excerpt":{"rendered":"<p>Mercedes Ron<\/p>\n","protected":false},"featured_media":4896,"template":"","meta":{"_joinchat":[]},"product_brand":[],"product_cat":[52,51,35],"product_tag":[34],"class_list":{"0":"post-4895","1":"product","2":"type-product","3":"status-publish","4":"has-post-thumbnail","6":"product_cat-juvenil","7":"product_cat-oferta","8":"product_cat-romantica","9":"product_tag-penguin-random-house","11":"first","12":"outofstock","13":"sale","14":"shipping-taxable","15":"purchasable","16":"product-type-simple"},"_links":{"self":[{"href":"https:\/\/libreriahistoriasdebolsillo.com\/index.php\/wp-json\/wp\/v2\/product\/4895","targetHints":{"allow":["GET"]}}],"collection":[{"href":"https:\/\/libreriahistoriasdebolsillo.com\/index.php\/wp-json\/wp\/v2\/product"}],"about":[{"href":"https:\/\/libreriahistoriasdebolsillo.com\/index.php\/wp-json\/wp\/v2\/types\/product"}],"wp:featuredmedia":[{"embeddable":true,"href":"https:\/\/libreriahistoriasdebolsillo.com\/index.php\/wp-json\/wp\/v2\/media\/4896"}],"wp:attachment":[{"href":"https:\/\/libreriahistoriasdebolsillo.com\/index.php\/wp-json\/wp\/v2\/media?parent=4895"}],"wp:term":[{"taxonomy":"product_brand","embeddable":true,"href":"https:\/\/libreriahistoriasdebolsillo.com\/index.php\/wp-json\/wp\/v2\/product_brand?post=4895"},{"taxonomy":"product_cat","embeddable":true,"href":"https:\/\/libreriahistoriasdebolsillo.com\/index.php\/wp-json\/wp\/v2\/product_cat?post=4895"},{"taxonomy":"product_tag","embeddable":true,"href":"https:\/\/libreriahistoriasdebolsillo.com\/index.php\/wp-json\/wp\/v2\/product_tag?post=4895"}],"curies":[{"name":"wp","href":"https:\/\/api.w.org\/{rel}","templated":true}]}}