{"id":4897,"date":"2024-05-20T11:45:03","date_gmt":"2024-05-20T17:45:03","guid":{"rendered":"https:\/\/libreriahistoriasdebolsillo.com\/?post_type=product&#038;p=4897"},"modified":"2025-11-13T17:06:06","modified_gmt":"2025-11-13T23:06:06","slug":"dimelo-1-dimelo-bajito","status":"publish","type":"product","link":"https:\/\/libreriahistoriasdebolsillo.com\/index.php\/producto\/dimelo-1-dimelo-bajito\/","title":{"rendered":"D\u00edmelo 1. D\u00edmelo bajito"},"content":{"rendered":"<p><b>ENAM\u00d3RATE DE LOS HERMANOS DI BIANCO.<\/b><\/p>\n<p><b>TUS MEJORES AMIGOS.<\/b><\/p>\n<p><b>TU MAYOR PERDICI\u00d3N.<\/b><\/p>\n<p>Kamila Hamilton lo ten\u00eda todo bajo control&#8230; o eso cre\u00eda: no entraba en sus planes que los hermanos Di Bianco volvieran de nuevo para poner su mundo al rev\u00e9s.<\/p>\n<p><b>Thiago<\/b><b>\u00a0fue quien le dio su primer beso.<\/b>\u00a0<b>Taylor el que siempre la protegi\u00f3.<\/b><\/p>\n<p>El regreso de los hermanos hace que la vida aparentemente perfecta de Kami se tambalee. Ella yano es la ni\u00f1a inocente que conocieron: desde que se fueron, parece que nadie puede llegar realmente a ella&#8230; nadie excepto ellos.<\/p>\n<p><b>\u00bfPODR\u00c1 RESISTIRSE KAMI<\/b>\u00a0<b>A LA SIMPLE PRESENCIA DE THIAGO?<\/b><\/p>\n<p><b>\u00bfQU\u00c9 SUCEDER\u00c1 CUANDO TAYLOR<\/b>\u00a0<b>COMIENCE A MIRARLA DIFERENTE?<\/b><\/p>\n<p><b>\u00bfESTALLAR\u00c1 TODO EN MIL PEDAZOS<\/b>\u00a0<b>COMO LA \u00daLTIMA VEZ?<\/b><\/p>\n","protected":false},"excerpt":{"rendered":"<p>Mercedes Ron<\/p>\n","protected":false},"featured_media":4898,"template":"","meta":{"_joinchat":[]},"product_brand":[],"product_cat":[52,51,35],"product_tag":[34],"class_list":{"0":"post-4897","1":"product","2":"type-product","3":"status-publish","4":"has-post-thumbnail","6":"product_cat-juvenil","7":"product_cat-oferta","8":"product_cat-romantica","9":"product_tag-penguin-random-house","11":"first","12":"outofstock","13":"sale","14":"shipping-taxable","15":"purchasable","16":"product-type-simple"},"_links":{"self":[{"href":"https:\/\/libreriahistoriasdebolsillo.com\/index.php\/wp-json\/wp\/v2\/product\/4897","targetHints":{"allow":["GET"]}}],"collection":[{"href":"https:\/\/libreriahistoriasdebolsillo.com\/index.php\/wp-json\/wp\/v2\/product"}],"about":[{"href":"https:\/\/libreriahistoriasdebolsillo.com\/index.php\/wp-json\/wp\/v2\/types\/product"}],"wp:featuredmedia":[{"embeddable":true,"href":"https:\/\/libreriahistoriasdebolsillo.com\/index.php\/wp-json\/wp\/v2\/media\/4898"}],"wp:attachment":[{"href":"https:\/\/libreriahistoriasdebolsillo.com\/index.php\/wp-json\/wp\/v2\/media?parent=4897"}],"wp:term":[{"taxonomy":"product_brand","embeddable":true,"href":"https:\/\/libreriahistoriasdebolsillo.com\/index.php\/wp-json\/wp\/v2\/product_brand?post=4897"},{"taxonomy":"product_cat","embeddable":true,"href":"https:\/\/libreriahistoriasdebolsillo.com\/index.php\/wp-json\/wp\/v2\/product_cat?post=4897"},{"taxonomy":"product_tag","embeddable":true,"href":"https:\/\/libreriahistoriasdebolsillo.com\/index.php\/wp-json\/wp\/v2\/product_tag?post=4897"}],"curies":[{"name":"wp","href":"https:\/\/api.w.org\/{rel}","templated":true}]}}