{"id":4903,"date":"2024-05-20T11:54:26","date_gmt":"2024-05-20T17:54:26","guid":{"rendered":"https:\/\/libreriahistoriasdebolsillo.com\/?post_type=product&#038;p=4903"},"modified":"2024-08-08T13:56:35","modified_gmt":"2024-08-08T19:56:35","slug":"los-hilos-de-la-memoria","status":"publish","type":"product","link":"https:\/\/libreriahistoriasdebolsillo.com\/index.php\/producto\/los-hilos-de-la-memoria\/","title":{"rendered":"Los hilos de la memoria"},"content":{"rendered":"<p><b>Una historia de amor imperecedero en un mundo gobernado por el odio, la guerra y la segregaci\u00f3n.<\/b><\/p>\n<p><b>Tesal\u00f3nica, 1917.<\/b>\u00a0Al tiempo que Dimitri Komninos llega al mundo, un descomunal incendio arrasa la ciudad en la que\u00a0<b>cristianos, jud\u00edos y musulmanes\u00a0<\/b>conviven desde hace siglos. Cinco a\u00f1os m\u00e1s tarde, el ej\u00e9rcito turco destroza el hogar de Katerina Sarafoglou en Asia Menor. Katerina pierde a su madre en el caos reinante y llega a Grecia atravesando el mar Egeo. Pronto su vida se ver\u00e1 \u00edntimamente ligada a la de Dimitri, mientras las guerras, las revoluciones y el odio\u00a0<b>desgarran\u00a0<\/b>a los habitantes de la ciudad.<\/p>\n<p>\u00bfDe qu\u00e9 tesoros y secretos del pasado son guardianes? \u00bfPodr\u00e1n transmitir su\u00a0<b>herencia<\/b>, sus recuerdos, antes de que sea demasiado tarde? Ambos deber\u00e1n descubrir la forma de desenredar los complicados hilos de la memoria.<\/p>\n","protected":false},"excerpt":{"rendered":"<p>Victoria Hislop<\/p>\n","protected":false},"featured_media":4904,"template":"","meta":{"_joinchat":[]},"product_brand":[],"product_cat":[56,51,35],"product_tag":[34],"class_list":{"0":"post-4903","1":"product","2":"type-product","3":"status-publish","4":"has-post-thumbnail","6":"product_cat-historica","7":"product_cat-oferta","8":"product_cat-romantica","9":"product_tag-penguin-random-house","11":"first","12":"outofstock","13":"shipping-taxable","14":"purchasable","15":"product-type-simple"},"_links":{"self":[{"href":"https:\/\/libreriahistoriasdebolsillo.com\/index.php\/wp-json\/wp\/v2\/product\/4903","targetHints":{"allow":["GET"]}}],"collection":[{"href":"https:\/\/libreriahistoriasdebolsillo.com\/index.php\/wp-json\/wp\/v2\/product"}],"about":[{"href":"https:\/\/libreriahistoriasdebolsillo.com\/index.php\/wp-json\/wp\/v2\/types\/product"}],"wp:featuredmedia":[{"embeddable":true,"href":"https:\/\/libreriahistoriasdebolsillo.com\/index.php\/wp-json\/wp\/v2\/media\/4904"}],"wp:attachment":[{"href":"https:\/\/libreriahistoriasdebolsillo.com\/index.php\/wp-json\/wp\/v2\/media?parent=4903"}],"wp:term":[{"taxonomy":"product_brand","embeddable":true,"href":"https:\/\/libreriahistoriasdebolsillo.com\/index.php\/wp-json\/wp\/v2\/product_brand?post=4903"},{"taxonomy":"product_cat","embeddable":true,"href":"https:\/\/libreriahistoriasdebolsillo.com\/index.php\/wp-json\/wp\/v2\/product_cat?post=4903"},{"taxonomy":"product_tag","embeddable":true,"href":"https:\/\/libreriahistoriasdebolsillo.com\/index.php\/wp-json\/wp\/v2\/product_tag?post=4903"}],"curies":[{"name":"wp","href":"https:\/\/api.w.org\/{rel}","templated":true}]}}