{"id":4905,"date":"2024-05-20T11:57:18","date_gmt":"2024-05-20T17:57:18","guid":{"rendered":"https:\/\/libreriahistoriasdebolsillo.com\/?post_type=product&#038;p=4905"},"modified":"2024-08-08T13:56:18","modified_gmt":"2024-08-08T19:56:18","slug":"el-reich-africano","status":"publish","type":"product","link":"https:\/\/libreriahistoriasdebolsillo.com\/index.php\/producto\/el-reich-africano\/","title":{"rendered":"El Reich africano"},"content":{"rendered":"<p>Una novela ampliamente documentada, basada en los planes reales de los nazis sobre \u00c1frica: la divisi\u00f3n del continente en siete colonias alemanas el proyecto de deportaci\u00f3n de los jud\u00edos a Madagascar.<\/p>\n<p>\u00ab\u00c1frica 1952. La esv\u00e1stica ondea desde el S\u00e1hara hasta el oc\u00e9ano \u00cdndico. Unas relucientes autopistas atraviesan la jungla, mientras los aviones de caza patrullan con el cielo. Gran Breta\u00f1a y una vistoriosa Alemania nazi se han dividido el continente, pero ahora los planes de Walter Hochburn \u0096el arquitecto de del \u00c1frica nazi- amenazan a las debilitadas colonias brit\u00e1nicas. En Inglaterra, el ex mercenario Burton Cole es reclutado para un trabajo que le permitir\u00e1 saldar una cuenta pendiente con Hochburn, a pesar de los recelos de la mujer a quien ama. Si Burton fracasa, toda \u00c1frica ser\u00e1 presa del horror y nadie estar\u00e1 a salvo. Sin embargo cuando su misi\u00f3n se vea abocada al desastre, Bart\u00f3n tendr\u00e1 que huir para recuperar su propia vida. Su periplo lo llevar\u00e1 desde los campos de batalla del Congo hasta las granjas de esclavos de Angola, mientras una gran conspiraci\u00f3n lo gu\u00eda al coraz\u00f3n del Reich \u00c1fricano\u00bb<\/p>\n","protected":false},"excerpt":{"rendered":"<p>Guy Saville<\/p>\n","protected":false},"featured_media":4906,"template":"","meta":{"_joinchat":[]},"product_brand":[],"product_cat":[56,37,51],"product_tag":[34],"class_list":{"0":"post-4905","1":"product","2":"type-product","3":"status-publish","4":"has-post-thumbnail","6":"product_cat-historica","7":"product_cat-misterio-y-thriller","8":"product_cat-oferta","9":"product_tag-penguin-random-house","11":"first","12":"outofstock","13":"shipping-taxable","14":"purchasable","15":"product-type-simple"},"_links":{"self":[{"href":"https:\/\/libreriahistoriasdebolsillo.com\/index.php\/wp-json\/wp\/v2\/product\/4905","targetHints":{"allow":["GET"]}}],"collection":[{"href":"https:\/\/libreriahistoriasdebolsillo.com\/index.php\/wp-json\/wp\/v2\/product"}],"about":[{"href":"https:\/\/libreriahistoriasdebolsillo.com\/index.php\/wp-json\/wp\/v2\/types\/product"}],"wp:featuredmedia":[{"embeddable":true,"href":"https:\/\/libreriahistoriasdebolsillo.com\/index.php\/wp-json\/wp\/v2\/media\/4906"}],"wp:attachment":[{"href":"https:\/\/libreriahistoriasdebolsillo.com\/index.php\/wp-json\/wp\/v2\/media?parent=4905"}],"wp:term":[{"taxonomy":"product_brand","embeddable":true,"href":"https:\/\/libreriahistoriasdebolsillo.com\/index.php\/wp-json\/wp\/v2\/product_brand?post=4905"},{"taxonomy":"product_cat","embeddable":true,"href":"https:\/\/libreriahistoriasdebolsillo.com\/index.php\/wp-json\/wp\/v2\/product_cat?post=4905"},{"taxonomy":"product_tag","embeddable":true,"href":"https:\/\/libreriahistoriasdebolsillo.com\/index.php\/wp-json\/wp\/v2\/product_tag?post=4905"}],"curies":[{"name":"wp","href":"https:\/\/api.w.org\/{rel}","templated":true}]}}