{"id":4908,"date":"2024-05-20T12:01:06","date_gmt":"2024-05-20T18:01:06","guid":{"rendered":"https:\/\/libreriahistoriasdebolsillo.com\/?post_type=product&#038;p=4908"},"modified":"2024-07-18T16:17:47","modified_gmt":"2024-07-18T22:17:47","slug":"historia-ilustrada-de-mexico-literatura","status":"publish","type":"product","link":"https:\/\/libreriahistoriasdebolsillo.com\/index.php\/producto\/historia-ilustrada-de-mexico-literatura\/","title":{"rendered":"Historia ilustrada de M\u00e9xico. Literatura"},"content":{"rendered":"<p><b>La colecci\u00f3n\u00a0<i>Historia ilustrada de M\u00e9xico<\/i>\u00a0es una excelente oportunidad para descubrir el patrimonio cultural de nuestro pa\u00eds no s\u00f3lo a las nuevas generaciones, sino a todos los lectores.<\/b><\/p>\n<p>A trav\u00e9s de textos e im\u00e1genes preparados por especialistas en el \u00e1rea de forma directa y sencilla, este libro realiza un extraordinario recorrido por la vasta historia de la literatura mexicana a trav\u00e9s del universo visual de numerosas obras y los periodos en que surgen.<\/p>\n<p>Desde la \u00e9poca prehisp\u00e1nica hasta nuestros d\u00edas, conoceremos el valioso tesoro de las letras mexicanas.<\/p>\n<p>En este volumen dedicado a la literatura participaron: Pablo Escalante, Erik Vel\u00e1squez, Antonio Rubial, Manuel Sol y Alejandro Toledo.<\/p>\n","protected":false},"excerpt":{"rendered":"<p>Enrique Florescano<\/p>\n","protected":false},"featured_media":4909,"template":"","meta":{"_joinchat":[]},"product_brand":[],"product_cat":[41,51],"product_tag":[34],"class_list":{"0":"post-4908","1":"product","2":"type-product","3":"status-publish","4":"has-post-thumbnail","6":"product_cat-desarrollo-humano","7":"product_cat-oferta","8":"product_tag-penguin-random-house","10":"first","11":"outofstock","12":"sale","13":"shipping-taxable","14":"purchasable","15":"product-type-simple"},"_links":{"self":[{"href":"https:\/\/libreriahistoriasdebolsillo.com\/index.php\/wp-json\/wp\/v2\/product\/4908","targetHints":{"allow":["GET"]}}],"collection":[{"href":"https:\/\/libreriahistoriasdebolsillo.com\/index.php\/wp-json\/wp\/v2\/product"}],"about":[{"href":"https:\/\/libreriahistoriasdebolsillo.com\/index.php\/wp-json\/wp\/v2\/types\/product"}],"wp:featuredmedia":[{"embeddable":true,"href":"https:\/\/libreriahistoriasdebolsillo.com\/index.php\/wp-json\/wp\/v2\/media\/4909"}],"wp:attachment":[{"href":"https:\/\/libreriahistoriasdebolsillo.com\/index.php\/wp-json\/wp\/v2\/media?parent=4908"}],"wp:term":[{"taxonomy":"product_brand","embeddable":true,"href":"https:\/\/libreriahistoriasdebolsillo.com\/index.php\/wp-json\/wp\/v2\/product_brand?post=4908"},{"taxonomy":"product_cat","embeddable":true,"href":"https:\/\/libreriahistoriasdebolsillo.com\/index.php\/wp-json\/wp\/v2\/product_cat?post=4908"},{"taxonomy":"product_tag","embeddable":true,"href":"https:\/\/libreriahistoriasdebolsillo.com\/index.php\/wp-json\/wp\/v2\/product_tag?post=4908"}],"curies":[{"name":"wp","href":"https:\/\/api.w.org\/{rel}","templated":true}]}}