{"id":4916,"date":"2024-05-20T12:28:05","date_gmt":"2024-05-20T18:28:05","guid":{"rendered":"https:\/\/libreriahistoriasdebolsillo.com\/?post_type=product&#038;p=4916"},"modified":"2024-09-19T15:41:25","modified_gmt":"2024-09-19T21:41:25","slug":"biblioteca-george-r-r-martin-los-reyes-de-la-arena","status":"publish","type":"product","link":"https:\/\/libreriahistoriasdebolsillo.com\/index.php\/producto\/biblioteca-george-r-r-martin-los-reyes-de-la-arena\/","title":{"rendered":"Biblioteca George R.R. Martin. Los reyes de la arena"},"content":{"rendered":"<p><b>George R. R. Martin, el autor de fantas\u00eda m\u00e1s importante del mundo, demuestra aqu\u00ed su magistral dominio del g\u00e9nero de terror: \u00abLos reyes de la arena\u00bb, relato que da t\u00edtulo al presente volumen, fue multipremiado con los prestigiosos Hugo, Nebula y Locus.<\/b><\/p>\n<p>Antes de vender millones de ejemplares y cosechar fama mundial por la saga\u00a0<b><i>Canci\u00f3n de Hielo y Fuego,<\/i><\/b>\u00a0George R. R. Martin public\u00f3 cuentos y novelas de fantas\u00eda, terror y ciencia ficci\u00f3n.<\/p>\n<p>Gracias a sus\u00a0<b>extraordinarias dotes narrativas<\/b>\u00a0y su capacidad magistral para crear mundos, se ha ganado el respeto de los lectores y la ovaci\u00f3n de los jurados de los premios Hugo, Nebula, World Fantasy Awards y varios m\u00e1s.<\/p>\n<p>Elprotagonista de \u00abLos reyes de la arena\u00bb, novela corta que da t\u00edtulo a esta antolog\u00eda, convive con<b>\u00a0criaturas que parecen insectos,<\/b>\u00a0pero no lo son; en su arrogancia, cree que puede imponer su voluntad sobre especies provenientes de otros planetas, sin considerar que hay criaturas igual de\u00a0<b>mort\u00edferas\u00a0<\/b>e\u00a0<b>inteligentes\u00a0<\/b>que los humanos.<\/p>\n<p>Martin es adem\u00e1s un maestro para combinar g\u00e9neros: \u00abTr\u00e1fico de piel\u00bb es un relato\u00a0<b>noir con lic\u00e1ntropos,\u00a0<\/b>y la mezcla de horror con ciencia ficci\u00f3n de \u00abEn la casa del Gusano\u00bb nos hace sentir nostalgia por un\u00a0<b>sol moribundo<\/b>\u00a0que no conoceremos jam\u00e1s.<\/p>\n","protected":false},"excerpt":{"rendered":"<p>George R.R. Martin<\/p>\n","protected":false},"featured_media":4917,"template":"","meta":{"_joinchat":[]},"product_brand":[],"product_cat":[51,36],"product_tag":[34],"class_list":{"0":"post-4916","1":"product","2":"type-product","3":"status-publish","4":"has-post-thumbnail","6":"product_cat-oferta","7":"product_cat-terror-y-paranormal","8":"product_tag-penguin-random-house","10":"first","11":"outofstock","12":"shipping-taxable","13":"purchasable","14":"product-type-simple"},"_links":{"self":[{"href":"https:\/\/libreriahistoriasdebolsillo.com\/index.php\/wp-json\/wp\/v2\/product\/4916","targetHints":{"allow":["GET"]}}],"collection":[{"href":"https:\/\/libreriahistoriasdebolsillo.com\/index.php\/wp-json\/wp\/v2\/product"}],"about":[{"href":"https:\/\/libreriahistoriasdebolsillo.com\/index.php\/wp-json\/wp\/v2\/types\/product"}],"wp:featuredmedia":[{"embeddable":true,"href":"https:\/\/libreriahistoriasdebolsillo.com\/index.php\/wp-json\/wp\/v2\/media\/4917"}],"wp:attachment":[{"href":"https:\/\/libreriahistoriasdebolsillo.com\/index.php\/wp-json\/wp\/v2\/media?parent=4916"}],"wp:term":[{"taxonomy":"product_brand","embeddable":true,"href":"https:\/\/libreriahistoriasdebolsillo.com\/index.php\/wp-json\/wp\/v2\/product_brand?post=4916"},{"taxonomy":"product_cat","embeddable":true,"href":"https:\/\/libreriahistoriasdebolsillo.com\/index.php\/wp-json\/wp\/v2\/product_cat?post=4916"},{"taxonomy":"product_tag","embeddable":true,"href":"https:\/\/libreriahistoriasdebolsillo.com\/index.php\/wp-json\/wp\/v2\/product_tag?post=4916"}],"curies":[{"name":"wp","href":"https:\/\/api.w.org\/{rel}","templated":true}]}}