{"id":4918,"date":"2024-05-20T12:31:45","date_gmt":"2024-05-20T18:31:45","guid":{"rendered":"https:\/\/libreriahistoriasdebolsillo.com\/?post_type=product&#038;p=4918"},"modified":"2024-08-08T13:56:49","modified_gmt":"2024-08-08T19:56:49","slug":"el-momento-de-la-sensacion-verdadera","status":"publish","type":"product","link":"https:\/\/libreriahistoriasdebolsillo.com\/index.php\/producto\/el-momento-de-la-sensacion-verdadera\/","title":{"rendered":"El momento de la sensaci\u00f3n verdadera"},"content":{"rendered":"<p><b>\u00abLa comparaci\u00f3n con La metamorfosis de Kafka surge (casi) instintivamente.\u00bb\u00a0<i>Der Spiegel<\/i><\/b><\/p>\n<p>Gregor Keuschnig, un diplom\u00e1tico austriaco en Par\u00eds, se levanta una ma\u00f1ana tras un largo\u00a0<b>sue\u00f1o<\/b>\u00a0en el que se ha visto a\u00a0<b>s\u00ed mismo<\/b>\u00a0convertido en\u00a0<b>asesino<\/b>. Durante los dos d\u00edas en que lo vamos a acompa\u00f1ar,\u00a0<b>su mundo muta en una espiral de negaci\u00f3n y sinsentido, de separaci\u00f3n del mundo y de despojamiento<\/b>.<\/p>\n<p><i>El momento de la sensaci\u00f3n verdadera<\/i>, una de las obras que m\u00e1s s\u00f3lidamente han cimentado el prestigio de Peter Handke, es\u00a0<b>una indagaci\u00f3n \u00fanica\u00a0<\/b>entorno a la\u00a0<b>experiencia personal de la muerte<\/b>\u00a0y cuyo desenlace habr\u00e1 de ser, sin embargo, el del brillo nuevo que adquiere\u00a0<b>lo cotidiano<\/b>\u00a0cuando\u00a0<b>la infancia<\/b>\u00a0entra en escena.<\/p>\n","protected":false},"excerpt":{"rendered":"<p>Peter Handke<\/p>\n","protected":false},"featured_media":4919,"template":"","meta":{"_joinchat":[]},"product_brand":[],"product_cat":[78,51],"product_tag":[34],"class_list":{"0":"post-4918","1":"product","2":"type-product","3":"status-publish","4":"has-post-thumbnail","6":"product_cat-contemporanea","7":"product_cat-oferta","8":"product_tag-penguin-random-house","10":"first","11":"outofstock","12":"sale","13":"shipping-taxable","14":"purchasable","15":"product-type-simple"},"_links":{"self":[{"href":"https:\/\/libreriahistoriasdebolsillo.com\/index.php\/wp-json\/wp\/v2\/product\/4918","targetHints":{"allow":["GET"]}}],"collection":[{"href":"https:\/\/libreriahistoriasdebolsillo.com\/index.php\/wp-json\/wp\/v2\/product"}],"about":[{"href":"https:\/\/libreriahistoriasdebolsillo.com\/index.php\/wp-json\/wp\/v2\/types\/product"}],"wp:featuredmedia":[{"embeddable":true,"href":"https:\/\/libreriahistoriasdebolsillo.com\/index.php\/wp-json\/wp\/v2\/media\/4919"}],"wp:attachment":[{"href":"https:\/\/libreriahistoriasdebolsillo.com\/index.php\/wp-json\/wp\/v2\/media?parent=4918"}],"wp:term":[{"taxonomy":"product_brand","embeddable":true,"href":"https:\/\/libreriahistoriasdebolsillo.com\/index.php\/wp-json\/wp\/v2\/product_brand?post=4918"},{"taxonomy":"product_cat","embeddable":true,"href":"https:\/\/libreriahistoriasdebolsillo.com\/index.php\/wp-json\/wp\/v2\/product_cat?post=4918"},{"taxonomy":"product_tag","embeddable":true,"href":"https:\/\/libreriahistoriasdebolsillo.com\/index.php\/wp-json\/wp\/v2\/product_tag?post=4918"}],"curies":[{"name":"wp","href":"https:\/\/api.w.org\/{rel}","templated":true}]}}