{"id":4920,"date":"2024-05-20T12:34:47","date_gmt":"2024-05-20T18:34:47","guid":{"rendered":"https:\/\/libreriahistoriasdebolsillo.com\/?post_type=product&#038;p=4920"},"modified":"2024-09-19T15:41:40","modified_gmt":"2024-09-19T21:41:40","slug":"desafiar-la-gravedad","status":"publish","type":"product","link":"https:\/\/libreriahistoriasdebolsillo.com\/index.php\/producto\/desafiar-la-gravedad\/","title":{"rendered":"Desafiar la gravedad"},"content":{"rendered":"<p>Todos pasamos por momentos en que necesitamos sanar. En\u00a0<i>Desafiar la gravedad<\/i>, Caroline Myss cuestiona el enfoque convencional de la curaci\u00f3n, seg\u00fan el cual siempre podemos encontrar la raz\u00f3n de que las cosas ocurren del modo en que lo hacen. Bas\u00e1ndose en sus a\u00f1os como docente y m\u00e9dica intuitiva, Myss comparte casos reales de enfermos que, gracias nada menos que a un milagro, sobrevivieron a su enfermedad. Inspirada por estas personas comunes que se sobrepusieron a una amplia variedad de dolencias f\u00edsicas y psicol\u00f3gicas, Myss aplica la\u00a0<b>sabidur\u00eda de los m\u00edsticos<\/b>, cuyos escritos aportan una comprensi\u00f3n m\u00e1s profunda de los fundamentos espirituales de la curaci\u00f3n.<\/p>\n","protected":false},"excerpt":{"rendered":"<p>Caroline Myss<\/p>\n","protected":false},"featured_media":4921,"template":"","meta":{"_joinchat":[]},"product_brand":[],"product_cat":[58,41,51],"product_tag":[34],"class_list":{"0":"post-4920","1":"product","2":"type-product","3":"status-publish","4":"has-post-thumbnail","6":"product_cat-desarrollo-humano-y-superacion","7":"product_cat-desarrollo-humano","8":"product_cat-oferta","9":"product_tag-penguin-random-house","11":"first","12":"outofstock","13":"sale","14":"shipping-taxable","15":"purchasable","16":"product-type-simple"},"_links":{"self":[{"href":"https:\/\/libreriahistoriasdebolsillo.com\/index.php\/wp-json\/wp\/v2\/product\/4920","targetHints":{"allow":["GET"]}}],"collection":[{"href":"https:\/\/libreriahistoriasdebolsillo.com\/index.php\/wp-json\/wp\/v2\/product"}],"about":[{"href":"https:\/\/libreriahistoriasdebolsillo.com\/index.php\/wp-json\/wp\/v2\/types\/product"}],"wp:featuredmedia":[{"embeddable":true,"href":"https:\/\/libreriahistoriasdebolsillo.com\/index.php\/wp-json\/wp\/v2\/media\/4921"}],"wp:attachment":[{"href":"https:\/\/libreriahistoriasdebolsillo.com\/index.php\/wp-json\/wp\/v2\/media?parent=4920"}],"wp:term":[{"taxonomy":"product_brand","embeddable":true,"href":"https:\/\/libreriahistoriasdebolsillo.com\/index.php\/wp-json\/wp\/v2\/product_brand?post=4920"},{"taxonomy":"product_cat","embeddable":true,"href":"https:\/\/libreriahistoriasdebolsillo.com\/index.php\/wp-json\/wp\/v2\/product_cat?post=4920"},{"taxonomy":"product_tag","embeddable":true,"href":"https:\/\/libreriahistoriasdebolsillo.com\/index.php\/wp-json\/wp\/v2\/product_tag?post=4920"}],"curies":[{"name":"wp","href":"https:\/\/api.w.org\/{rel}","templated":true}]}}