{"id":4924,"date":"2024-05-20T12:42:49","date_gmt":"2024-05-20T18:42:49","guid":{"rendered":"https:\/\/libreriahistoriasdebolsillo.com\/?post_type=product&#038;p=4924"},"modified":"2024-09-19T15:42:22","modified_gmt":"2024-09-19T21:42:22","slug":"ojos-herejes","status":"publish","type":"product","link":"https:\/\/libreriahistoriasdebolsillo.com\/index.php\/producto\/ojos-herejes\/","title":{"rendered":"Ojos herejes"},"content":{"rendered":"<p><b>En catorce cr\u00f3nicas, que son tambi\u00e9n ensayos sobre literatura y arte desde o sobre M\u00e9xico,\u00a0<i>Ojos herejes<\/i>\u00a0examina los procesos intelectuales de la creaci\u00f3n y cuestiona la moment\u00e1nea fe que nos exige el arte.<\/b><\/p>\n<p>El itinerario de Sergio Rodr\u00edguez Blanco nos recuerda a las mejores p\u00e1ginas de sus dos modelos del viajero intelectual: el Jos\u00e9 Vasconcelos del\u00a0<i>Ulises criollo<\/i>\u00a0y el Sergio Pitol de\u00a0<i>El arte de la fuga<\/i>. El autor naci\u00f3 en Espa\u00f1a, pero desde hace a\u00f1os habita en M\u00e9xico en un mundo fluido: sale a caminar por el centro de la Ciudad de M\u00e9xico y de pronto lo acompa\u00f1amos a una\u00a0<b>lecci\u00f3n de arte contempor\u00e1neo<\/b>\u00a0<b>en la bienal de Venecia<\/b>. Nos revela los\u00a0<b>secretos<\/b>\u00a0<b>de la casona que inspir\u00f3\u00a0<\/b><i><b>El amor en tiempos del c\u00f3lera\u00a0<\/b><\/i>de Garc\u00eda M\u00e1rquez y luego, con Pedro Friedeberg, nos\u00a0<b>descubre la dimensi\u00f3n art\u00edstica del papel higi\u00e9nico<\/b>. Desentra\u00f1a el misterio de una pel\u00edcula que Federico Fellini jam\u00e1s rod\u00f3 (pero que deriv\u00f3 en un delirante viaje por M\u00e9xico) y p\u00e1ginas despu\u00e9s, con el escritor italiano Pino Cacucci, Sergio comprende que volver a M\u00e9xico es una forma m\u00e1s de reiniciar el viaje.<\/p>\n","protected":false},"excerpt":{"rendered":"<p>Sergio Rodr\u00edguez Blanco<\/p>\n","protected":false},"featured_media":4925,"template":"","meta":{"_joinchat":[]},"product_brand":[],"product_cat":[41,51],"product_tag":[34],"class_list":{"0":"post-4924","1":"product","2":"type-product","3":"status-publish","4":"has-post-thumbnail","6":"product_cat-desarrollo-humano","7":"product_cat-oferta","8":"product_tag-penguin-random-house","10":"first","11":"outofstock","12":"sale","13":"shipping-taxable","14":"purchasable","15":"product-type-simple"},"_links":{"self":[{"href":"https:\/\/libreriahistoriasdebolsillo.com\/index.php\/wp-json\/wp\/v2\/product\/4924","targetHints":{"allow":["GET"]}}],"collection":[{"href":"https:\/\/libreriahistoriasdebolsillo.com\/index.php\/wp-json\/wp\/v2\/product"}],"about":[{"href":"https:\/\/libreriahistoriasdebolsillo.com\/index.php\/wp-json\/wp\/v2\/types\/product"}],"wp:featuredmedia":[{"embeddable":true,"href":"https:\/\/libreriahistoriasdebolsillo.com\/index.php\/wp-json\/wp\/v2\/media\/4925"}],"wp:attachment":[{"href":"https:\/\/libreriahistoriasdebolsillo.com\/index.php\/wp-json\/wp\/v2\/media?parent=4924"}],"wp:term":[{"taxonomy":"product_brand","embeddable":true,"href":"https:\/\/libreriahistoriasdebolsillo.com\/index.php\/wp-json\/wp\/v2\/product_brand?post=4924"},{"taxonomy":"product_cat","embeddable":true,"href":"https:\/\/libreriahistoriasdebolsillo.com\/index.php\/wp-json\/wp\/v2\/product_cat?post=4924"},{"taxonomy":"product_tag","embeddable":true,"href":"https:\/\/libreriahistoriasdebolsillo.com\/index.php\/wp-json\/wp\/v2\/product_tag?post=4924"}],"curies":[{"name":"wp","href":"https:\/\/api.w.org\/{rel}","templated":true}]}}