{"id":4928,"date":"2024-05-20T13:48:29","date_gmt":"2024-05-20T19:48:29","guid":{"rendered":"https:\/\/libreriahistoriasdebolsillo.com\/?post_type=product&#038;p=4928"},"modified":"2024-06-15T15:22:26","modified_gmt":"2024-06-15T21:22:26","slug":"pajaro-blanco","status":"publish","type":"product","link":"https:\/\/libreriahistoriasdebolsillo.com\/index.php\/producto\/pajaro-blanco\/","title":{"rendered":"P\u00e1jaro blanco"},"content":{"rendered":"<p><b>La primera novela gr\u00e1fica de R. J. Palacio tiene un simbolismo tan potente que es capaz de traernos del pasado un valios\u00edsimo mensaje.<\/b><\/p>\n<p>En esta historia la abuela de Julian le cuenta c\u00f3mo ella, Sara, fue acogida por una familia en un pueblo franc\u00e9s ocupado por los nazis durante la\u00a0<b>Segunda Guerra Mundial<\/b>. Le explica c\u00f3mo fue perseguida por ser jud\u00eda y c\u00f3mo el ni\u00f1o al que todos rechazaban se convirti\u00f3 en su salvador y mejor amigo.<\/p>\n<p><b>Esta desgarradora y conmovedora experiencia demuestra el poder de la amabilidad para cambiar corazones, construir puentes e incluso salvar vidas.<\/b><\/p>\n<p>Como su abuela le dice a Julian: \u00abSiempre se necesita valor para ser amable, pero en aquellos tiempos, esa amabilidad pod\u00eda costarte todo\u00bb.<\/p>\n","protected":false},"excerpt":{"rendered":"<p>R.J. Palacio<\/p>\n","protected":false},"featured_media":4929,"template":"","meta":{"_joinchat":[]},"product_brand":[],"product_cat":[52,67,51],"product_tag":[34],"class_list":{"0":"post-4928","1":"product","2":"type-product","3":"status-publish","4":"has-post-thumbnail","6":"product_cat-juvenil","7":"product_cat-manga","8":"product_cat-oferta","9":"product_tag-penguin-random-house","11":"first","12":"outofstock","13":"sale","14":"shipping-taxable","15":"purchasable","16":"product-type-simple"},"_links":{"self":[{"href":"https:\/\/libreriahistoriasdebolsillo.com\/index.php\/wp-json\/wp\/v2\/product\/4928","targetHints":{"allow":["GET"]}}],"collection":[{"href":"https:\/\/libreriahistoriasdebolsillo.com\/index.php\/wp-json\/wp\/v2\/product"}],"about":[{"href":"https:\/\/libreriahistoriasdebolsillo.com\/index.php\/wp-json\/wp\/v2\/types\/product"}],"wp:featuredmedia":[{"embeddable":true,"href":"https:\/\/libreriahistoriasdebolsillo.com\/index.php\/wp-json\/wp\/v2\/media\/4929"}],"wp:attachment":[{"href":"https:\/\/libreriahistoriasdebolsillo.com\/index.php\/wp-json\/wp\/v2\/media?parent=4928"}],"wp:term":[{"taxonomy":"product_brand","embeddable":true,"href":"https:\/\/libreriahistoriasdebolsillo.com\/index.php\/wp-json\/wp\/v2\/product_brand?post=4928"},{"taxonomy":"product_cat","embeddable":true,"href":"https:\/\/libreriahistoriasdebolsillo.com\/index.php\/wp-json\/wp\/v2\/product_cat?post=4928"},{"taxonomy":"product_tag","embeddable":true,"href":"https:\/\/libreriahistoriasdebolsillo.com\/index.php\/wp-json\/wp\/v2\/product_tag?post=4928"}],"curies":[{"name":"wp","href":"https:\/\/api.w.org\/{rel}","templated":true}]}}