{"id":4932,"date":"2024-05-20T13:55:26","date_gmt":"2024-05-20T19:55:26","guid":{"rendered":"https:\/\/libreriahistoriasdebolsillo.com\/?post_type=product&#038;p=4932"},"modified":"2026-02-10T16:18:03","modified_gmt":"2026-02-10T22:18:03","slug":"la-mujer-de-un-solo-hombre","status":"publish","type":"product","link":"https:\/\/libreriahistoriasdebolsillo.com\/index.php\/producto\/la-mujer-de-un-solo-hombre\/","title":{"rendered":"La mujer de un solo hombre"},"content":{"rendered":"<p><b>Narrada en cap\u00edtulos que alternan las perspectivas de los dos protagonistas,\u00a0<\/b><i><b>La mujer de un solo hombre\u00a0<\/b><\/i><b>es una inquietante indagaci\u00f3n en la fragilidad de una pareja, pero tambi\u00e9n, y sobre todo, una historia de\u00a0<\/b><i><b>suspense\u00a0<\/b><\/i><b>que mantiene al lector en vilo hasta el \u00faltimo y definitivo impacto.<\/b><\/p>\n<p>Si la\u00a0<b>pareja ideal<\/b>\u00a0existiese, Jodi y Todd ser\u00edan un\u00a0<b>modelo\u00a0<\/b>del g\u00e9nero. Tras m\u00e1s de veinte a\u00f1os juntos, viven en Chicago en un amplio apartamento situado en la planta 27, con unas vistas espectaculares al lago Michigan. Todd posee una peque\u00f1a empresa constructora y Jodi, psicoterapeuta, puede permitirse trabajar unas pocas horas al d\u00eda recibiendo a sus pacientes en casa. El resto del tiempo se dedica a sus clases de Pilates, a cocinar platos exquisitos y apasear a Freud, su adorado golden retriever. Sin embargo, la\u00a0<b>id\u00edlica relaci\u00f3n<\/b>\u00a0entre Jodi y Todd parece tener alg\u00fan\u00a0<b>punto vulnerable<\/b>. Aunque ninguno de los dos sea consciente de ello, ciertos hechos amenazan con\u00a0<b>trastocar su apacible existencia<\/b>. Y cuando por fin Jodi reconoce que su vida se est\u00e1 yendo a pique, la sensaci\u00f3n de\u00a0<b>haberlo perdido todo<\/b>\u00a0se apodera de ella y un\u00a0<b>abismo\u00a0<\/b>de sombr\u00edas posibilidades se abre ante sus ojos.<\/p>\n","protected":false},"excerpt":{"rendered":"<p>A.S.A. Harrison<\/p>\n","protected":false},"featured_media":4933,"template":"","meta":{"_joinchat":[]},"product_brand":[],"product_cat":[37,51],"product_tag":[34],"class_list":{"0":"post-4932","1":"product","2":"type-product","3":"status-publish","4":"has-post-thumbnail","6":"product_cat-misterio-y-thriller","7":"product_cat-oferta","8":"product_tag-penguin-random-house","10":"first","11":"outofstock","12":"shipping-taxable","13":"purchasable","14":"product-type-simple"},"_links":{"self":[{"href":"https:\/\/libreriahistoriasdebolsillo.com\/index.php\/wp-json\/wp\/v2\/product\/4932","targetHints":{"allow":["GET"]}}],"collection":[{"href":"https:\/\/libreriahistoriasdebolsillo.com\/index.php\/wp-json\/wp\/v2\/product"}],"about":[{"href":"https:\/\/libreriahistoriasdebolsillo.com\/index.php\/wp-json\/wp\/v2\/types\/product"}],"wp:featuredmedia":[{"embeddable":true,"href":"https:\/\/libreriahistoriasdebolsillo.com\/index.php\/wp-json\/wp\/v2\/media\/4933"}],"wp:attachment":[{"href":"https:\/\/libreriahistoriasdebolsillo.com\/index.php\/wp-json\/wp\/v2\/media?parent=4932"}],"wp:term":[{"taxonomy":"product_brand","embeddable":true,"href":"https:\/\/libreriahistoriasdebolsillo.com\/index.php\/wp-json\/wp\/v2\/product_brand?post=4932"},{"taxonomy":"product_cat","embeddable":true,"href":"https:\/\/libreriahistoriasdebolsillo.com\/index.php\/wp-json\/wp\/v2\/product_cat?post=4932"},{"taxonomy":"product_tag","embeddable":true,"href":"https:\/\/libreriahistoriasdebolsillo.com\/index.php\/wp-json\/wp\/v2\/product_tag?post=4932"}],"curies":[{"name":"wp","href":"https:\/\/api.w.org\/{rel}","templated":true}]}}