{"id":4934,"date":"2024-05-20T14:01:13","date_gmt":"2024-05-20T20:01:13","guid":{"rendered":"https:\/\/libreriahistoriasdebolsillo.com\/?post_type=product&#038;p=4934"},"modified":"2024-08-08T13:58:04","modified_gmt":"2024-08-08T19:58:04","slug":"las-torres-del-olvido","status":"publish","type":"product","link":"https:\/\/libreriahistoriasdebolsillo.com\/index.php\/producto\/las-torres-del-olvido\/","title":{"rendered":"Las torres del olvido"},"content":{"rendered":"<p>Te adentraras a la vida de una historiadora que tiene como \u00fanico fin conocer y reconstruir la vida de una sociedad autodestruida.<\/p>\n<p>\u00abAustralia. Una serie de torres gigantescas se elevan medio en ruinas sobre las aguas de la bah\u00eda de Melbourne. Son el \u00faltimo vestigio de una civilizaci\u00f3n autodestruida a mediados del siglo XXI: rascacielos fantasmales comidos por los siglos y casi sumergidos en el mar a causa del efecto invernadero. Una joven historiadora, empe\u00f1ada en reconstruir la vida de aquella \u00e9poca de convulsiones sociales, superpoblaci\u00f3n y trastornos clim\u00e1ticos, decide dar a sus conclusiones la forma de una novela. En los personajes que imagina -los antiguos habitantes de las torres- redescubre un mundo degradado por la codicia y la indiferencia. Disc\u00edpulo aventajado de George Orwell, George Turner demostr\u00f3 ser una maestro de la corriente de anticipaci\u00f3n cient\u00edfica llamada Near Future (futuro cercano), como lo prueba el premio Arthur C. Clarke que le fue otorgado en 1988 por las Torres de olvido \u00ab<\/p>\n","protected":false},"excerpt":{"rendered":"<p>George Turner<\/p>\n","protected":false},"featured_media":4935,"template":"","meta":{"_joinchat":[]},"product_brand":[],"product_cat":[40,72,51],"product_tag":[34],"class_list":{"0":"post-4934","1":"product","2":"type-product","3":"status-publish","4":"has-post-thumbnail","6":"product_cat-ciencia-ficcion","7":"product_cat-distopico","8":"product_cat-oferta","9":"product_tag-penguin-random-house","11":"first","12":"outofstock","13":"shipping-taxable","14":"purchasable","15":"product-type-simple"},"_links":{"self":[{"href":"https:\/\/libreriahistoriasdebolsillo.com\/index.php\/wp-json\/wp\/v2\/product\/4934","targetHints":{"allow":["GET"]}}],"collection":[{"href":"https:\/\/libreriahistoriasdebolsillo.com\/index.php\/wp-json\/wp\/v2\/product"}],"about":[{"href":"https:\/\/libreriahistoriasdebolsillo.com\/index.php\/wp-json\/wp\/v2\/types\/product"}],"wp:featuredmedia":[{"embeddable":true,"href":"https:\/\/libreriahistoriasdebolsillo.com\/index.php\/wp-json\/wp\/v2\/media\/4935"}],"wp:attachment":[{"href":"https:\/\/libreriahistoriasdebolsillo.com\/index.php\/wp-json\/wp\/v2\/media?parent=4934"}],"wp:term":[{"taxonomy":"product_brand","embeddable":true,"href":"https:\/\/libreriahistoriasdebolsillo.com\/index.php\/wp-json\/wp\/v2\/product_brand?post=4934"},{"taxonomy":"product_cat","embeddable":true,"href":"https:\/\/libreriahistoriasdebolsillo.com\/index.php\/wp-json\/wp\/v2\/product_cat?post=4934"},{"taxonomy":"product_tag","embeddable":true,"href":"https:\/\/libreriahistoriasdebolsillo.com\/index.php\/wp-json\/wp\/v2\/product_tag?post=4934"}],"curies":[{"name":"wp","href":"https:\/\/api.w.org\/{rel}","templated":true}]}}