{"id":4936,"date":"2024-05-20T14:08:19","date_gmt":"2024-05-20T20:08:19","guid":{"rendered":"https:\/\/libreriahistoriasdebolsillo.com\/?post_type=product&#038;p=4936"},"modified":"2024-08-08T13:57:32","modified_gmt":"2024-08-08T19:57:32","slug":"la-mujer-del-camarote-10","status":"publish","type":"product","link":"https:\/\/libreriahistoriasdebolsillo.com\/index.php\/producto\/la-mujer-del-camarote-10\/","title":{"rendered":"La mujer del camarote 10"},"content":{"rendered":"<p><strong>Has sido testigo de un asesinato&#8230;y nadie te cree..<\/strong><\/p>\n<p>La invitaci\u00f3n a\u00a0<b>un crucero de lujo<\/b>, que zarpa de Londres rumbo a los fiordos noruegos, es como un sue\u00f1o hecho realidad para Laura Blacklock, una joven periodista en horas bajas. La oportunidad es doble: no s\u00f3lo podr\u00e1 contemplar la maravillosa aurora boreal, sino que se codear\u00e1 con gente influyente que podr\u00eda ayudarla a reconducir su carrera profesional.<\/p>\n<p>Los primeros compases de la traves\u00eda discurren conforme a lo previsto: el ambiente del barco es suntuoso, el servicio, de primera categor\u00eda, y el pasaje derrocha elegancia, simpat\u00eda y dinero. Sin embargo, todo cambia cuando, una noche, un grito aterrador despierta a Laura, quien, estupefacta, observa c\u00f3mo\u00a0<b>el cuerpo de una mujer cae al mar<\/b>\u00a0desde el compartimento contiguo. Al dar la voz de alarma, la tripulaci\u00f3n le asegura queel camarote n\u00famero 10 siempre ha estado vac\u00edo y que no falta ning\u00fan pasajero a bordo. As\u00ed, con\u00a0<b>creciente inquietud<\/b>, Laura comprueba que&#8230; nadie le cree. Y lo peor no es que se sienta sola y aislada, sino que una serie de\u00a0<b>extra\u00f1os acontecimientos\u00a0<\/b>la convencen de que ella puede ser\u00a0<b>la pr\u00f3xima v\u00edctima<\/b>.<\/p>\n","protected":false},"excerpt":{"rendered":"<p>Ruth Ware<\/p>\n","protected":false},"featured_media":4937,"template":"","meta":{"_joinchat":[]},"product_brand":[],"product_cat":[37,51],"product_tag":[34],"class_list":{"0":"post-4936","1":"product","2":"type-product","3":"status-publish","4":"has-post-thumbnail","6":"product_cat-misterio-y-thriller","7":"product_cat-oferta","8":"product_tag-penguin-random-house","10":"first","11":"outofstock","12":"sale","13":"shipping-taxable","14":"purchasable","15":"product-type-simple"},"_links":{"self":[{"href":"https:\/\/libreriahistoriasdebolsillo.com\/index.php\/wp-json\/wp\/v2\/product\/4936","targetHints":{"allow":["GET"]}}],"collection":[{"href":"https:\/\/libreriahistoriasdebolsillo.com\/index.php\/wp-json\/wp\/v2\/product"}],"about":[{"href":"https:\/\/libreriahistoriasdebolsillo.com\/index.php\/wp-json\/wp\/v2\/types\/product"}],"wp:featuredmedia":[{"embeddable":true,"href":"https:\/\/libreriahistoriasdebolsillo.com\/index.php\/wp-json\/wp\/v2\/media\/4937"}],"wp:attachment":[{"href":"https:\/\/libreriahistoriasdebolsillo.com\/index.php\/wp-json\/wp\/v2\/media?parent=4936"}],"wp:term":[{"taxonomy":"product_brand","embeddable":true,"href":"https:\/\/libreriahistoriasdebolsillo.com\/index.php\/wp-json\/wp\/v2\/product_brand?post=4936"},{"taxonomy":"product_cat","embeddable":true,"href":"https:\/\/libreriahistoriasdebolsillo.com\/index.php\/wp-json\/wp\/v2\/product_cat?post=4936"},{"taxonomy":"product_tag","embeddable":true,"href":"https:\/\/libreriahistoriasdebolsillo.com\/index.php\/wp-json\/wp\/v2\/product_tag?post=4936"}],"curies":[{"name":"wp","href":"https:\/\/api.w.org\/{rel}","templated":true}]}}