{"id":4940,"date":"2024-05-20T14:22:54","date_gmt":"2024-05-20T20:22:54","guid":{"rendered":"https:\/\/libreriahistoriasdebolsillo.com\/?post_type=product&#038;p=4940"},"modified":"2025-12-26T11:28:13","modified_gmt":"2025-12-26T17:28:13","slug":"reckoners-2-firefight","status":"publish","type":"product","link":"https:\/\/libreriahistoriasdebolsillo.com\/index.php\/producto\/reckoners-2-firefight\/","title":{"rendered":"Reckoners 2. Firefight"},"content":{"rendered":"<p><b><i>Firefight<\/i>\u00a0es el segundo volumen de la elogiada \u00abTrilog\u00eda de los Reckoners\u00bb de Brandon Sanderson, el autor de fantas\u00eda \u00e9pica que m\u00e1s lectores est\u00e1 ganado en todo el mundo y que ya se ha convertido en el futuro heredero del trono de todo un g\u00e9nero.<\/b><\/p>\n<p><b>La presente edici\u00f3n de\u00a0<i>Firefight<\/i>\u00a0incluye el relato \u00abMitosis\u00bb, cuya lectura se sit\u00faa entre los libros uno y dos de la trilog\u00eda.<\/b><\/p>\n<p>La ciudad de Chicago Nova es libre.<\/p>\n<p>Le dijeron a David que era imposible, que ni siquiera los Reckoners hab\u00edan sido capaces de matar a un Gran \u00c9pico. Sin embargo, Steelheart -invencible, inmortal, inamovible- ha muerto. Y David fue el responsable de su fin. Acabar con Steelheart deber\u00eda haber completado la vida de David. Pero en realidad, solo le sirvi\u00f3 para ser consciente de todas las preguntas para las que no tiene respuesta. Y en Chicago Nova nadie puede contestarlas.<\/p>\n<p>Pese a todo, en Babilonia Restaurada, el lugar antes conocido como Manhattan, quiz\u00e1 pueda encontrar las respuestas. Es unan urbe inundada y triste, gobernada por la Gran \u00c9pica Regalia, pero David est\u00e1 seguro de que por all\u00ed pasa el camino que le llevar\u00e1 a lo que busca. Es arriesgado entrar en una ciudad bajo el yugo de una desp\u00f3tica Gran \u00c9pica, pero para David la apuesta vale la pena. Porque la muerte de Steelheart solo logr\u00f3 dejarle un enorme vac\u00edo donde antes resid\u00eda su sed de venganza: en el coraz\u00f3n. Hab\u00eda logrado llenar ese vac\u00edo con Firefight, una \u00c9pica desaparecida. Y ahora se embarcar\u00e1 en una empresa m\u00e1s peligrosa y siniestra que la rebeli\u00f3n contra Steelheart.<\/p>\n<p><b>Partir\u00e1 en busca de Firefight y de las respuestas que necesita.<\/b><\/p>\n","protected":false},"excerpt":{"rendered":"<p>Brandon Sanderson<\/p>\n","protected":false},"featured_media":4941,"template":"","meta":{"_joinchat":[]},"product_brand":[],"product_cat":[72,77],"product_tag":[34],"class_list":{"0":"post-4940","1":"product","2":"type-product","3":"status-publish","4":"has-post-thumbnail","6":"product_cat-distopico","7":"product_cat-fantasia-urbana","8":"product_tag-penguin-random-house","10":"first","11":"outofstock","12":"shipping-taxable","13":"purchasable","14":"product-type-simple"},"_links":{"self":[{"href":"https:\/\/libreriahistoriasdebolsillo.com\/index.php\/wp-json\/wp\/v2\/product\/4940","targetHints":{"allow":["GET"]}}],"collection":[{"href":"https:\/\/libreriahistoriasdebolsillo.com\/index.php\/wp-json\/wp\/v2\/product"}],"about":[{"href":"https:\/\/libreriahistoriasdebolsillo.com\/index.php\/wp-json\/wp\/v2\/types\/product"}],"wp:featuredmedia":[{"embeddable":true,"href":"https:\/\/libreriahistoriasdebolsillo.com\/index.php\/wp-json\/wp\/v2\/media\/4941"}],"wp:attachment":[{"href":"https:\/\/libreriahistoriasdebolsillo.com\/index.php\/wp-json\/wp\/v2\/media?parent=4940"}],"wp:term":[{"taxonomy":"product_brand","embeddable":true,"href":"https:\/\/libreriahistoriasdebolsillo.com\/index.php\/wp-json\/wp\/v2\/product_brand?post=4940"},{"taxonomy":"product_cat","embeddable":true,"href":"https:\/\/libreriahistoriasdebolsillo.com\/index.php\/wp-json\/wp\/v2\/product_cat?post=4940"},{"taxonomy":"product_tag","embeddable":true,"href":"https:\/\/libreriahistoriasdebolsillo.com\/index.php\/wp-json\/wp\/v2\/product_tag?post=4940"}],"curies":[{"name":"wp","href":"https:\/\/api.w.org\/{rel}","templated":true}]}}