{"id":4948,"date":"2024-05-20T14:37:27","date_gmt":"2024-05-20T20:37:27","guid":{"rendered":"https:\/\/libreriahistoriasdebolsillo.com\/?post_type=product&#038;p=4948"},"modified":"2025-02-14T18:11:25","modified_gmt":"2025-02-15T00:11:25","slug":"cuando-ellas-escribieron","status":"publish","type":"product","link":"https:\/\/libreriahistoriasdebolsillo.com\/index.php\/producto\/cuando-ellas-escribieron\/","title":{"rendered":"Cuando ellas escribieron"},"content":{"rendered":"<p>En\u00a0<i>Cuando ellas escribieron<\/i>\u00a0conocer\u00e1s las historias m\u00e1s fascinantes, inesperadas e inspiradoras de las mejores escritoras de habla inglesa.<\/p>\n<p>Esta interesante colecci\u00f3n gr\u00e1fica incluye a 18 mujeres, entre ellas Jane Austen, Louisa May Alcott, Alice Dunbar Nelson y Anne Lister, y se plantea una pregunta muy sencilla: en una \u00e9poca en la que las escritoras sol\u00edan ser subestimadas, ignoradas o encasilladas, \u00bfpor qu\u00e9 escrib\u00edan?<\/p>\n<p>\u00bfPor qu\u00e9 Jane Austen se esforz\u00f3 tanto por escribir durante cinco a\u00f1os antes de lograr publicar su primera novela? \u00bfPor qu\u00e9 las hermanas Bront\u00eb decidieron escribir con pseud\u00f3nimos masculinos? \u00bfPor qu\u00e9 Anne Lister escribi\u00f3 en c\u00f3digo sus diarios personales?<\/p>\n<p>Descubre a las escritoras de los siglos XVIII, XIX y principios del XX, desde las favoritas de todo el mundo hasta las que han ca\u00eddo en un injusto olvido, y sus historias, a veces desconocidas.<\/p>\n","protected":false},"excerpt":{"rendered":"<p>Lauren Burke y Hannah K Chapman<\/p>\n<p>Ilustrado por Kaley Bales<\/p>\n","protected":false},"featured_media":4949,"template":"","meta":{"_joinchat":[]},"product_brand":[],"product_cat":[41],"product_tag":[48],"class_list":{"0":"post-4948","1":"product","2":"type-product","3":"status-publish","4":"has-post-thumbnail","6":"product_cat-desarrollo-humano","7":"product_tag-vr-editoras","9":"first","10":"outofstock","11":"shipping-taxable","12":"purchasable","13":"product-type-simple"},"_links":{"self":[{"href":"https:\/\/libreriahistoriasdebolsillo.com\/index.php\/wp-json\/wp\/v2\/product\/4948","targetHints":{"allow":["GET"]}}],"collection":[{"href":"https:\/\/libreriahistoriasdebolsillo.com\/index.php\/wp-json\/wp\/v2\/product"}],"about":[{"href":"https:\/\/libreriahistoriasdebolsillo.com\/index.php\/wp-json\/wp\/v2\/types\/product"}],"wp:featuredmedia":[{"embeddable":true,"href":"https:\/\/libreriahistoriasdebolsillo.com\/index.php\/wp-json\/wp\/v2\/media\/4949"}],"wp:attachment":[{"href":"https:\/\/libreriahistoriasdebolsillo.com\/index.php\/wp-json\/wp\/v2\/media?parent=4948"}],"wp:term":[{"taxonomy":"product_brand","embeddable":true,"href":"https:\/\/libreriahistoriasdebolsillo.com\/index.php\/wp-json\/wp\/v2\/product_brand?post=4948"},{"taxonomy":"product_cat","embeddable":true,"href":"https:\/\/libreriahistoriasdebolsillo.com\/index.php\/wp-json\/wp\/v2\/product_cat?post=4948"},{"taxonomy":"product_tag","embeddable":true,"href":"https:\/\/libreriahistoriasdebolsillo.com\/index.php\/wp-json\/wp\/v2\/product_tag?post=4948"}],"curies":[{"name":"wp","href":"https:\/\/api.w.org\/{rel}","templated":true}]}}