{"id":4950,"date":"2024-05-20T14:39:33","date_gmt":"2024-05-20T20:39:33","guid":{"rendered":"https:\/\/libreriahistoriasdebolsillo.com\/?post_type=product&#038;p=4950"},"modified":"2025-11-26T18:21:22","modified_gmt":"2025-11-27T00:21:22","slug":"la-magia-de-lo-incomodo","status":"publish","type":"product","link":"https:\/\/libreriahistoriasdebolsillo.com\/index.php\/producto\/la-magia-de-lo-incomodo\/","title":{"rendered":"La magia de lo inc\u00f3modo"},"content":{"rendered":"<p>Duerme a la intemperie, aprende malabares, resuelve un cubo de Rubik o come algo que no te guste. Permite que el poder de la incomodidad inunde tu vida y sorpr\u00e9ndete con las maravillosas lecciones de resiliencia que aguardan en tu interior.<\/p>\n<p>As\u00ed lo hizo Ben Aldridge, quien tras fuertes episodios de ansiedad que impactaron su rutina diaria, quiso derribar las barreras mentales de una forma creativa: dise\u00f1\u00f3 y realiz\u00f3 estos 43 desaf\u00edos para abrazar su incomodidad e impulsarse con ella.<\/p>\n<p>Tienes en tus manos el resultado de su experiencia y tambi\u00e9n una invitaci\u00f3n a romper con tus limitantes autoimpuestas para desbloquear tu potencial. \u00a1Ejercita tu fortaleza mental, abandona tu zona de confort y renueva tu vida con este extraordinario libro!<\/p>\n","protected":false},"excerpt":{"rendered":"<p>Ben Aldridge<\/p>\n","protected":false},"featured_media":4951,"template":"","meta":{"_joinchat":[]},"product_brand":[],"product_cat":[58,41],"product_tag":[48],"class_list":{"0":"post-4950","1":"product","2":"type-product","3":"status-publish","4":"has-post-thumbnail","6":"product_cat-desarrollo-humano-y-superacion","7":"product_cat-desarrollo-humano","8":"product_tag-vr-editoras","10":"first","11":"instock","12":"shipping-taxable","13":"purchasable","14":"product-type-simple"},"_links":{"self":[{"href":"https:\/\/libreriahistoriasdebolsillo.com\/index.php\/wp-json\/wp\/v2\/product\/4950","targetHints":{"allow":["GET"]}}],"collection":[{"href":"https:\/\/libreriahistoriasdebolsillo.com\/index.php\/wp-json\/wp\/v2\/product"}],"about":[{"href":"https:\/\/libreriahistoriasdebolsillo.com\/index.php\/wp-json\/wp\/v2\/types\/product"}],"wp:featuredmedia":[{"embeddable":true,"href":"https:\/\/libreriahistoriasdebolsillo.com\/index.php\/wp-json\/wp\/v2\/media\/4951"}],"wp:attachment":[{"href":"https:\/\/libreriahistoriasdebolsillo.com\/index.php\/wp-json\/wp\/v2\/media?parent=4950"}],"wp:term":[{"taxonomy":"product_brand","embeddable":true,"href":"https:\/\/libreriahistoriasdebolsillo.com\/index.php\/wp-json\/wp\/v2\/product_brand?post=4950"},{"taxonomy":"product_cat","embeddable":true,"href":"https:\/\/libreriahistoriasdebolsillo.com\/index.php\/wp-json\/wp\/v2\/product_cat?post=4950"},{"taxonomy":"product_tag","embeddable":true,"href":"https:\/\/libreriahistoriasdebolsillo.com\/index.php\/wp-json\/wp\/v2\/product_tag?post=4950"}],"curies":[{"name":"wp","href":"https:\/\/api.w.org\/{rel}","templated":true}]}}