{"id":4952,"date":"2024-05-20T14:41:34","date_gmt":"2024-05-20T20:41:34","guid":{"rendered":"https:\/\/libreriahistoriasdebolsillo.com\/?post_type=product&#038;p=4952"},"modified":"2025-11-26T18:21:27","modified_gmt":"2025-11-27T00:21:27","slug":"lettering-desde-cero","status":"publish","type":"product","link":"https:\/\/libreriahistoriasdebolsillo.com\/index.php\/producto\/lettering-desde-cero\/","title":{"rendered":"Lettering desde cero"},"content":{"rendered":"<p>\u00bfAlguna vez has deseado escribir palabras hermosas y art\u00edsticas? \u00bfDejar un recado para alguien y que lo guarde como un tesoro? Este libro ser\u00e1 tu gu\u00eda y c\u00f3mplice para lograrlo, no importa si eres principiante o si ya tienes experiencia.<\/p>\n<p>Adem\u00e1s de divertirte y explorar tu creatividad, aprender\u00e1s poco a poco a experimentar con tus trazos y descubrir tus habilidades. Tambi\u00e9n conocer\u00e1s t\u00e9cnicas, trucos y consejos para desarrollar tu propio estilo.<\/p>\n<p>Deja volar tu imaginaci\u00f3n con l\u00e1pices, plumas y rotuladores para que puedas manejar cada uno de ellos. Y, al final de este libro, descubre por qu\u00e9 aprender lettering puede ser mucho m\u00e1s que un pasatiempo hermoso, incluso hasta una forma de vivir.<\/p>\n","protected":false},"excerpt":{"rendered":"<p>Daniela Zeckua Gale<\/p>\n","protected":false},"featured_media":4953,"template":"","meta":{"_joinchat":[]},"product_brand":[],"product_cat":[50],"product_tag":[48],"class_list":{"0":"post-4952","1":"product","2":"type-product","3":"status-publish","4":"has-post-thumbnail","6":"product_cat-mandalas-y-libros-para-colorear","7":"product_tag-vr-editoras","9":"first","10":"outofstock","11":"shipping-taxable","12":"purchasable","13":"product-type-simple"},"_links":{"self":[{"href":"https:\/\/libreriahistoriasdebolsillo.com\/index.php\/wp-json\/wp\/v2\/product\/4952","targetHints":{"allow":["GET"]}}],"collection":[{"href":"https:\/\/libreriahistoriasdebolsillo.com\/index.php\/wp-json\/wp\/v2\/product"}],"about":[{"href":"https:\/\/libreriahistoriasdebolsillo.com\/index.php\/wp-json\/wp\/v2\/types\/product"}],"wp:featuredmedia":[{"embeddable":true,"href":"https:\/\/libreriahistoriasdebolsillo.com\/index.php\/wp-json\/wp\/v2\/media\/4953"}],"wp:attachment":[{"href":"https:\/\/libreriahistoriasdebolsillo.com\/index.php\/wp-json\/wp\/v2\/media?parent=4952"}],"wp:term":[{"taxonomy":"product_brand","embeddable":true,"href":"https:\/\/libreriahistoriasdebolsillo.com\/index.php\/wp-json\/wp\/v2\/product_brand?post=4952"},{"taxonomy":"product_cat","embeddable":true,"href":"https:\/\/libreriahistoriasdebolsillo.com\/index.php\/wp-json\/wp\/v2\/product_cat?post=4952"},{"taxonomy":"product_tag","embeddable":true,"href":"https:\/\/libreriahistoriasdebolsillo.com\/index.php\/wp-json\/wp\/v2\/product_tag?post=4952"}],"curies":[{"name":"wp","href":"https:\/\/api.w.org\/{rel}","templated":true}]}}