{"id":4969,"date":"2024-06-11T13:40:53","date_gmt":"2024-06-11T19:40:53","guid":{"rendered":"https:\/\/libreriahistoriasdebolsillo.com\/?post_type=product&#038;p=4969"},"modified":"2025-11-26T18:21:32","modified_gmt":"2025-11-27T00:21:32","slug":"wild-2-alaska-contigo","status":"publish","type":"product","link":"https:\/\/libreriahistoriasdebolsillo.com\/index.php\/producto\/wild-2-alaska-contigo\/","title":{"rendered":"Wild 2. Alaska contigo"},"content":{"rendered":"<p>\u00bfQu\u00e9 poder tiene Alaska? \u00bfC\u00f3mo es capaz de cambiar tanto a una persona? Calla Fletcher vuelve a Toronto siendo una persona distinta, luchando por encontrar su sitio y perdidamente enamorada del piloto que dej\u00f3 atr\u00e1s. Y cuando Jonah llama a su puerta, no puede evitar tomarlo de la mano e irse con \u00e9l a Alaska. Pero Calla pronto descubre que la promesa de un futuro juntos es m\u00e1s una fantas\u00eda que realidad y que la salvaje Alaska no piensa ponerle las cosas f\u00e1ciles. Jonah pasa mucho tiempo fuera de casa, lo que deja a Calla sola, tratando de forjar su camino entre la espesa tundra. Los meses de invierno son largos, fr\u00edos y muy oscuros, y Calla empieza a temer que est\u00e9 condenada a seguir los pasos de su madre: renunciar al amor para vivir entre brisas m\u00e1s c\u00e1lidas. \u00bfPodr\u00e1 su amor sobrevivir a esta g\u00e9lida tormenta?<\/p>\n","protected":false},"excerpt":{"rendered":"<p>K.A. Tucker<\/p>\n","protected":false},"featured_media":4970,"template":"","meta":{"_joinchat":[]},"product_brand":[],"product_cat":[35],"product_tag":[48],"class_list":{"0":"post-4969","1":"product","2":"type-product","3":"status-publish","4":"has-post-thumbnail","6":"product_cat-romantica","7":"product_tag-vr-editoras","9":"first","10":"instock","11":"shipping-taxable","12":"purchasable","13":"product-type-simple"},"_links":{"self":[{"href":"https:\/\/libreriahistoriasdebolsillo.com\/index.php\/wp-json\/wp\/v2\/product\/4969","targetHints":{"allow":["GET"]}}],"collection":[{"href":"https:\/\/libreriahistoriasdebolsillo.com\/index.php\/wp-json\/wp\/v2\/product"}],"about":[{"href":"https:\/\/libreriahistoriasdebolsillo.com\/index.php\/wp-json\/wp\/v2\/types\/product"}],"wp:featuredmedia":[{"embeddable":true,"href":"https:\/\/libreriahistoriasdebolsillo.com\/index.php\/wp-json\/wp\/v2\/media\/4970"}],"wp:attachment":[{"href":"https:\/\/libreriahistoriasdebolsillo.com\/index.php\/wp-json\/wp\/v2\/media?parent=4969"}],"wp:term":[{"taxonomy":"product_brand","embeddable":true,"href":"https:\/\/libreriahistoriasdebolsillo.com\/index.php\/wp-json\/wp\/v2\/product_brand?post=4969"},{"taxonomy":"product_cat","embeddable":true,"href":"https:\/\/libreriahistoriasdebolsillo.com\/index.php\/wp-json\/wp\/v2\/product_cat?post=4969"},{"taxonomy":"product_tag","embeddable":true,"href":"https:\/\/libreriahistoriasdebolsillo.com\/index.php\/wp-json\/wp\/v2\/product_tag?post=4969"}],"curies":[{"name":"wp","href":"https:\/\/api.w.org\/{rel}","templated":true}]}}