{"id":4971,"date":"2024-06-11T13:43:19","date_gmt":"2024-06-11T19:43:19","guid":{"rendered":"https:\/\/libreriahistoriasdebolsillo.com\/?post_type=product&#038;p=4971"},"modified":"2025-11-26T18:21:37","modified_gmt":"2025-11-27T00:21:37","slug":"the-breakup-tour","status":"publish","type":"product","link":"https:\/\/libreriahistoriasdebolsillo.com\/index.php\/producto\/the-breakup-tour\/","title":{"rendered":"The breakup tour"},"content":{"rendered":"<p>\u00abRiley Wynn pas\u00f3 de ser una cantautora prometedora a una superestrella de la noche a la ma\u00f1ana, gracias a su \u00e1lbum conceptual de canciones de ruptura y su inolvidable sencillo principal. Cuando el exmarido de Riley afirma que la exitosa canci\u00f3n trata sobre \u00e9l, ella hace algo que no ha hecho en diez a\u00f1os y llama a Max Harcourt, su novio de la universidad y la verdadera inspiraci\u00f3n para la canci\u00f3n del verano, y le pide que se haga p\u00fablico como su musa compositora. \u00c9l acepta.<\/p>\n<p>Mientras act\u00faan por todo el pa\u00eds, Max y Riley comienzan a darse cuenta de que, si bien tocaron algunas notas equivocadas en el pasado, su futuro podr\u00eda deparar cosas incre\u00edbles. Y su relaci\u00f3n reavivada durar\u00e1 para siempre o se arruinar\u00e1.\u00bb<\/p>\n","protected":false},"excerpt":{"rendered":"<p>Emily Wibberley y Austin Siegemund-Broka<\/p>\n","protected":false},"featured_media":4972,"template":"","meta":{"_joinchat":[]},"product_brand":[],"product_cat":[35],"product_tag":[48],"class_list":{"0":"post-4971","1":"product","2":"type-product","3":"status-publish","4":"has-post-thumbnail","6":"product_cat-romantica","7":"product_tag-vr-editoras","9":"first","10":"instock","11":"shipping-taxable","12":"purchasable","13":"product-type-simple"},"_links":{"self":[{"href":"https:\/\/libreriahistoriasdebolsillo.com\/index.php\/wp-json\/wp\/v2\/product\/4971","targetHints":{"allow":["GET"]}}],"collection":[{"href":"https:\/\/libreriahistoriasdebolsillo.com\/index.php\/wp-json\/wp\/v2\/product"}],"about":[{"href":"https:\/\/libreriahistoriasdebolsillo.com\/index.php\/wp-json\/wp\/v2\/types\/product"}],"wp:featuredmedia":[{"embeddable":true,"href":"https:\/\/libreriahistoriasdebolsillo.com\/index.php\/wp-json\/wp\/v2\/media\/4972"}],"wp:attachment":[{"href":"https:\/\/libreriahistoriasdebolsillo.com\/index.php\/wp-json\/wp\/v2\/media?parent=4971"}],"wp:term":[{"taxonomy":"product_brand","embeddable":true,"href":"https:\/\/libreriahistoriasdebolsillo.com\/index.php\/wp-json\/wp\/v2\/product_brand?post=4971"},{"taxonomy":"product_cat","embeddable":true,"href":"https:\/\/libreriahistoriasdebolsillo.com\/index.php\/wp-json\/wp\/v2\/product_cat?post=4971"},{"taxonomy":"product_tag","embeddable":true,"href":"https:\/\/libreriahistoriasdebolsillo.com\/index.php\/wp-json\/wp\/v2\/product_tag?post=4971"}],"curies":[{"name":"wp","href":"https:\/\/api.w.org\/{rel}","templated":true}]}}