{"id":4977,"date":"2024-06-11T13:49:21","date_gmt":"2024-06-11T19:49:21","guid":{"rendered":"https:\/\/libreriahistoriasdebolsillo.com\/?post_type=product&#038;p=4977"},"modified":"2025-11-26T18:21:54","modified_gmt":"2025-11-27T00:21:54","slug":"zensorialmente","status":"publish","type":"product","link":"https:\/\/libreriahistoriasdebolsillo.com\/index.php\/producto\/zensorialmente\/","title":{"rendered":"Zensorialmente"},"content":{"rendered":"<p>\u00bfAlguna vez escuchaste la expresi\u00f3n \u201cel cuerpo no miente\u201d? \u00bfPor qu\u00e9 durante estas \u00faltimas d\u00e9cadas estuvimos m\u00e1s interesados en los misterios del cerebro y no de nuestro verdadero templo \u00fanico, nuestro cuerpo? Luego de a\u00f1os de dedicarme al estudio del cerebro, me di cuenta de que nos falta algo: aprender a sentir lo que sentimos. La experiencia de nuestra experiencia. Escuchar, registrar y entender a nuestro cuerpo y su relaci\u00f3n con el cerebro.<\/p>\n<p>ZensorialMente es una bit\u00e1cora para que fortalezcas la inteligencia que te falta, tu inteligencia sensorial: el veh\u00edculo fundamental para que aprendas c\u00f3mo tu primer sentido en desarrollarse y junto con el movimiento son los datos crudos que tu cuerpo aporta para construir tus emociones y tu realidad.<\/p>\n<p>Piensa en las sensaciones como la banda sonora de una pel\u00edcula. Tienen el poder de hacerte sentir feliz, triste, esperanzado o al l\u00edmite. Te propongo seis movimientos a trav\u00e9s de los cuales sentir tu cuerpo. Cuando desarrolles el poder de entenderlos distinguirlos, podr\u00e1s habitar un estado de calma atenta, uno de los pilares de la filosof\u00eda zen. As\u00ed tus acciones ser\u00e1n guiadas mucho m\u00e1s por tu intuici\u00f3n que tu esfuerzo consciente. Solo necesitas dejar que tu cuerpo, esta vez, sea tu cuerpo.<\/p>\n","protected":false},"excerpt":{"rendered":"<p>Estanislao Bachrach<\/p>\n<p>256 p\u00e1ginas<\/p>\n","protected":false},"featured_media":4978,"template":"","meta":{"_joinchat":[]},"product_brand":[],"product_cat":[58,41],"product_tag":[48],"class_list":{"0":"post-4977","1":"product","2":"type-product","3":"status-publish","4":"has-post-thumbnail","6":"product_cat-desarrollo-humano-y-superacion","7":"product_cat-desarrollo-humano","8":"product_tag-vr-editoras","10":"first","11":"instock","12":"shipping-taxable","13":"purchasable","14":"product-type-simple"},"_links":{"self":[{"href":"https:\/\/libreriahistoriasdebolsillo.com\/index.php\/wp-json\/wp\/v2\/product\/4977","targetHints":{"allow":["GET"]}}],"collection":[{"href":"https:\/\/libreriahistoriasdebolsillo.com\/index.php\/wp-json\/wp\/v2\/product"}],"about":[{"href":"https:\/\/libreriahistoriasdebolsillo.com\/index.php\/wp-json\/wp\/v2\/types\/product"}],"wp:featuredmedia":[{"embeddable":true,"href":"https:\/\/libreriahistoriasdebolsillo.com\/index.php\/wp-json\/wp\/v2\/media\/4978"}],"wp:attachment":[{"href":"https:\/\/libreriahistoriasdebolsillo.com\/index.php\/wp-json\/wp\/v2\/media?parent=4977"}],"wp:term":[{"taxonomy":"product_brand","embeddable":true,"href":"https:\/\/libreriahistoriasdebolsillo.com\/index.php\/wp-json\/wp\/v2\/product_brand?post=4977"},{"taxonomy":"product_cat","embeddable":true,"href":"https:\/\/libreriahistoriasdebolsillo.com\/index.php\/wp-json\/wp\/v2\/product_cat?post=4977"},{"taxonomy":"product_tag","embeddable":true,"href":"https:\/\/libreriahistoriasdebolsillo.com\/index.php\/wp-json\/wp\/v2\/product_tag?post=4977"}],"curies":[{"name":"wp","href":"https:\/\/api.w.org\/{rel}","templated":true}]}}