{"id":4983,"date":"2024-06-17T15:45:24","date_gmt":"2024-06-17T21:45:24","guid":{"rendered":"https:\/\/libreriahistoriasdebolsillo.com\/?post_type=product&#038;p=4983"},"modified":"2025-07-08T11:33:42","modified_gmt":"2025-07-08T17:33:42","slug":"taylor-from-the-vault","status":"publish","type":"product","link":"https:\/\/libreriahistoriasdebolsillo.com\/index.php\/producto\/taylor-from-the-vault\/","title":{"rendered":"Taylor from the vault"},"content":{"rendered":"<p>Por primera vez,\u00a0<b>Taylor llega<\/b>\u00a0<b>a Latinoam\u00e9rica<\/b>\u00a0y es un punto de inflexi\u00f3n para toda una generaci\u00f3n que lleva a\u00f1os esperando disfrutar de sus\u00a0<b>canciones en<\/b>\u00a0<b>vivo<\/b>\u00a0y poder tenerla cerca.<\/p>\n<p>Por fin lleg\u00f3 lo que tanto dese\u00e1bamos y nos gustar\u00eda tener una enorme caja fuerte para guardar este momento tan valioso, un espacio seguro para conservar nuestrosrecuerdos m\u00e1s preciados para siempre. Estas p\u00e1ginas intentan convertirse en ese rinc\u00f3n para\u00a0<b>preservar las mejores eras vividas.<\/b><\/p>\n<p>Tal vez sirva para mostrarles a los pocos que no la conocen, o a quienes nos sucedan, por qu\u00e9\u00a0<b>Taylor es tan extraordinaria<\/b>, talentosa,poderosa y a la vez tan cercana. Porque sus letras nos identifican y nos acompa\u00f1an en cada momento de nuestras vidas y seguimos su legado para que su brillo contin\u00fae eternamente.<\/p>\n","protected":false},"excerpt":{"rendered":"<p>128 p\u00e1ginas<\/p>\n","protected":false},"featured_media":4984,"template":"","meta":{"_joinchat":[]},"product_brand":[],"product_cat":[52],"product_tag":[34],"class_list":{"0":"post-4983","1":"product","2":"type-product","3":"status-publish","4":"has-post-thumbnail","6":"product_cat-juvenil","7":"product_tag-penguin-random-house","9":"first","10":"outofstock","11":"shipping-taxable","12":"purchasable","13":"product-type-simple"},"_links":{"self":[{"href":"https:\/\/libreriahistoriasdebolsillo.com\/index.php\/wp-json\/wp\/v2\/product\/4983","targetHints":{"allow":["GET"]}}],"collection":[{"href":"https:\/\/libreriahistoriasdebolsillo.com\/index.php\/wp-json\/wp\/v2\/product"}],"about":[{"href":"https:\/\/libreriahistoriasdebolsillo.com\/index.php\/wp-json\/wp\/v2\/types\/product"}],"wp:featuredmedia":[{"embeddable":true,"href":"https:\/\/libreriahistoriasdebolsillo.com\/index.php\/wp-json\/wp\/v2\/media\/4984"}],"wp:attachment":[{"href":"https:\/\/libreriahistoriasdebolsillo.com\/index.php\/wp-json\/wp\/v2\/media?parent=4983"}],"wp:term":[{"taxonomy":"product_brand","embeddable":true,"href":"https:\/\/libreriahistoriasdebolsillo.com\/index.php\/wp-json\/wp\/v2\/product_brand?post=4983"},{"taxonomy":"product_cat","embeddable":true,"href":"https:\/\/libreriahistoriasdebolsillo.com\/index.php\/wp-json\/wp\/v2\/product_cat?post=4983"},{"taxonomy":"product_tag","embeddable":true,"href":"https:\/\/libreriahistoriasdebolsillo.com\/index.php\/wp-json\/wp\/v2\/product_tag?post=4983"}],"curies":[{"name":"wp","href":"https:\/\/api.w.org\/{rel}","templated":true}]}}