{"id":4985,"date":"2024-06-17T15:47:33","date_gmt":"2024-06-17T21:47:33","guid":{"rendered":"https:\/\/libreriahistoriasdebolsillo.com\/?post_type=product&#038;p=4985"},"modified":"2025-11-26T18:22:05","modified_gmt":"2025-11-27T00:22:05","slug":"las-mujeres-de-la-guerra","status":"publish","type":"product","link":"https:\/\/libreriahistoriasdebolsillo.com\/index.php\/producto\/las-mujeres-de-la-guerra\/","title":{"rendered":"Las mujeres de la guerra"},"content":{"rendered":"<p>\u00abLas mujeres pueden ser hero\u00ednas\u00bb. Cuando Frankie McGrath, estudiante de enfermer\u00eda de veinte a\u00f1os, oye por primera vez estas inesperadas palabras, siente una revelaci\u00f3n. Criada en el id\u00edlico y soleado sur de California y protegida por sus conservadores padres, siempre se ha enorgullecido de hacer lo que se espera de ella, de ser una buena chica. Pero en 1966 el mundo est\u00e1 cambiando y, de repente, su vida parece abrirse a nuevas posibilidades. Cuando su hermano parte para combatir en Vietnam, ella se une de manera impulsiva al Cuerpo de Enfermeras del Ej\u00e9rcito para seguirle.<\/p>\n<p>All\u00ed, Frankie se siente igual de inmadura e inexperta que los j\u00f3venes enviados para luchar, y se ve abrumada por el caos y la destrucci\u00f3n de la guerra. Adem\u00e1s, un trauma inesperado la golpea al volver a casa, el de encontrar un pa\u00eds cambiado y dividido, un pa\u00eds que quiere olvidar. Frankie descubrir\u00e1 el verdadero valor de la amistad y el dolor que puede causar un coraz\u00f3n roto.<\/p>\n<p><b>***N\u00famero 1 en las listas de best sellers de\u00a0<i>The\u00a0<\/i><\/b><i><b>New York Times, USA Today, Washington Post,\u00a0<\/b><\/i><b>la Asociaci\u00f3n de Librer\u00edas Independientes,\u00a0<\/b><i><b>Los Angeles Times, Publishers Weekly,<\/b><\/i><b>\u00a0Amazon, Audible y\u00a0<\/b><i><b>Los Angeles Daily News***<\/b><\/i><\/p>\n","protected":false},"excerpt":{"rendered":"<p>Kristin Hannah<\/p>\n<p>536 p\u00e1ginas<\/p>\n","protected":false},"featured_media":4986,"template":"","meta":{"_joinchat":[]},"product_brand":[],"product_cat":[33],"product_tag":[34],"class_list":{"0":"post-4985","1":"product","2":"type-product","3":"status-publish","4":"has-post-thumbnail","6":"product_cat-ficcion-general","7":"product_tag-penguin-random-house","9":"first","10":"outofstock","11":"shipping-taxable","12":"purchasable","13":"product-type-simple"},"_links":{"self":[{"href":"https:\/\/libreriahistoriasdebolsillo.com\/index.php\/wp-json\/wp\/v2\/product\/4985","targetHints":{"allow":["GET"]}}],"collection":[{"href":"https:\/\/libreriahistoriasdebolsillo.com\/index.php\/wp-json\/wp\/v2\/product"}],"about":[{"href":"https:\/\/libreriahistoriasdebolsillo.com\/index.php\/wp-json\/wp\/v2\/types\/product"}],"wp:featuredmedia":[{"embeddable":true,"href":"https:\/\/libreriahistoriasdebolsillo.com\/index.php\/wp-json\/wp\/v2\/media\/4986"}],"wp:attachment":[{"href":"https:\/\/libreriahistoriasdebolsillo.com\/index.php\/wp-json\/wp\/v2\/media?parent=4985"}],"wp:term":[{"taxonomy":"product_brand","embeddable":true,"href":"https:\/\/libreriahistoriasdebolsillo.com\/index.php\/wp-json\/wp\/v2\/product_brand?post=4985"},{"taxonomy":"product_cat","embeddable":true,"href":"https:\/\/libreriahistoriasdebolsillo.com\/index.php\/wp-json\/wp\/v2\/product_cat?post=4985"},{"taxonomy":"product_tag","embeddable":true,"href":"https:\/\/libreriahistoriasdebolsillo.com\/index.php\/wp-json\/wp\/v2\/product_tag?post=4985"}],"curies":[{"name":"wp","href":"https:\/\/api.w.org\/{rel}","templated":true}]}}