{"id":4987,"date":"2024-06-17T15:50:10","date_gmt":"2024-06-17T21:50:10","guid":{"rendered":"https:\/\/libreriahistoriasdebolsillo.com\/?post_type=product&#038;p=4987"},"modified":"2026-02-04T14:52:38","modified_gmt":"2026-02-04T20:52:38","slug":"anatomia-del-mal-8-crimenes-que-te-haran-perder-la-fe-en-la-humanidad","status":"publish","type":"product","link":"https:\/\/libreriahistoriasdebolsillo.com\/index.php\/producto\/anatomia-del-mal-8-crimenes-que-te-haran-perder-la-fe-en-la-humanidad\/","title":{"rendered":"Anatom\u00eda del mal. 8 cr\u00edmenes que te har\u00e1n perder la fe en la humanidad"},"content":{"rendered":"<p><b>ADVERTENCIA: ESTE LIBRO TE HAR\u00c1 REPLANTEARTE LO LEJOS QUE PUEDE LLEGAR EL SER HUMANO.<\/b><\/p>\n<p>En estas p\u00e1ginas nos embarcaremos en un viaje inquietante a trav\u00e9s de\u00a0<b>ocho cr\u00edmenes<\/b>, cada cual m\u00e1s terrible, con los que os mostrar\u00e9 y reflexionar\u00e9 sobre la maldad y c\u00f3mo puede infiltrarse en los sitios menos esperados.<\/p>\n<p>Indagar\u00e9 dentro de las mentes enfermas de asesinos,\u00a0<b>psic\u00f3patas, eg\u00f3latras y monstruos<\/b>, revelando, desde una perspectiva psicol\u00f3gica y cient\u00edfica, cu\u00e1les fueron sus motivaciones y m\u00e1s oscuros secretos que los llevaron a cometer estos cr\u00edmenes imperdonables.<\/p>\n<p>Y nos haremos preguntas inc\u00f3modas y no siempre f\u00e1ciles de responder:<\/p>\n<p><b>\u00bfC\u00f3mo es posible que personas con vidas aparentemente normales puedan infligir tanto dolor, incluso a sus seres queridos?<\/b><\/p>\n<p><b>\u00bfEl mal existe realmente o es un intento de darle nombre a las sombras m\u00e1s oscuras de nuestras almas?<\/b><\/p>\n<p><b>\u00bfPodr\u00edamos llegar a cometer los actos m\u00e1s viles si nuestra vida hubiera sido diferente?<\/b><\/p>\n<p>&nbsp;<\/p>\n<p><b>PREP\u00c1RATE PARA MIRAR DIRECTO AL ABISMO.<\/b><br \/>\n<b>Y TEN CUIDADO DE QUE NO TE DEVUELVAN LA MIRADA.<\/b><\/p>\n","protected":false},"excerpt":{"rendered":"<p>Jordi Wild<\/p>\n<p>304 p\u00e1ginas<\/p>\n","protected":false},"featured_media":4988,"template":"","meta":{"_joinchat":[]},"product_brand":[],"product_cat":[41],"product_tag":[34],"class_list":{"0":"post-4987","1":"product","2":"type-product","3":"status-publish","4":"has-post-thumbnail","6":"product_cat-desarrollo-humano","7":"product_tag-penguin-random-house","9":"first","10":"outofstock","11":"shipping-taxable","12":"purchasable","13":"product-type-simple"},"_links":{"self":[{"href":"https:\/\/libreriahistoriasdebolsillo.com\/index.php\/wp-json\/wp\/v2\/product\/4987","targetHints":{"allow":["GET"]}}],"collection":[{"href":"https:\/\/libreriahistoriasdebolsillo.com\/index.php\/wp-json\/wp\/v2\/product"}],"about":[{"href":"https:\/\/libreriahistoriasdebolsillo.com\/index.php\/wp-json\/wp\/v2\/types\/product"}],"wp:featuredmedia":[{"embeddable":true,"href":"https:\/\/libreriahistoriasdebolsillo.com\/index.php\/wp-json\/wp\/v2\/media\/4988"}],"wp:attachment":[{"href":"https:\/\/libreriahistoriasdebolsillo.com\/index.php\/wp-json\/wp\/v2\/media?parent=4987"}],"wp:term":[{"taxonomy":"product_brand","embeddable":true,"href":"https:\/\/libreriahistoriasdebolsillo.com\/index.php\/wp-json\/wp\/v2\/product_brand?post=4987"},{"taxonomy":"product_cat","embeddable":true,"href":"https:\/\/libreriahistoriasdebolsillo.com\/index.php\/wp-json\/wp\/v2\/product_cat?post=4987"},{"taxonomy":"product_tag","embeddable":true,"href":"https:\/\/libreriahistoriasdebolsillo.com\/index.php\/wp-json\/wp\/v2\/product_tag?post=4987"}],"curies":[{"name":"wp","href":"https:\/\/api.w.org\/{rel}","templated":true}]}}