{"id":4991,"date":"2024-06-17T15:54:48","date_gmt":"2024-06-17T21:54:48","guid":{"rendered":"https:\/\/libreriahistoriasdebolsillo.com\/?post_type=product&#038;p=4991"},"modified":"2026-01-19T12:53:35","modified_gmt":"2026-01-19T18:53:35","slug":"los-elementos-de-un-beso","status":"publish","type":"product","link":"https:\/\/libreriahistoriasdebolsillo.com\/index.php\/producto\/los-elementos-de-un-beso\/","title":{"rendered":"Los elementos de un beso"},"content":{"rendered":"<p><b>LA F\u00d3RMULA DEL AMOR EXISTE.<\/b><\/p>\n<p><b>ESO NO SIGNIFICA QUE LEXI EST\u00c9 DISPUESTA A ACEPTAR LOS RESULTADOS.<\/b><\/p>\n<p><b>La comedia rom\u00e1ntica perfecta para volver a enamorarte del amor.<\/b><\/p>\n<p>Toda la universidad conoce a\u00a0<b>nosoycupido<\/b>, la adictiva cuenta de\u00a0<b>Instagram<\/b>\u00a0que empareja a los estudiantes. Pero solo une a dos parejas por semestre, as\u00ed que las probabilidades de ser seleccionado son bajas. O eso cre\u00eda Lexi hasta que la emparejaron con Brice.<\/p>\n<p>Dedicada a sus estudios por completo, Lexi no tiene ninguna intenci\u00f3n de meterse en una relaci\u00f3n\u00a0<b>amorosa<\/b>\u00a0y el constante espionaje de la cuenta an\u00f3nimano hace m\u00e1s que sacarla de sus casillas. Por eso, cuando Brice se ofrece a iniciar una relaci\u00f3n\u00a0<b>falsa<\/b>\u00a0para desenmascarar a\u00a0<b>nosoycupido<\/b>, Lexi no lo duda ni un segundo.<\/p>\n<p>Pero con una legi\u00f3n de fans siguiendo todos sus movimientos, una beca en juego por la que compite con Brice y un novio falso demasiado perfecto para el\u00a0<b>bienestar<\/b>\u00a0de su ritmo card\u00edaco, la reacci\u00f3n en cadena es inminente&#8230;<\/p>\n<p><b>Y no hay enlace qu\u00edmico m\u00e1s inestable que el del amor.<\/b><\/p>\n","protected":false},"excerpt":{"rendered":"<p>Shula Li<\/p>\n<p>352 p\u00e1ginas<\/p>\n","protected":false},"featured_media":4992,"template":"","meta":{"_joinchat":[]},"product_brand":[],"product_cat":[52],"product_tag":[34],"class_list":{"0":"post-4991","1":"product","2":"type-product","3":"status-publish","4":"has-post-thumbnail","6":"product_cat-juvenil","7":"product_tag-penguin-random-house","9":"first","10":"outofstock","11":"shipping-taxable","12":"purchasable","13":"product-type-simple"},"_links":{"self":[{"href":"https:\/\/libreriahistoriasdebolsillo.com\/index.php\/wp-json\/wp\/v2\/product\/4991","targetHints":{"allow":["GET"]}}],"collection":[{"href":"https:\/\/libreriahistoriasdebolsillo.com\/index.php\/wp-json\/wp\/v2\/product"}],"about":[{"href":"https:\/\/libreriahistoriasdebolsillo.com\/index.php\/wp-json\/wp\/v2\/types\/product"}],"wp:featuredmedia":[{"embeddable":true,"href":"https:\/\/libreriahistoriasdebolsillo.com\/index.php\/wp-json\/wp\/v2\/media\/4992"}],"wp:attachment":[{"href":"https:\/\/libreriahistoriasdebolsillo.com\/index.php\/wp-json\/wp\/v2\/media?parent=4991"}],"wp:term":[{"taxonomy":"product_brand","embeddable":true,"href":"https:\/\/libreriahistoriasdebolsillo.com\/index.php\/wp-json\/wp\/v2\/product_brand?post=4991"},{"taxonomy":"product_cat","embeddable":true,"href":"https:\/\/libreriahistoriasdebolsillo.com\/index.php\/wp-json\/wp\/v2\/product_cat?post=4991"},{"taxonomy":"product_tag","embeddable":true,"href":"https:\/\/libreriahistoriasdebolsillo.com\/index.php\/wp-json\/wp\/v2\/product_tag?post=4991"}],"curies":[{"name":"wp","href":"https:\/\/api.w.org\/{rel}","templated":true}]}}