{"id":4995,"date":"2024-06-17T15:58:38","date_gmt":"2024-06-17T21:58:38","guid":{"rendered":"https:\/\/libreriahistoriasdebolsillo.com\/?post_type=product&#038;p=4995"},"modified":"2025-04-05T14:15:40","modified_gmt":"2025-04-05T20:15:40","slug":"la-biblioteca-de-la-medianoche","status":"publish","type":"product","link":"https:\/\/libreriahistoriasdebolsillo.com\/index.php\/producto\/la-biblioteca-de-la-medianoche\/","title":{"rendered":"La biblioteca de la medianoche"},"content":{"rendered":"<p><span class=\"a-text-bold\">La biblioteca de la medianoche<\/span>\u00a0<span class=\"a-text-bold a-text-italic\">Matt Haig<\/span>\u00a0<span class=\"a-text-bold\">PREMIO GOODREADS 2020 A LA MEJOR OBRA DE FICCI\u00d3N<\/span><\/p>\n<p>\u00abEntre la vida y la muerte hay una biblioteca. Y los estantes de esa biblioteca son infinitos. Cada libro da la oportunidad de probar otra vida que podr\u00edas haber vivido y de comprobar c\u00f3mo habr\u00edan cambiado las cosas si hubieras tomado otras decisiones. \u00bfHabr\u00edas hecho algo de manera diferente si hubieras tenido la oportunidad?\u00bb. Nora Seed aparece, sin saber c\u00f3mo, en la Biblioteca de la Medianoche, donde se le ofrece una nueva oportunidad para hacer las cosas bien. Hasta ese momento, su vida ha estado marcada por la infelicidad y el arrepentimiento. Nora siente que ha defraudado a todos, y tambi\u00e9n a ella misma. Pero esto est\u00e1 a punto de cambiar. Los libros de la Biblioteca de la Medianoche permitir\u00e1n a Nora vivir como si hubiera hecho las cosas de otra manera. Con la ayuda de una vieja amiga, tendr\u00e1 la opci\u00f3n de esquivar todo aquello que se arrepiente de haber hecho (o no haber hecho), en pos de la vida perfecta. Pero las cosas no siempre ser\u00e1n como imagin\u00f3 que ser\u00edan, y pronto sus decisiones enfrentar\u00e1n a la Biblioteca y a ella misma en un peligro extremo. Nora deber\u00e1 responder una \u00faltima pregunta antes de que el tiempo se agote: \u00bfcu\u00e1l es la mejor manera de vivir? A\u00f1o de publicaci\u00f3n: 2021 Encuadernaci\u00f3n: Pasta dura P\u00e1ginas: 336.<\/p>\n","protected":false},"excerpt":{"rendered":"<p>Matt Haig<\/p>\n<p>336 p\u00e1ginas<\/p>\n","protected":false},"featured_media":4996,"template":"","meta":{"_joinchat":[]},"product_brand":[],"product_cat":[33],"product_tag":[74],"class_list":{"0":"post-4995","1":"product","2":"type-product","3":"status-publish","4":"has-post-thumbnail","6":"product_cat-ficcion-general","7":"product_tag-adn","9":"first","10":"outofstock","11":"shipping-taxable","12":"purchasable","13":"product-type-simple"},"_links":{"self":[{"href":"https:\/\/libreriahistoriasdebolsillo.com\/index.php\/wp-json\/wp\/v2\/product\/4995","targetHints":{"allow":["GET"]}}],"collection":[{"href":"https:\/\/libreriahistoriasdebolsillo.com\/index.php\/wp-json\/wp\/v2\/product"}],"about":[{"href":"https:\/\/libreriahistoriasdebolsillo.com\/index.php\/wp-json\/wp\/v2\/types\/product"}],"wp:featuredmedia":[{"embeddable":true,"href":"https:\/\/libreriahistoriasdebolsillo.com\/index.php\/wp-json\/wp\/v2\/media\/4996"}],"wp:attachment":[{"href":"https:\/\/libreriahistoriasdebolsillo.com\/index.php\/wp-json\/wp\/v2\/media?parent=4995"}],"wp:term":[{"taxonomy":"product_brand","embeddable":true,"href":"https:\/\/libreriahistoriasdebolsillo.com\/index.php\/wp-json\/wp\/v2\/product_brand?post=4995"},{"taxonomy":"product_cat","embeddable":true,"href":"https:\/\/libreriahistoriasdebolsillo.com\/index.php\/wp-json\/wp\/v2\/product_cat?post=4995"},{"taxonomy":"product_tag","embeddable":true,"href":"https:\/\/libreriahistoriasdebolsillo.com\/index.php\/wp-json\/wp\/v2\/product_tag?post=4995"}],"curies":[{"name":"wp","href":"https:\/\/api.w.org\/{rel}","templated":true}]}}