{"id":4997,"date":"2024-06-17T16:00:42","date_gmt":"2024-06-17T22:00:42","guid":{"rendered":"https:\/\/libreriahistoriasdebolsillo.com\/?post_type=product&#038;p=4997"},"modified":"2025-11-26T18:22:36","modified_gmt":"2025-11-27T00:22:36","slug":"jaque-mate-al-amor","status":"publish","type":"product","link":"https:\/\/libreriahistoriasdebolsillo.com\/index.php\/producto\/jaque-mate-al-amor\/","title":{"rendered":"Jaque mate al amor"},"content":{"rendered":"<p>De la autora de\u00a0<span class=\"a-text-italic\">La hip\u00f3tesis del amor<\/span>, una romcom en la que los caminos de dos rivales del ajedrez se cruzan en una competici\u00f3n donde acabar\u00e1n jug\u00e1ndose el coraz\u00f3n.<br \/>\n.<br \/>\nPara Mallory Greenleaf, el ajedrez ha pasado a mejor vida. Ahora sopesa con cuidado cada decisi\u00f3n que toma: despu\u00e9s de que dicho deporte hiciese estragos en su familia hace cuatro a\u00f1os, Mallory se dedica en exclusiva a su madre, a sus hermanas y a un trabajo basura con el que paga las facturas. Al menos, hasta que accede de mala gana a participar en un \u00faltimo torneo ben\u00e9fico y, sin pretenderlo, machaca al famoso Matarreyes, Nolan Sawyer: el campe\u00f3n mundial y el t\u00edo m\u00e1s malote del ajedrez. .<br \/>\n.<br \/>\nLa derrota de Nolan frente a una donnadie de cam-pe\u00f3n-ato deja de piedra a todo el mundo. Pero lo m\u00e1s desconcertante es que el chico quiere enfrentarse de nuevo a ella. \u00bfQu\u00e9 clase de gambito est\u00e1 poniendo Nolan en pr\u00e1ctica? Lo m\u00e1s inteligente ser\u00eda dar media vuelta y marcharse. Abandonar. Dar por finiquitada la partida. Sin embargo, la victoria le brinda la posibilidad de embolsarse unos cuantos premios en met\u00e1lico, algo que buena falta le hace, y, pese a todo, no puede evitar sentirse atra\u00edda por el enigm\u00e1tico estratega&#8230; .<br \/>\n.<br \/>\nA medida que escala puestos en la clasificaci\u00f3n a toda velocidad, Mallory se las ve y se las desea para mantener a su familia al margen del juego que lo ech\u00f3 todo a perder. Y a medida que su amor por el deporte que ha intentado detestar con todas sus fuerzas se reaviva, no tarda en descubrir que las partidas no se llevan a cabo \u00fanicamente sobre el tablero, que estar en el punto de mira es m\u00e1s complicado de lo que imaginaba y que la competencia puede ser feroz (-mente atractiva. E inteligente&#8230; Y exasperante&#8230;). .<\/p>\n","protected":false},"excerpt":{"rendered":"<p>Ali Hazelwood<\/p>\n<p>456 p\u00e1ginas<\/p>\n","protected":false},"featured_media":4998,"template":"","meta":{"_joinchat":[]},"product_brand":[],"product_cat":[35],"product_tag":[73],"class_list":{"0":"post-4997","1":"product","2":"type-product","3":"status-publish","4":"has-post-thumbnail","6":"product_cat-romantica","7":"product_tag-contraluz","9":"first","10":"outofstock","11":"shipping-taxable","12":"purchasable","13":"product-type-simple"},"_links":{"self":[{"href":"https:\/\/libreriahistoriasdebolsillo.com\/index.php\/wp-json\/wp\/v2\/product\/4997","targetHints":{"allow":["GET"]}}],"collection":[{"href":"https:\/\/libreriahistoriasdebolsillo.com\/index.php\/wp-json\/wp\/v2\/product"}],"about":[{"href":"https:\/\/libreriahistoriasdebolsillo.com\/index.php\/wp-json\/wp\/v2\/types\/product"}],"wp:featuredmedia":[{"embeddable":true,"href":"https:\/\/libreriahistoriasdebolsillo.com\/index.php\/wp-json\/wp\/v2\/media\/4998"}],"wp:attachment":[{"href":"https:\/\/libreriahistoriasdebolsillo.com\/index.php\/wp-json\/wp\/v2\/media?parent=4997"}],"wp:term":[{"taxonomy":"product_brand","embeddable":true,"href":"https:\/\/libreriahistoriasdebolsillo.com\/index.php\/wp-json\/wp\/v2\/product_brand?post=4997"},{"taxonomy":"product_cat","embeddable":true,"href":"https:\/\/libreriahistoriasdebolsillo.com\/index.php\/wp-json\/wp\/v2\/product_cat?post=4997"},{"taxonomy":"product_tag","embeddable":true,"href":"https:\/\/libreriahistoriasdebolsillo.com\/index.php\/wp-json\/wp\/v2\/product_tag?post=4997"}],"curies":[{"name":"wp","href":"https:\/\/api.w.org\/{rel}","templated":true}]}}