{"id":5011,"date":"2024-06-25T13:21:39","date_gmt":"2024-06-25T19:21:39","guid":{"rendered":"https:\/\/libreriahistoriasdebolsillo.com\/?post_type=product&#038;p=5011"},"modified":"2025-11-26T18:22:41","modified_gmt":"2025-11-27T00:22:41","slug":"josh-y-hazel-guia-de-fracasos-amorosos","status":"publish","type":"product","link":"https:\/\/libreriahistoriasdebolsillo.com\/index.php\/producto\/josh-y-hazel-guia-de-fracasos-amorosos\/","title":{"rendered":"Josh y Hazel: gu\u00eda de fracasos amorosos"},"content":{"rendered":"<p>Solo amigos. Solo amigos. Solo amigos. Si se lo repiten lo suficiente, quiz\u00e1 se lo crean. Hazel Camille Bradford sabe que es muy intensa. Tiene un ej\u00e9rcito de mascotas, una fascinaci\u00f3n por lo absurdo y una falta de filtro que le hace decir exactamente lo que no debe en el peor momento. Solo es un alma buena en busca de diversi\u00f3n sincera, pero, francamente, la mayor\u00eda de los hombres no est\u00e1 a la altura. Ellos se lo pierden. Josh\u00a0 la conoce desde la universidad, y su apacible moderaci\u00f3n result\u00f3 ser totalmente incompatible con la alocada jovialidad de ella. Desde la noche en que se conocieron \u2013cuando ella le vomit\u00f3 los zapatos\u2013 hasta cuando le envi\u00f3 un correo electr\u00f3nico ininteligible en medio de una nebulosa posquir\u00fargica, siempre la ha considerado m\u00e1s un espect\u00e1culo que una compa\u00f1era. Pero ahora, diez a\u00f1os m\u00e1s tarde, despu\u00e9s de que una novia infiel haya puesto su vida patas arriba, salir con Hazel es un soplo de aire fresco. No es que Josh y Hazel salgan juntos. Al menos, no entre ellos. Solo se organizan citas a ciegas dobles una peor que la otra, lo que significa que no hay nada entre ellos\u2026,\u00bfverdad?<\/p>\n","protected":false},"excerpt":{"rendered":"<p>Christina Lauren<\/p>\n<p>312 p\u00e1ginas<\/p>\n","protected":false},"featured_media":5012,"template":"","meta":{"_joinchat":[]},"product_brand":[],"product_cat":[35],"product_tag":[48],"class_list":{"0":"post-5011","1":"product","2":"type-product","3":"status-publish","4":"has-post-thumbnail","6":"product_cat-romantica","7":"product_tag-vr-editoras","9":"first","10":"instock","11":"shipping-taxable","12":"purchasable","13":"product-type-simple"},"_links":{"self":[{"href":"https:\/\/libreriahistoriasdebolsillo.com\/index.php\/wp-json\/wp\/v2\/product\/5011","targetHints":{"allow":["GET"]}}],"collection":[{"href":"https:\/\/libreriahistoriasdebolsillo.com\/index.php\/wp-json\/wp\/v2\/product"}],"about":[{"href":"https:\/\/libreriahistoriasdebolsillo.com\/index.php\/wp-json\/wp\/v2\/types\/product"}],"wp:featuredmedia":[{"embeddable":true,"href":"https:\/\/libreriahistoriasdebolsillo.com\/index.php\/wp-json\/wp\/v2\/media\/5012"}],"wp:attachment":[{"href":"https:\/\/libreriahistoriasdebolsillo.com\/index.php\/wp-json\/wp\/v2\/media?parent=5011"}],"wp:term":[{"taxonomy":"product_brand","embeddable":true,"href":"https:\/\/libreriahistoriasdebolsillo.com\/index.php\/wp-json\/wp\/v2\/product_brand?post=5011"},{"taxonomy":"product_cat","embeddable":true,"href":"https:\/\/libreriahistoriasdebolsillo.com\/index.php\/wp-json\/wp\/v2\/product_cat?post=5011"},{"taxonomy":"product_tag","embeddable":true,"href":"https:\/\/libreriahistoriasdebolsillo.com\/index.php\/wp-json\/wp\/v2\/product_tag?post=5011"}],"curies":[{"name":"wp","href":"https:\/\/api.w.org\/{rel}","templated":true}]}}