{"id":5013,"date":"2024-06-25T13:25:51","date_gmt":"2024-06-25T19:25:51","guid":{"rendered":"https:\/\/libreriahistoriasdebolsillo.com\/?post_type=product&#038;p=5013"},"modified":"2025-11-26T18:22:45","modified_gmt":"2025-11-27T00:22:45","slug":"que-haria-merlina-addams","status":"publish","type":"product","link":"https:\/\/libreriahistoriasdebolsillo.com\/index.php\/producto\/que-haria-merlina-addams\/","title":{"rendered":"\u00bfQu\u00e9 har\u00eda Merlina Addams?"},"content":{"rendered":"<p>La mirada fulminante de Merlina, su voluntad inquebrantable y sus macabros intereses la convierten en un aut\u00e9ntico s\u00edmbolo de rebeli\u00f3n. Como el resto de la ic\u00f3nica Familia Addams, ella celebra lo que la hace diferente y siempre es due\u00f1a de su destino. Desaf\u00eda las expectativas sociales, se mantiene fiel a s\u00ed misma y es completamente indiferente a las opiniones que los dem\u00e1s tienen sobre ella.<br \/>\n\u00bfQu\u00e9 har\u00eda Merlina Addams? nos muestra c\u00f3mo podemos adoptar su filosof\u00eda y tener \u00e9xito en todos los \u00e1mbitos de la vida.<\/p>\n","protected":false},"excerpt":{"rendered":"<p>La mirada fulminante de Merlina, su voluntad inquebrantable y sus macabros intereses la convierten en un aut\u00e9ntico s\u00edmbolo de rebeli\u00f3n. Como el resto de la ic\u00f3nica Familia Addams, ella celebra lo que la hace diferente y siempre es due\u00f1a de su destino. Desaf\u00eda las expectativas sociales, se mantiene fiel a s\u00ed misma y es completamente [&hellip;]<\/p>\n","protected":false},"featured_media":5014,"template":"","meta":{"_joinchat":[]},"product_brand":[],"product_cat":[54,52,41],"product_tag":[48],"class_list":{"0":"post-5013","1":"product","2":"type-product","3":"status-publish","4":"has-post-thumbnail","6":"product_cat-infantil","7":"product_cat-juvenil","8":"product_cat-desarrollo-humano","9":"product_tag-vr-editoras","11":"first","12":"outofstock","13":"shipping-taxable","14":"purchasable","15":"product-type-simple"},"_links":{"self":[{"href":"https:\/\/libreriahistoriasdebolsillo.com\/index.php\/wp-json\/wp\/v2\/product\/5013","targetHints":{"allow":["GET"]}}],"collection":[{"href":"https:\/\/libreriahistoriasdebolsillo.com\/index.php\/wp-json\/wp\/v2\/product"}],"about":[{"href":"https:\/\/libreriahistoriasdebolsillo.com\/index.php\/wp-json\/wp\/v2\/types\/product"}],"wp:featuredmedia":[{"embeddable":true,"href":"https:\/\/libreriahistoriasdebolsillo.com\/index.php\/wp-json\/wp\/v2\/media\/5014"}],"wp:attachment":[{"href":"https:\/\/libreriahistoriasdebolsillo.com\/index.php\/wp-json\/wp\/v2\/media?parent=5013"}],"wp:term":[{"taxonomy":"product_brand","embeddable":true,"href":"https:\/\/libreriahistoriasdebolsillo.com\/index.php\/wp-json\/wp\/v2\/product_brand?post=5013"},{"taxonomy":"product_cat","embeddable":true,"href":"https:\/\/libreriahistoriasdebolsillo.com\/index.php\/wp-json\/wp\/v2\/product_cat?post=5013"},{"taxonomy":"product_tag","embeddable":true,"href":"https:\/\/libreriahistoriasdebolsillo.com\/index.php\/wp-json\/wp\/v2\/product_tag?post=5013"}],"curies":[{"name":"wp","href":"https:\/\/api.w.org\/{rel}","templated":true}]}}