{"id":5015,"date":"2024-06-25T13:28:06","date_gmt":"2024-06-25T19:28:06","guid":{"rendered":"https:\/\/libreriahistoriasdebolsillo.com\/?post_type=product&#038;p=5015"},"modified":"2025-11-26T18:22:52","modified_gmt":"2025-11-27T00:22:52","slug":"mensajes-que-cambiaran-tu-vida","status":"publish","type":"product","link":"https:\/\/libreriahistoriasdebolsillo.com\/index.php\/producto\/mensajes-que-cambiaran-tu-vida\/","title":{"rendered":"Mensajes que cambiar\u00e1n tu vida"},"content":{"rendered":"<p>Estos mensajes son una gu\u00eda imprescindible para disfrutar la magia que inunda la vida. Una ranita fabulosa te inspirar\u00e1 para sobreponerte a los momentos dif\u00edciles, contemplar el mundo que te rodea y mejorar tu relaci\u00f3n contigo. Es el regalo perfecto para quien necesite palabras de aliento o para quien busque una visi\u00f3n amable y honesta del mundo. Pero, sobre todo, para quien sepa que su bienestar es lo m\u00e1s importante.<\/p>\n","protected":false},"excerpt":{"rendered":"<p>Maybell Eequay<\/p>\n","protected":false},"featured_media":5016,"template":"","meta":{"_joinchat":[]},"product_brand":[],"product_cat":[41],"product_tag":[48],"class_list":{"0":"post-5015","1":"product","2":"type-product","3":"status-publish","4":"has-post-thumbnail","6":"product_cat-desarrollo-humano","7":"product_tag-vr-editoras","9":"first","10":"instock","11":"shipping-taxable","12":"purchasable","13":"product-type-simple"},"_links":{"self":[{"href":"https:\/\/libreriahistoriasdebolsillo.com\/index.php\/wp-json\/wp\/v2\/product\/5015","targetHints":{"allow":["GET"]}}],"collection":[{"href":"https:\/\/libreriahistoriasdebolsillo.com\/index.php\/wp-json\/wp\/v2\/product"}],"about":[{"href":"https:\/\/libreriahistoriasdebolsillo.com\/index.php\/wp-json\/wp\/v2\/types\/product"}],"wp:featuredmedia":[{"embeddable":true,"href":"https:\/\/libreriahistoriasdebolsillo.com\/index.php\/wp-json\/wp\/v2\/media\/5016"}],"wp:attachment":[{"href":"https:\/\/libreriahistoriasdebolsillo.com\/index.php\/wp-json\/wp\/v2\/media?parent=5015"}],"wp:term":[{"taxonomy":"product_brand","embeddable":true,"href":"https:\/\/libreriahistoriasdebolsillo.com\/index.php\/wp-json\/wp\/v2\/product_brand?post=5015"},{"taxonomy":"product_cat","embeddable":true,"href":"https:\/\/libreriahistoriasdebolsillo.com\/index.php\/wp-json\/wp\/v2\/product_cat?post=5015"},{"taxonomy":"product_tag","embeddable":true,"href":"https:\/\/libreriahistoriasdebolsillo.com\/index.php\/wp-json\/wp\/v2\/product_tag?post=5015"}],"curies":[{"name":"wp","href":"https:\/\/api.w.org\/{rel}","templated":true}]}}