{"id":5021,"date":"2024-07-02T12:28:24","date_gmt":"2024-07-02T18:28:24","guid":{"rendered":"https:\/\/libreriahistoriasdebolsillo.com\/?post_type=product&#038;p=5021"},"modified":"2025-11-15T15:42:15","modified_gmt":"2025-11-15T21:42:15","slug":"oscar-wilde-cuentos-completos","status":"publish","type":"product","link":"https:\/\/libreriahistoriasdebolsillo.com\/index.php\/producto\/oscar-wilde-cuentos-completos\/","title":{"rendered":"Oscar Wilde: cuentos completos"},"content":{"rendered":"<p><b>\u00ab\u00a1Frente a \u00e9l hab\u00eda un horrible espectro, inm\u00f3vil como una estatua!\u00bb<\/b><\/p>\n<p><b>Cuentos de hadas<\/b>,\u00a0<b>historias de fantasmas<\/b>,\u00a0<b>ficci\u00f3n detectivesca<\/b>,\u00a0<b>comedias de costumbres<\/b>: los relatos reunidos en este volumen dieron a conocer a\u00a0<b>Oscar Wilde<\/b>\u00a0como narrador y mostraron su destreza en una amplia gama de estilos, plasmados en textos inolvidables como \u00abEl fantasma de Canterville\u00bb, \u00abEl Pr\u00edncipe Feliz\u00bb, \u00abEl ruise\u00f1or y la rosa\u00bb o \u00abEl gigante ego\u00edsta\u00bb. Estas peque\u00f1as obras maestras transmiten la brillante visi\u00f3n art\u00edstica del autor, al tiempo que exploran diversas cuestiones morales de su \u00e9poca mediante una grata combinaci\u00f3n de ingenio y sentimiento.<\/p>\n<p>La presente edici\u00f3n cuenta con una traducci\u00f3n can\u00f3nica y una introducci\u00f3n actual en la que se contextualiza la obra y se analizan sus cualidades literarias.<\/p>\n","protected":false},"excerpt":{"rendered":"<p>Oscar Wilde<\/p>\n<p>352 p\u00e1ginas<\/p>\n","protected":false},"featured_media":5022,"template":"","meta":{"_joinchat":[]},"product_brand":[],"product_cat":[42],"product_tag":[34],"class_list":{"0":"post-5021","1":"product","2":"type-product","3":"status-publish","4":"has-post-thumbnail","6":"product_cat-literatura-clasica","7":"product_tag-penguin-random-house","9":"first","10":"outofstock","11":"shipping-taxable","12":"purchasable","13":"product-type-simple"},"_links":{"self":[{"href":"https:\/\/libreriahistoriasdebolsillo.com\/index.php\/wp-json\/wp\/v2\/product\/5021","targetHints":{"allow":["GET"]}}],"collection":[{"href":"https:\/\/libreriahistoriasdebolsillo.com\/index.php\/wp-json\/wp\/v2\/product"}],"about":[{"href":"https:\/\/libreriahistoriasdebolsillo.com\/index.php\/wp-json\/wp\/v2\/types\/product"}],"wp:featuredmedia":[{"embeddable":true,"href":"https:\/\/libreriahistoriasdebolsillo.com\/index.php\/wp-json\/wp\/v2\/media\/5022"}],"wp:attachment":[{"href":"https:\/\/libreriahistoriasdebolsillo.com\/index.php\/wp-json\/wp\/v2\/media?parent=5021"}],"wp:term":[{"taxonomy":"product_brand","embeddable":true,"href":"https:\/\/libreriahistoriasdebolsillo.com\/index.php\/wp-json\/wp\/v2\/product_brand?post=5021"},{"taxonomy":"product_cat","embeddable":true,"href":"https:\/\/libreriahistoriasdebolsillo.com\/index.php\/wp-json\/wp\/v2\/product_cat?post=5021"},{"taxonomy":"product_tag","embeddable":true,"href":"https:\/\/libreriahistoriasdebolsillo.com\/index.php\/wp-json\/wp\/v2\/product_tag?post=5021"}],"curies":[{"name":"wp","href":"https:\/\/api.w.org\/{rel}","templated":true}]}}