{"id":5023,"date":"2024-07-02T12:30:59","date_gmt":"2024-07-02T18:30:59","guid":{"rendered":"https:\/\/libreriahistoriasdebolsillo.com\/?post_type=product&#038;p=5023"},"modified":"2025-04-29T15:42:47","modified_gmt":"2025-04-29T21:42:47","slug":"el-cuervo-y-otros-textos-poeticos","status":"publish","type":"product","link":"https:\/\/libreriahistoriasdebolsillo.com\/index.php\/producto\/el-cuervo-y-otros-textos-poeticos\/","title":{"rendered":"El cuervo y otros textos po\u00e9ticos"},"content":{"rendered":"<p><b>Conmemoramos los 175 a\u00f1os de la primera publicaci\u00f3n del c\u00e9lebre poema\u00a0<i>El Cuervo\u00a0<\/i>con una antolog\u00eda biling\u00fce de la poes\u00eda esencial de Edgar Allan Poe.<\/b><\/p>\n<p>En una fantasmag\u00f3rica noche de diciembre, en un lugar habitado solo por el silencio, el recuerdo y el pesar, se oyen unos suaves golpes en la puerta. Solo esto y nada m\u00e1s. Con esta escena, pr\u00e1cticamente de terror, empieza \u00abEl cuervo\u00bb, el poema m\u00e1s famoso de Edgar Allan Poe, con el que se convirti\u00f3 en una celebridad en todo el pa\u00eds y con el que se gan\u00f3 el sobrenombre de Mr. Poe el poeta. Si bien la historia lo ha convertido en uno de los grandes maestros del relato corto y referente inescapable de literatura g\u00f3tica y del relato detectivesco, lo cierto es que Poe tambi\u00e9n sent\u00eda una gran inclinaci\u00f3n por la poes\u00eda, un arte que practic\u00f3 desde muy joven y hasta el final de su vida. El presente volumen da fe de la calidad de su producci\u00f3n l\u00edrica, tan escueta como fina y esmerada. Asimismo, presenta una selecci\u00f3n de sus reflexiones acerca de la composici\u00f3n po\u00e9tica y la escritura.<\/p>\n","protected":false},"excerpt":{"rendered":"<p>Edgar Allan Poe<\/p>\n<p>264 p\u00e1ginas<\/p>\n","protected":false},"featured_media":5024,"template":"","meta":{"_joinchat":[]},"product_brand":[],"product_cat":[42],"product_tag":[34],"class_list":{"0":"post-5023","1":"product","2":"type-product","3":"status-publish","4":"has-post-thumbnail","6":"product_cat-literatura-clasica","7":"product_tag-penguin-random-house","9":"first","10":"outofstock","11":"shipping-taxable","12":"purchasable","13":"product-type-simple"},"_links":{"self":[{"href":"https:\/\/libreriahistoriasdebolsillo.com\/index.php\/wp-json\/wp\/v2\/product\/5023","targetHints":{"allow":["GET"]}}],"collection":[{"href":"https:\/\/libreriahistoriasdebolsillo.com\/index.php\/wp-json\/wp\/v2\/product"}],"about":[{"href":"https:\/\/libreriahistoriasdebolsillo.com\/index.php\/wp-json\/wp\/v2\/types\/product"}],"wp:featuredmedia":[{"embeddable":true,"href":"https:\/\/libreriahistoriasdebolsillo.com\/index.php\/wp-json\/wp\/v2\/media\/5024"}],"wp:attachment":[{"href":"https:\/\/libreriahistoriasdebolsillo.com\/index.php\/wp-json\/wp\/v2\/media?parent=5023"}],"wp:term":[{"taxonomy":"product_brand","embeddable":true,"href":"https:\/\/libreriahistoriasdebolsillo.com\/index.php\/wp-json\/wp\/v2\/product_brand?post=5023"},{"taxonomy":"product_cat","embeddable":true,"href":"https:\/\/libreriahistoriasdebolsillo.com\/index.php\/wp-json\/wp\/v2\/product_cat?post=5023"},{"taxonomy":"product_tag","embeddable":true,"href":"https:\/\/libreriahistoriasdebolsillo.com\/index.php\/wp-json\/wp\/v2\/product_tag?post=5023"}],"curies":[{"name":"wp","href":"https:\/\/api.w.org\/{rel}","templated":true}]}}