{"id":5025,"date":"2024-07-02T12:33:00","date_gmt":"2024-07-02T18:33:00","guid":{"rendered":"https:\/\/libreriahistoriasdebolsillo.com\/?post_type=product&#038;p=5025"},"modified":"2024-11-01T17:23:05","modified_gmt":"2024-11-01T23:23:05","slug":"sherlock-holmes-novelas","status":"publish","type":"product","link":"https:\/\/libreriahistoriasdebolsillo.com\/index.php\/producto\/sherlock-holmes-novelas\/","title":{"rendered":"Sherlock Holmes. Novelas"},"content":{"rendered":"<p>El presente volumen recoge las cuatro novelas protagonizadas por Sherlock Holmes, el emblem\u00e1tico y perspicaz detective del 221 B de Baker Street:\u00a0<i>Estudio en escarlata<\/i>\u00a0(1887),\u00a0<i>El signo de los cuatro<\/i>\u00a0(1890),\u00a0<i>El perro de los Baskerville<\/i>\u00a0(1902) y\u00a0<i>El valle del miedo<\/i>\u00a0(1915). A lo largo de estas p\u00e1ginas, y con la ayuda inestimable del doctor Watson, Holmes recorrer\u00e1 las calles de un Londres victoriano convertido en un laberinto de pistas falsas, resolver\u00e1 una intriga originada en la India colonial, desentra\u00f1ar\u00e1 el misterio oculto tras una antigua maldici\u00f3n familiar en los p\u00e1ramos de Dartmoor y se enfrentar\u00e1 a la organizaci\u00f3n de Moriarty en uno de sus casos m\u00e1s complejos. Una mezcla explosiva de crimen, suspense y venganza.<\/p>\n<p>Esta edici\u00f3n, que se abre con un estudio introductorio de Andreu Jaume, pretende homenajear el empe\u00f1o editorial de Esther Tusquets, cuyo proyecto de publicar el canon holmesiano qued\u00f3 interrumpido. Juan Camargo, experto en novela de masas europea y americana, ha completado la labor traductora.<\/p>\n","protected":false},"excerpt":{"rendered":"<p>Sir Arthur Conan Doyle<\/p>\n<p>704 p\u00e1ginas<\/p>\n","protected":false},"featured_media":5026,"template":"","meta":{"_joinchat":[]},"product_brand":[],"product_cat":[42],"product_tag":[34],"class_list":{"0":"post-5025","1":"product","2":"type-product","3":"status-publish","4":"has-post-thumbnail","6":"product_cat-literatura-clasica","7":"product_tag-penguin-random-house","9":"first","10":"outofstock","11":"shipping-taxable","12":"purchasable","13":"product-type-simple"},"_links":{"self":[{"href":"https:\/\/libreriahistoriasdebolsillo.com\/index.php\/wp-json\/wp\/v2\/product\/5025","targetHints":{"allow":["GET"]}}],"collection":[{"href":"https:\/\/libreriahistoriasdebolsillo.com\/index.php\/wp-json\/wp\/v2\/product"}],"about":[{"href":"https:\/\/libreriahistoriasdebolsillo.com\/index.php\/wp-json\/wp\/v2\/types\/product"}],"wp:featuredmedia":[{"embeddable":true,"href":"https:\/\/libreriahistoriasdebolsillo.com\/index.php\/wp-json\/wp\/v2\/media\/5026"}],"wp:attachment":[{"href":"https:\/\/libreriahistoriasdebolsillo.com\/index.php\/wp-json\/wp\/v2\/media?parent=5025"}],"wp:term":[{"taxonomy":"product_brand","embeddable":true,"href":"https:\/\/libreriahistoriasdebolsillo.com\/index.php\/wp-json\/wp\/v2\/product_brand?post=5025"},{"taxonomy":"product_cat","embeddable":true,"href":"https:\/\/libreriahistoriasdebolsillo.com\/index.php\/wp-json\/wp\/v2\/product_cat?post=5025"},{"taxonomy":"product_tag","embeddable":true,"href":"https:\/\/libreriahistoriasdebolsillo.com\/index.php\/wp-json\/wp\/v2\/product_tag?post=5025"}],"curies":[{"name":"wp","href":"https:\/\/api.w.org\/{rel}","templated":true}]}}