{"id":5027,"date":"2024-07-02T12:34:55","date_gmt":"2024-07-02T18:34:55","guid":{"rendered":"https:\/\/libreriahistoriasdebolsillo.com\/?post_type=product&#038;p=5027"},"modified":"2024-11-01T17:23:18","modified_gmt":"2024-11-01T23:23:18","slug":"antigona","status":"publish","type":"product","link":"https:\/\/libreriahistoriasdebolsillo.com\/index.php\/producto\/antigona\/","title":{"rendered":"Ant\u00edgona"},"content":{"rendered":"<p><b>Una obra basada en el mito de la mujer que se enfrenta a los hombres y donde se reflexiona sobre la tiran\u00eda, los dilemas de la consciencia y las razones de estado.<\/b><\/p>\n<p><b>Con introducci\u00f3n y traducci\u00f3n de Luis Gil y ep\u00edlogo de Jordi Ball\u00f3 y Xavier P\u00e9rez.<\/b><\/p>\n<p><b>\u00ab\u00bfPor qu\u00e9 he de poner, desdichada de m\u00ed, mi vista a\u00fan en los dioses? \u00bfA qu\u00e9 aliado puedo invocar?\u00bb.<\/b><\/p>\n<p>Ant\u00edgona est\u00e1 basada en el mito de la mujer que se atrevi\u00f3 a enfrentarse a los hombres para lograr sus prop\u00f3sitos. En esencia, la obra plantea una reflexi\u00f3n sobre la tiran\u00eda, las razones de estado y los dilemas de la conciencia. Representada por primera vez en el a\u00f1o 442 a. C., S\u00f3focles utiliz\u00f3 personajes arquet\u00edpicos para contraponer dos nociones del deber: el respeto a las normas religiosas frente a las civiles, caracterizadas unas por Ant\u00edgona y las otras por Creonte.<\/p>\n<p>El reputado helenista y traductor Luis Gil firma la traducci\u00f3n que aqu\u00ed presentamos, as\u00ed como un estudio preliminar en torno a la hermen\u00e9utica de la obra. Cierra el volumen un an\u00e1lisis de Ant\u00edgona como arquetipo de la literatura y el cine, a cargo de Jordi Ball\u00f3 y Xavier P\u00e9rez, profesores de comunicaci\u00f3n audiovisual en la Universitat Pompeu Fabra<\/p>\n","protected":false},"excerpt":{"rendered":"<p>S\u00f3focles<\/p>\n<p>144 p\u00e1ginas<\/p>\n","protected":false},"featured_media":5028,"template":"","meta":{"_joinchat":[]},"product_brand":[],"product_cat":[42,51],"product_tag":[34],"class_list":{"0":"post-5027","1":"product","2":"type-product","3":"status-publish","4":"has-post-thumbnail","6":"product_cat-literatura-clasica","7":"product_cat-oferta","8":"product_tag-penguin-random-house","10":"first","11":"outofstock","12":"shipping-taxable","13":"purchasable","14":"product-type-simple"},"_links":{"self":[{"href":"https:\/\/libreriahistoriasdebolsillo.com\/index.php\/wp-json\/wp\/v2\/product\/5027","targetHints":{"allow":["GET"]}}],"collection":[{"href":"https:\/\/libreriahistoriasdebolsillo.com\/index.php\/wp-json\/wp\/v2\/product"}],"about":[{"href":"https:\/\/libreriahistoriasdebolsillo.com\/index.php\/wp-json\/wp\/v2\/types\/product"}],"wp:featuredmedia":[{"embeddable":true,"href":"https:\/\/libreriahistoriasdebolsillo.com\/index.php\/wp-json\/wp\/v2\/media\/5028"}],"wp:attachment":[{"href":"https:\/\/libreriahistoriasdebolsillo.com\/index.php\/wp-json\/wp\/v2\/media?parent=5027"}],"wp:term":[{"taxonomy":"product_brand","embeddable":true,"href":"https:\/\/libreriahistoriasdebolsillo.com\/index.php\/wp-json\/wp\/v2\/product_brand?post=5027"},{"taxonomy":"product_cat","embeddable":true,"href":"https:\/\/libreriahistoriasdebolsillo.com\/index.php\/wp-json\/wp\/v2\/product_cat?post=5027"},{"taxonomy":"product_tag","embeddable":true,"href":"https:\/\/libreriahistoriasdebolsillo.com\/index.php\/wp-json\/wp\/v2\/product_tag?post=5027"}],"curies":[{"name":"wp","href":"https:\/\/api.w.org\/{rel}","templated":true}]}}