{"id":5029,"date":"2024-07-02T12:38:58","date_gmt":"2024-07-02T18:38:58","guid":{"rendered":"https:\/\/libreriahistoriasdebolsillo.com\/?post_type=product&#038;p=5029"},"modified":"2026-03-14T11:56:10","modified_gmt":"2026-03-14T17:56:10","slug":"crimen-y-castigo","status":"publish","type":"product","link":"https:\/\/libreriahistoriasdebolsillo.com\/index.php\/producto\/crimen-y-castigo\/","title":{"rendered":"Crimen y castigo"},"content":{"rendered":"<p><b>Considerada por la cr\u00edtica como la primera obra maestra de Dostoievski. Con una introducci\u00f3n de David McDuff y traducci\u00f3n de Rafael Cansinos Assens.<\/b><\/p>\n<p><i>La mentira es el \u00fanico privilegio del hombre sobre todos los dem\u00e1s animales.<\/i><\/p>\n<p><i>Crimen y castigo<\/i>\u00a0es un profundo an\u00e1lisis psicol\u00f3gico de su protagonista, el joven estudiante\u00a0<b>Rask\u00f3lnikov<\/b>, cuya firme creencia en que los fines humanitarios justifican la maldad le conduce al asesinato de una usurera. Pero, desde que comete el crimen, la culpabilidad ser\u00e1 una pesadilla constante con la que el estudiante ser\u00e1 incapaz de convivir.<\/p>\n<p>La presente edici\u00f3n de una de las obras m\u00e1s importantes de la literatura universal cuenta con la c\u00e9lebre traducci\u00f3n de Rafael Cansinos Assens, revisada y modernizada para la ocasi\u00f3n. Asimismo, viene acompa\u00f1ada de una introducci\u00f3n de David McDuff, traductor y cr\u00edtico literario especialista en la obra del autor.<\/p>\n","protected":false},"excerpt":{"rendered":"<p>Fi\u00f3dor Dostoievski<\/p>\n<p>752 p\u00e1ginas<\/p>\n","protected":false},"featured_media":5030,"template":"","meta":{"_joinchat":[]},"product_brand":[],"product_cat":[42],"product_tag":[],"class_list":{"0":"post-5029","1":"product","2":"type-product","3":"status-publish","4":"has-post-thumbnail","6":"product_cat-literatura-clasica","8":"first","9":"outofstock","10":"shipping-taxable","11":"purchasable","12":"product-type-simple"},"_links":{"self":[{"href":"https:\/\/libreriahistoriasdebolsillo.com\/index.php\/wp-json\/wp\/v2\/product\/5029","targetHints":{"allow":["GET"]}}],"collection":[{"href":"https:\/\/libreriahistoriasdebolsillo.com\/index.php\/wp-json\/wp\/v2\/product"}],"about":[{"href":"https:\/\/libreriahistoriasdebolsillo.com\/index.php\/wp-json\/wp\/v2\/types\/product"}],"wp:featuredmedia":[{"embeddable":true,"href":"https:\/\/libreriahistoriasdebolsillo.com\/index.php\/wp-json\/wp\/v2\/media\/5030"}],"wp:attachment":[{"href":"https:\/\/libreriahistoriasdebolsillo.com\/index.php\/wp-json\/wp\/v2\/media?parent=5029"}],"wp:term":[{"taxonomy":"product_brand","embeddable":true,"href":"https:\/\/libreriahistoriasdebolsillo.com\/index.php\/wp-json\/wp\/v2\/product_brand?post=5029"},{"taxonomy":"product_cat","embeddable":true,"href":"https:\/\/libreriahistoriasdebolsillo.com\/index.php\/wp-json\/wp\/v2\/product_cat?post=5029"},{"taxonomy":"product_tag","embeddable":true,"href":"https:\/\/libreriahistoriasdebolsillo.com\/index.php\/wp-json\/wp\/v2\/product_tag?post=5029"}],"curies":[{"name":"wp","href":"https:\/\/api.w.org\/{rel}","templated":true}]}}