{"id":5033,"date":"2024-07-02T15:07:11","date_gmt":"2024-07-02T21:07:11","guid":{"rendered":"https:\/\/libreriahistoriasdebolsillo.com\/?post_type=product&#038;p=5033"},"modified":"2025-07-08T11:31:48","modified_gmt":"2025-07-08T17:31:48","slug":"anna-karenina","status":"publish","type":"product","link":"https:\/\/libreriahistoriasdebolsillo.com\/index.php\/producto\/anna-karenina\/","title":{"rendered":"Anna Kar\u00e9nina"},"content":{"rendered":"<p>La historia de Anna Kar\u00e9nina, junto a la de Madame Bovary, es uno de los<b>\u00a0adulterios m\u00e1s c\u00e9lebres de la literatura<\/b>. El enamoramiento de la protagonista, casada con el alto funcionario Karenin, por el atractivo militar Vronski y el estrepitoso romance que con \u00e9l vive son el eje de una novela que es mucho m\u00e1s que la pulida tragedia de una<b>\u00a0ca\u00edda en desgracia<\/b>: es un esmerado y delicado retrato de todo un tiempo y un lugar, la\u00a0<b>vivisecci\u00f3n\u00a0<\/b>de una sociedad en la que la felicidad de algunos convive con la desdicha de otros.<\/p>\n<p>El presente volumen se abre con la espl\u00e9ndida introducci\u00f3n del que fuera catedr\u00e1tico en la Universidad de Cornell y estudioso de la literatura eslava George Gibian. A ella la sigue la cabal y aclamada traducci\u00f3n realizada por las hermanas Irene y Laura Andresco.<\/p>\n","protected":false},"excerpt":{"rendered":"<p>Lev Tolstoi<\/p>\n<p>1040 p\u00e1ginas<\/p>\n","protected":false},"featured_media":5034,"template":"","meta":{"_joinchat":[]},"product_brand":[],"product_cat":[42],"product_tag":[34],"class_list":{"0":"post-5033","1":"product","2":"type-product","3":"status-publish","4":"has-post-thumbnail","6":"product_cat-literatura-clasica","7":"product_tag-penguin-random-house","9":"first","10":"outofstock","11":"shipping-taxable","12":"purchasable","13":"product-type-simple"},"_links":{"self":[{"href":"https:\/\/libreriahistoriasdebolsillo.com\/index.php\/wp-json\/wp\/v2\/product\/5033","targetHints":{"allow":["GET"]}}],"collection":[{"href":"https:\/\/libreriahistoriasdebolsillo.com\/index.php\/wp-json\/wp\/v2\/product"}],"about":[{"href":"https:\/\/libreriahistoriasdebolsillo.com\/index.php\/wp-json\/wp\/v2\/types\/product"}],"wp:featuredmedia":[{"embeddable":true,"href":"https:\/\/libreriahistoriasdebolsillo.com\/index.php\/wp-json\/wp\/v2\/media\/5034"}],"wp:attachment":[{"href":"https:\/\/libreriahistoriasdebolsillo.com\/index.php\/wp-json\/wp\/v2\/media?parent=5033"}],"wp:term":[{"taxonomy":"product_brand","embeddable":true,"href":"https:\/\/libreriahistoriasdebolsillo.com\/index.php\/wp-json\/wp\/v2\/product_brand?post=5033"},{"taxonomy":"product_cat","embeddable":true,"href":"https:\/\/libreriahistoriasdebolsillo.com\/index.php\/wp-json\/wp\/v2\/product_cat?post=5033"},{"taxonomy":"product_tag","embeddable":true,"href":"https:\/\/libreriahistoriasdebolsillo.com\/index.php\/wp-json\/wp\/v2\/product_tag?post=5033"}],"curies":[{"name":"wp","href":"https:\/\/api.w.org\/{rel}","templated":true}]}}