{"id":5037,"date":"2024-07-02T15:13:08","date_gmt":"2024-07-02T21:13:08","guid":{"rendered":"https:\/\/libreriahistoriasdebolsillo.com\/?post_type=product&#038;p=5037"},"modified":"2025-10-24T13:43:06","modified_gmt":"2025-10-24T19:43:06","slug":"frankenstein-o-el-moderno-prometeo","status":"publish","type":"product","link":"https:\/\/libreriahistoriasdebolsillo.com\/index.php\/producto\/frankenstein-o-el-moderno-prometeo\/","title":{"rendered":"Frankenstein o el moderno Prometeo"},"content":{"rendered":"<p><b>Met\u00e1fora sobre la vida, la libertad y el amor, Frankenstein o el moderno Prometeo es una maravillosa f\u00e1bula con todos los ingredientes de los grandes mitos. Ahora en una nueva traducci\u00f3n precedida por un estudio de Alberto Manguel sobre la influencia del mito en el imaginario del cine.<\/b><\/p>\n<p><i>El mito de Frankenstein proyecta su espectacular sombra sobre las inmensas bibliotecas de la literatura y el cine occidental.<\/i><\/p>\n<p>-Alberto Manguel-<\/p>\n<p>En el verano de 1816, el poeta Percy B. Shelley y su esposa Mary se reunieron con Lord Byron y su m\u00e9dico en una villa a orillas del lago Leman. A instancias de Lord Byron y para animar una velada tormentosa, decidieron que cada uno inventar\u00eda una historia de fantasmas. La m\u00e1s callada y reservada, Mary Shelley, dio vida as\u00ed a quien ser\u00eda su personaje m\u00e1s famoso: el doctor Frankenstein. Al cabo de un a\u00f1o completar\u00eda la novela.<\/p>\n<p>La historia es de todos conocida: un cient\u00edfico decide crear una criatura con vida propia a la que luego rechaza. Met\u00e1fora sobre la vida, la libertad y el amor, Frankenstein o el moderno Prometeo es una maravillosa f\u00e1bula con todos los ingredientes de los grandes mitos, un gran cl\u00e1sico que ahora recuperamos con una nueva traducci\u00f3n y precedido de un espl\u00e9ndido estudio de Alberto Manguel sobre la influencia del mito en el imaginario del cine.<\/p>\n<p>Cuando esos m\u00fasculos y esas articulaciones adquirieron la facultad de moverse, aquel ser se convirti\u00f3 en algo tan indescriptible que ni siquiera Dante habr\u00eda sido capaz de concebir nada igual&#8230;<\/p>\n","protected":false},"excerpt":{"rendered":"<p>Mary Shelley<\/p>\n<p>336 p\u00e1ginas<\/p>\n","protected":false},"featured_media":5038,"template":"","meta":{"_joinchat":[]},"product_brand":[],"product_cat":[42],"product_tag":[34],"class_list":{"0":"post-5037","1":"product","2":"type-product","3":"status-publish","4":"has-post-thumbnail","6":"product_cat-literatura-clasica","7":"product_tag-penguin-random-house","9":"first","10":"outofstock","11":"shipping-taxable","12":"purchasable","13":"product-type-simple"},"_links":{"self":[{"href":"https:\/\/libreriahistoriasdebolsillo.com\/index.php\/wp-json\/wp\/v2\/product\/5037","targetHints":{"allow":["GET"]}}],"collection":[{"href":"https:\/\/libreriahistoriasdebolsillo.com\/index.php\/wp-json\/wp\/v2\/product"}],"about":[{"href":"https:\/\/libreriahistoriasdebolsillo.com\/index.php\/wp-json\/wp\/v2\/types\/product"}],"wp:featuredmedia":[{"embeddable":true,"href":"https:\/\/libreriahistoriasdebolsillo.com\/index.php\/wp-json\/wp\/v2\/media\/5038"}],"wp:attachment":[{"href":"https:\/\/libreriahistoriasdebolsillo.com\/index.php\/wp-json\/wp\/v2\/media?parent=5037"}],"wp:term":[{"taxonomy":"product_brand","embeddable":true,"href":"https:\/\/libreriahistoriasdebolsillo.com\/index.php\/wp-json\/wp\/v2\/product_brand?post=5037"},{"taxonomy":"product_cat","embeddable":true,"href":"https:\/\/libreriahistoriasdebolsillo.com\/index.php\/wp-json\/wp\/v2\/product_cat?post=5037"},{"taxonomy":"product_tag","embeddable":true,"href":"https:\/\/libreriahistoriasdebolsillo.com\/index.php\/wp-json\/wp\/v2\/product_tag?post=5037"}],"curies":[{"name":"wp","href":"https:\/\/api.w.org\/{rel}","templated":true}]}}