{"id":5039,"date":"2024-07-02T15:14:44","date_gmt":"2024-07-02T21:14:44","guid":{"rendered":"https:\/\/libreriahistoriasdebolsillo.com\/?post_type=product&#038;p=5039"},"modified":"2025-10-16T14:01:57","modified_gmt":"2025-10-16T20:01:57","slug":"el-extranjero","status":"publish","type":"product","link":"https:\/\/libreriahistoriasdebolsillo.com\/index.php\/producto\/el-extranjero\/","title":{"rendered":"El extranjero"},"content":{"rendered":"<p><i>El extranjero<\/i>\u00a0narra la anodina vida de Meursault, un joven oficinista que vive en perpetua apat\u00eda. La indiferencia existencial marca sus d\u00edas, avanzando sin reaccionar a la muerte de su madre, al afecto de su amada y ni tan siquiera a un crimen que cometer\u00e1 con id\u00e9ntica desidia, incapaz de ver el alcance moral de sus actos.<\/p>\n<p>Publicada originalmente en 1942, esta novela, una de las m\u00e1s\u00a0<b>emblem\u00e1ticas<\/b>\u00a0del autor, retrata magistralmente la indolencia delhombre del siglo xx, un hombre que no encuentra su lugar, extranjero en su propio mundo. Este\u00a0<b>personaje esc\u00e9ptico<\/b>\u00a0y desapasionado, que ha abandonado su condici\u00f3n de sujeto aut\u00f3nomo, sigue siendo hoy un imprescindible\u00a0<b>referente literario y existencial<\/b>.<\/p>\n","protected":false},"excerpt":{"rendered":"<p>Albert Camus<\/p>\n<p>128 p\u00e1ginas<\/p>\n","protected":false},"featured_media":5040,"template":"","meta":{"_joinchat":[]},"product_brand":[],"product_cat":[42,51],"product_tag":[34],"class_list":{"0":"post-5039","1":"product","2":"type-product","3":"status-publish","4":"has-post-thumbnail","6":"product_cat-literatura-clasica","7":"product_cat-oferta","8":"product_tag-penguin-random-house","10":"first","11":"outofstock","12":"shipping-taxable","13":"purchasable","14":"product-type-simple"},"_links":{"self":[{"href":"https:\/\/libreriahistoriasdebolsillo.com\/index.php\/wp-json\/wp\/v2\/product\/5039","targetHints":{"allow":["GET"]}}],"collection":[{"href":"https:\/\/libreriahistoriasdebolsillo.com\/index.php\/wp-json\/wp\/v2\/product"}],"about":[{"href":"https:\/\/libreriahistoriasdebolsillo.com\/index.php\/wp-json\/wp\/v2\/types\/product"}],"wp:featuredmedia":[{"embeddable":true,"href":"https:\/\/libreriahistoriasdebolsillo.com\/index.php\/wp-json\/wp\/v2\/media\/5040"}],"wp:attachment":[{"href":"https:\/\/libreriahistoriasdebolsillo.com\/index.php\/wp-json\/wp\/v2\/media?parent=5039"}],"wp:term":[{"taxonomy":"product_brand","embeddable":true,"href":"https:\/\/libreriahistoriasdebolsillo.com\/index.php\/wp-json\/wp\/v2\/product_brand?post=5039"},{"taxonomy":"product_cat","embeddable":true,"href":"https:\/\/libreriahistoriasdebolsillo.com\/index.php\/wp-json\/wp\/v2\/product_cat?post=5039"},{"taxonomy":"product_tag","embeddable":true,"href":"https:\/\/libreriahistoriasdebolsillo.com\/index.php\/wp-json\/wp\/v2\/product_tag?post=5039"}],"curies":[{"name":"wp","href":"https:\/\/api.w.org\/{rel}","templated":true}]}}